{"id":8407,"date":"2012-02-12T10:36:36","date_gmt":"2012-02-12T09:36:36","guid":{"rendered":"http:\/\/www.luigiaccattoli.it\/blog\/?page_id=8407"},"modified":"2012-02-12T10:36:36","modified_gmt":"2012-02-12T09:36:36","slug":"giulia-gabrieli-%e2%80%9canch%e2%80%99io-prima-avevo-paura%e2%80%9d","status":"publish","type":"page","link":"http:\/\/www.luigiaccattoli.it\/blog\/cerco-fatti-di-vangelo\/7-la-vita-e-mutata-ma-non-e-tolta\/b-il-santo-e-colui-che-acconsente-alla-morte\/giulia-gabrieli-%e2%80%9canch%e2%80%99io-prima-avevo-paura%e2%80%9d\/","title":{"rendered":"Giulia Gabrieli: \u201cAnch\u2019io prima avevo paura\u201d"},"content":{"rendered":"<p><strong><br \/>\n<\/strong><\/p>\n<p>Giulia Gabrieli, una piccola donna di Bergamo ma grande per le parole di cui ebbe il dono nella breve vita, che fu di 14 estati e l\u2019ultima \u00e8 terminata il 19 agosto scorso. C\u2019era gi\u00e0 un sito per farla conoscere \u2013 realizzato da familiari e amici \u2013 intitolato <em>congiulia.com<\/em> e ora c\u2019\u00e8 un libro con tutte le parole che aveva messo per iscritto e che sono tante e belle: <em>Un gancio in mezzo al cielo<\/em>, pubblicato dalle Paoline.<\/p>\n<p>Il volumetto \u2013 messo insieme con amore e discrezione da Fabio Finazzi \u2013 ha questo attacco trascinatore: \u201c<em>Sogno di scrivere un libro per raccontare una storia. La mia storia. Perch\u00e9 anch\u2019io, prima, avevo paura. Avevo paura della malattia, avevo il terrore dell\u2019ospedale<\/em>\u201d. Leggi queste due righe e gi\u00e0 sai che \u201cpoi\u201d Giulia non ha pi\u00f9 avuto paura, ovvero ha imparato a governare la sua paura e a guardare alla paura degli altri, sperando di poterla alleviare.<\/p>\n<p>Leggi le parole \u201cperch\u00e9 anch\u2019io, prima, avevo paura\u201d e senti che Giulia \u00e8 una scrittrice nata. Ascoltiamola per un momento: \u00ab<em>Io ora so che la mia storia pu\u00f2 finire solo in due modi: o, grazie a un miracolo, con la completa guarigione, che io chiedo al Signore perch\u00e9 ho tanti progetti da realizzare. E li vorrei realizzare proprio io. Oppure incontro al Signore, che \u00e8 una bellissima cosa. Sono entrambi due bei finali<\/em>\u00bb.<\/p>\n<p>Queste parole Giulia le scrive quando la informano che il sarcoma la sta sopraffacendo. Muore nella casa dei genitori \u2013 che \u00e8 nel quartiere di San Tomaso de\u2019 Calvi, in Bergamo \u2013 e il suo vescovo, Francesco Beschi, che l\u2019ha conosciuta nella malattia, ne d\u00e0 notizia a Madrid ai mille ragazzi bergamaschi che erano l\u00e0 con lui per la Giornata della giovent\u00f9. Tornato a Bergamo il vescovo visita la famiglia e la invita a pregare cos\u00ec: \u201c<em>L\u2019eterna gioia donale Signore, splenda a lei la tua luce perpetua<\/em>\u201d.<\/p>\n<p>Il talento della scrittura comporta il dono della brevit\u00e0. \u201c<em>Io lotto per la vita, loro la buttano via<\/em>\u201d dice dei ragazzi che \u201csfidano la vita\u201d. Da vera scrittrice Giulia vuole lasciare un segno e dice proprio cos\u00ec, quando le spiegano la gravit\u00e0 della malattia: \u201c<em>Mi sono detta: io voglio lasciare un segno. Volevo che si pensasse: di qui \u00e8 passata Giulia Gabrieli<\/em>\u201d. E l\u2019ha ottenuto. Oggi noi possiamo dire, pensando alla vita nostra e di tutti: di qui \u00e8 passata Giulia.<\/p>\n<p>In questo libro ci sono i suoi appunti di diario, le lettere, le esercitazioni fatte a scuola, una divagazione sulla canzone tanto amata di Claudio Baglioni, <em>Strada facendo<\/em>: \u00e8 da essa che \u00e8 stato ricavato il titolo del volume, quando dice \u201cstrada facendo troverai anche tu un gancio in mezzo al cielo\u201d. Ci sono i propositi per il domani, se ci sar\u00e0: \u201c<em>Noi non ci rendiamo conto di quanto quello che abbiamo valga veramente. Quando le cose vengono a mancare, ti accorgi di quanto veramente sono importanti e quanto sono profonde e servono per andare avanti. Io quando sar\u00f2 guarita, se guarir\u00f2, devo fare qualcosa per i giovani che non hanno ancora conosciuto questo grande amore del Signore<\/em>\u201d.<\/p>\n<p>Confida che \u00e8 di notte che il pi\u00f9 delle volte \u2013 vegliando per il dolore \u2013 le vengono le \u201cparole giuste\u201d. Come queste: \u201c<em>L\u2019amore \u00e8 il pi\u00f9 grande sentimento, \u00e8 il pi\u00f9 grande e il pi\u00f9 bel sentimento che esista su questa terra perch\u00e9 racchiude sia gesti e anche altri sentimenti. E\u2019 tutto in uno. Tutto sta nell\u2019amore. Io faccio un pensiero d\u2019amore, faccio un gesto d\u2019amore, provo amore nel parlare, provo serenit\u00e0, provo allegria. E\u2019 come provare amore, \u00e8 tutto amore, tutto rafforza l\u2019amore, tutto porta all\u2019amore. E \u2013 guarda caso \u2013 anche Dio \u00e8 proprio, si chiama Dio Amore<\/em>\u201d.<\/p>\n<p>Credo che qui Giulia abbia detto parole degne della teologia dell\u2019amore di Joseph Ratzinger che cos\u00ec parl\u00f2 il 7 giugno 2009: \u201cDio \u00e8 tutto e solo amore, amore purissimo, infinito ed eterno (\u2026) e l\u2019essere umano porta nel proprio \u2018genoma\u2019 la traccia profonda di Dio-Amore\u201d.<\/p>\n<p>Come la vediamo nelle foto del sito memoriale che le \u00e8 stato dedicato, Giulia era bella, ridente, arguta. E\u2019 stata un dono per chiunque l\u2019abbia conosciuta e di quel dono ora possono cogliere un riflesso i visitatori del sito e i lettori del libro.<\/p>\n<p><strong>Giulia Gabrieli, Un gancio in mezzo al cielo, Paoline 2012, a cura di Fabio Finazzi. Altre notizie su Giulia Gabrieli sono nel sito <\/strong><a href=\"http:\/\/www.congiulia.com\/\"><strong>www.congiulia.com<\/strong><\/a><strong> e nel mio blog alle date 5 settembre, 14 e 17 ottobre 2011.<\/strong><\/p>\n<p><strong>[Febbraio 2012]<\/strong><\/p>\n","protected":false},"excerpt":{"rendered":"<p>Giulia Gabrieli, una piccola donna di Bergamo ma grande per le parole di cui ebbe il dono nella breve vita, che fu di 14 estati e l\u2019ultima \u00e8 terminata il&#8230;<\/p>\n<div class=\"more-link-wrapper\"><a class=\"more-link\" href=\"http:\/\/www.luigiaccattoli.it\/blog\/cerco-fatti-di-vangelo\/7-la-vita-e-mutata-ma-non-e-tolta\/b-il-santo-e-colui-che-acconsente-alla-morte\/giulia-gabrieli-%e2%80%9canch%e2%80%99io-prima-avevo-paura%e2%80%9d\/\">Read More<span class=\"screen-reader-text\">Giulia Gabrieli: \u201cAnch\u2019io prima avevo paura\u201d<\/span><\/a><\/div>\n","protected":false},"author":1,"featured_media":0,"parent":2227,"menu_order":0,"comment_status":"open","ping_status":"closed","template":"","meta":{"_monsterinsights_skip_tracking":false,"_monsterinsights_sitenote_active":false,"_monsterinsights_sitenote_note":"","_monsterinsights_sitenote_category":0,"footnotes":""},"class_list":["post-8407","page","type-page","status-publish","hentry","excerpt"],"_links":{"self":[{"href":"http:\/\/www.luigiaccattoli.it\/blog\/wp-json\/wp\/v2\/pages\/8407","targetHints":{"allow":["GET"]}}],"collection":[{"href":"http:\/\/www.luigiaccattoli.it\/blog\/wp-json\/wp\/v2\/pages"}],"about":[{"href":"http:\/\/www.luigiaccattoli.it\/blog\/wp-json\/wp\/v2\/types\/page"}],"author":[{"embeddable":true,"href":"http:\/\/www.luigiaccattoli.it\/blog\/wp-json\/wp\/v2\/users\/1"}],"replies":[{"embeddable":true,"href":"http:\/\/www.luigiaccattoli.it\/blog\/wp-json\/wp\/v2\/comments?post=8407"}],"version-history":[{"count":1,"href":"http:\/\/www.luigiaccattoli.it\/blog\/wp-json\/wp\/v2\/pages\/8407\/revisions"}],"predecessor-version":[{"id":8408,"href":"http:\/\/www.luigiaccattoli.it\/blog\/wp-json\/wp\/v2\/pages\/8407\/revisions\/8408"}],"up":[{"embeddable":true,"href":"http:\/\/www.luigiaccattoli.it\/blog\/wp-json\/wp\/v2\/pages\/2227"}],"wp:attachment":[{"href":"http:\/\/www.luigiaccattoli.it\/blog\/wp-json\/wp\/v2\/media?parent=8407"}],"curies":[{"name":"wp","href":"https:\/\/api.w.org\/{rel}","templated":true}]}}