{"id":8506,"date":"2012-02-24T18:51:50","date_gmt":"2012-02-24T17:51:50","guid":{"rendered":"http:\/\/www.luigiaccattoli.it\/blog\/?page_id=8506"},"modified":"2012-02-24T18:51:50","modified_gmt":"2012-02-24T17:51:50","slug":"lera-globale-mescola-le-fedi-sul-pianeta","status":"publish","type":"page","link":"http:\/\/www.luigiaccattoli.it\/blog\/articoli-del-corriere-della-sera\/lera-globale-mescola-le-fedi-sul-pianeta\/","title":{"rendered":"L&#8217;era globale mescola le fedi sul pianeta"},"content":{"rendered":"<p><strong>Articolo pubblicato da LA LETTURA <\/strong><\/p>\n<p><strong>supplemento domenicale del <em>Corriere della Sera<\/em><\/strong><\/p>\n<p><strong>il 19 febbraio 2012 a pagina 11 con il titolo \u201cIl meticciato \u00e8 spirituale\u201d<\/strong><\/p>\n<p>&nbsp;<\/p>\n<p>L\u2019era globale mescola le fedi sul pianeta. Migranti e rifugiati portano l\u2019islam in Europa, buddismo e induismo vanno per il mondo con le schiere sovrabbondanti dei cinesi e degli indiani, operai e colf che vengono dalle Filippine e dall\u2019India immettono il cristianesimo nell\u2019Arabia Saudita e nei Paesi del Golfo da sempre a esso refrattari. Il cristianesimo indebolito dalla secolarizzazione ma favorito da internet e dalla televisione \u2013 l\u2019islam \u00e8 ancora nemico delle immagini \u2013 penetra come lievito in ogni cultura.<\/p>\n<p>Ne viene una mescolanza delle religioni sconosciuta a ogni altra epoca. L\u2019inedito meticciato delle fedi spinger\u00e0 tutto il mondo verso il modello statunitense di tolleranza e di viva concorrenza. E\u2019 verosimile che anche il nascondimento che esse vivono oggi in Europa \u2013 proibizione di indossare simboli religiosi, loro sparizione dai \u201cluoghi pubblici\u201d, le \u201cradici cristiane\u201d che non vengono nominate \u2013 stia per finire.<\/p>\n<p>La visibilit\u00e0 della preghiera musulmana provoca quella cristiana a tornare sulla scena pubblica. Pi\u00f9 specificamente provoca il cristianesimo europeo a rifarsi missionario, se avr\u00e0 la forza di scuotersi dalla \u201cstanchezza\u201d e dal \u201ctedio\u201d, per usare le parole con le quali l\u2019ha pungolato ultimamente Papa Ratzinger che ha invece lodato la \u201cgioia\u201d espansiva dei cristiani dell\u2019Africa che sono quelli che pi\u00f9 vanno nelle chiese la domenica.<\/p>\n<p>E\u2019 verosimile che il meticciato favorir\u00e0 la diffusione di un cristianesimo non pi\u00f9 coloniale in Asia. Spinte dalla globalizzazione dell\u2019economia India e Cina allenteranno la loro avversione alle religioni \u201cstraniere\u201d. L\u2019Asia che nei secoli ha trasformato l\u2019Islam \u2013 diluendone la matrice araba \u2013 domani modificher\u00e0 il cristianesimo facendolo meno dottrinale e organizzato.<\/p>\n<p>Nel competitivo meticciato planetario che si affaccia all\u2019orizzonte la sfida per l\u2019ebraismo \u2013 che non \u00e8 una fede missionaria \u2013 potrebbe essere quella dell\u2019irrigidimento identitario. Il cristianesimo \u00e8 minacciato dalla deriva settaria: i movimenti neo-pentecostali stanno gi\u00e0 numericamente prevalendo sulle Chiese storiche. Per l\u2019Islam la prova delle prove viene dall\u2019immagine della donna che in campo aperto non sar\u00e0 pi\u00f9 velata.<\/p>\n<p><strong>Luigi Accattoli<\/strong><\/p>\n<p>www.luigiaccattoli.it<\/p>\n","protected":false},"excerpt":{"rendered":"<p>Articolo pubblicato da LA LETTURA supplemento domenicale del Corriere della Sera il 19 febbraio 2012 a pagina 11 con il titolo \u201cIl meticciato \u00e8 spirituale\u201d &nbsp; L\u2019era globale mescola le&#8230;<\/p>\n<div class=\"more-link-wrapper\"><a class=\"more-link\" href=\"http:\/\/www.luigiaccattoli.it\/blog\/articoli-del-corriere-della-sera\/lera-globale-mescola-le-fedi-sul-pianeta\/\">Read More<span class=\"screen-reader-text\">L&#8217;era globale mescola le fedi sul pianeta<\/span><\/a><\/div>\n","protected":false},"author":1,"featured_media":0,"parent":7661,"menu_order":0,"comment_status":"open","ping_status":"closed","template":"","meta":{"_monsterinsights_skip_tracking":false,"_monsterinsights_sitenote_active":false,"_monsterinsights_sitenote_note":"","_monsterinsights_sitenote_category":0,"footnotes":""},"class_list":["post-8506","page","type-page","status-publish","hentry","excerpt"],"_links":{"self":[{"href":"http:\/\/www.luigiaccattoli.it\/blog\/wp-json\/wp\/v2\/pages\/8506","targetHints":{"allow":["GET"]}}],"collection":[{"href":"http:\/\/www.luigiaccattoli.it\/blog\/wp-json\/wp\/v2\/pages"}],"about":[{"href":"http:\/\/www.luigiaccattoli.it\/blog\/wp-json\/wp\/v2\/types\/page"}],"author":[{"embeddable":true,"href":"http:\/\/www.luigiaccattoli.it\/blog\/wp-json\/wp\/v2\/users\/1"}],"replies":[{"embeddable":true,"href":"http:\/\/www.luigiaccattoli.it\/blog\/wp-json\/wp\/v2\/comments?post=8506"}],"version-history":[{"count":1,"href":"http:\/\/www.luigiaccattoli.it\/blog\/wp-json\/wp\/v2\/pages\/8506\/revisions"}],"predecessor-version":[{"id":8507,"href":"http:\/\/www.luigiaccattoli.it\/blog\/wp-json\/wp\/v2\/pages\/8506\/revisions\/8507"}],"up":[{"embeddable":true,"href":"http:\/\/www.luigiaccattoli.it\/blog\/wp-json\/wp\/v2\/pages\/7661"}],"wp:attachment":[{"href":"http:\/\/www.luigiaccattoli.it\/blog\/wp-json\/wp\/v2\/media?parent=8506"}],"curies":[{"name":"wp","href":"https:\/\/api.w.org\/{rel}","templated":true}]}}