{"id":8614,"date":"2012-03-12T22:20:56","date_gmt":"2012-03-12T21:20:56","guid":{"rendered":"http:\/\/www.luigiaccattoli.it\/blog\/?page_id=8614"},"modified":"2013-02-26T15:26:12","modified_gmt":"2013-02-26T14:26:12","slug":"norina-galavotti-e-i-suoi-74-figli","status":"publish","type":"page","link":"http:\/\/www.luigiaccattoli.it\/blog\/cerco-fatti-di-vangelo\/12-madri-e-padri-di-vocazione\/norina-galavotti-e-i-suoi-74-figli\/","title":{"rendered":"Norina Galavotti e i suoi 74 figli"},"content":{"rendered":"<p><strong><\/p>\n<p>Ho conosciuto Norina quando il Papa and\u00f2 a Nomadelfia (Grosseto), il 21 maggio del 1989 e le chiese quanti figli aveva e lei tutta emozionata rispose: \u201cSettantaquattro, Santit\u00e0\u201d e lui le disse: \u201cBrava, continua. Ti sono vicino\u201d.<\/p>\n<p><em>\u00a0<\/em><br \/>\n<em>Siamo nel 1992 e quest\u2019anno si sono sposate due delle mie figlie: Ginevra e Lucia. Sono ancora con me Anna, Franca, Antonella, Francesco e Maurizio. Io oramai finisco i 70 anni e 49 di Nomadelfia. Mi sento molto stanca. Quest\u2019anno ho avuto tanti dispiaceri, da parte dei miei figli, da farmi invecchiare tutto in un colpo; poi so\u00adno stata operata ad un occhio e l\u2019altro \u00e8 cieco.<\/em><\/p>\n<p><em>Un anno molto triste questo per me: troppi dispiaceri da parte dei miei figli. Ho solo voglia di piangere. La notte la passo sempre sveglia e pregando il Signore che mi dia forza di finire i miei giorni servendolo come ho fatto sempre.<\/em><\/p>\n<p><em>In una di queste notti ho fatto un sogno che mi ha dato tanta pace. Mi trovavo in chiesa a pregare, vedo avvicinarsi Ges\u00f9 bel\u00adlissimo, alto e vestito di bianco, una tunica fino ai piedi. Ge\u00ads\u00f9 bellissimo con due occhi grandi e dolci, i capelli, con una riga in mezzo, gli scendevano gi\u00f9 alle spalle.<\/em><\/p>\n<p><em>Sorridente mi si avvicina, si siede vicino a me e con il suo braccio sinistro mi prende il capo appoggiandolo al suo pet\u00adto, mi dice: \u201cTu non sai quanto bene ti voglio\u201d. E, con una grande calma, me lo ripet\u00e9 tre volte. In quel momento mi sentii sollevata di ogni dolore e sentii una gioia e una pace che penso sia la stessa gioia e la stessa pace che si prova in Paradiso.<\/em><\/p>\n<p><em>Poi si stacc\u00f2 e mi disse: \u201cRitorner\u00f2\u201d. Mi svegliai di col\u00adpo, per\u00f2 la pace e la serenit\u00e0 erano in me. L\u2019ansia e le preoc\u00adcupazioni erano scomparse, e mi riaddormentai. Appena ad\u00addormentata rifeci lo stesso sogno: la figura di Ges\u00f9 che scendeva, bellissimo, dall\u2019altare a compiere gli stessi gesti e dire le stesse parole e io che provavo le stesse sensazioni di gioia e di pace. Capisco ora perch\u00e9 in Paradiso scomparir\u00e0 ogni dolore e ci sar\u00e0 solo gioia. Dopo questo sogno, i problemi che avevano i miei figli si sono felicemente risolti. Ne rendo grazie a Dio.<\/em><br \/>\n&nbsp;<br \/>\n<strong>La visione di Norina Galavotti \u00e8 raccontata nell\u2019ultima pagina del suo bellissimo volume \u201cMamma a Nomadelfia. Autobiografia di una madre di 74 figli\u201d, Edizioni San Paolo, Milano 1995, pp. 158, lire 20.000. Norina muore 89nne il 7 marzo 2012. Leggo nel sito vocazioni.net che ultimamente aveva detto: \u201cHo 88 anni, vi assicuro che la mia \u00e8 stata una vita meravigliosa. Dico sempre: \u2018Signore, ti ringrazio, perch\u00e9 ho provato delle gioie che le nostre mamme che ci hanno messo al mondo non hanno mai provato\u2019. Ho versato tante lacrime: se la mia stanza avesse le sponde, ci vorrebbe la barca per entrare. Se tornassi indietro, non farei nulla di diverso da ci\u00f2 che ho fatto\u201d. <\/p>\n<p>[1995 &#8211; aggiornamento al marzo 2012]<\/strong><\/p>\n","protected":false},"excerpt":{"rendered":"<p>Ho conosciuto Norina quando il Papa and\u00f2 a Nomadelfia (Grosseto), il 21 maggio del 1989 e le chiese quanti figli aveva e lei tutta emozionata rispose: \u201cSettantaquattro, Santit\u00e0\u201d e lui&#8230;<\/p>\n<div class=\"more-link-wrapper\"><a class=\"more-link\" href=\"http:\/\/www.luigiaccattoli.it\/blog\/cerco-fatti-di-vangelo\/12-madri-e-padri-di-vocazione\/norina-galavotti-e-i-suoi-74-figli\/\">Read More<span class=\"screen-reader-text\">Norina Galavotti e i suoi 74 figli<\/span><\/a><\/div>\n","protected":false},"author":1,"featured_media":0,"parent":2120,"menu_order":0,"comment_status":"open","ping_status":"closed","template":"","meta":{"_monsterinsights_skip_tracking":false,"_monsterinsights_sitenote_active":false,"_monsterinsights_sitenote_note":"","_monsterinsights_sitenote_category":0,"footnotes":""},"class_list":["post-8614","page","type-page","status-publish","hentry","excerpt"],"_links":{"self":[{"href":"http:\/\/www.luigiaccattoli.it\/blog\/wp-json\/wp\/v2\/pages\/8614","targetHints":{"allow":["GET"]}}],"collection":[{"href":"http:\/\/www.luigiaccattoli.it\/blog\/wp-json\/wp\/v2\/pages"}],"about":[{"href":"http:\/\/www.luigiaccattoli.it\/blog\/wp-json\/wp\/v2\/types\/page"}],"author":[{"embeddable":true,"href":"http:\/\/www.luigiaccattoli.it\/blog\/wp-json\/wp\/v2\/users\/1"}],"replies":[{"embeddable":true,"href":"http:\/\/www.luigiaccattoli.it\/blog\/wp-json\/wp\/v2\/comments?post=8614"}],"version-history":[{"count":8,"href":"http:\/\/www.luigiaccattoli.it\/blog\/wp-json\/wp\/v2\/pages\/8614\/revisions"}],"predecessor-version":[{"id":10881,"href":"http:\/\/www.luigiaccattoli.it\/blog\/wp-json\/wp\/v2\/pages\/8614\/revisions\/10881"}],"up":[{"embeddable":true,"href":"http:\/\/www.luigiaccattoli.it\/blog\/wp-json\/wp\/v2\/pages\/2120"}],"wp:attachment":[{"href":"http:\/\/www.luigiaccattoli.it\/blog\/wp-json\/wp\/v2\/media?parent=8614"}],"curies":[{"name":"wp","href":"https:\/\/api.w.org\/{rel}","templated":true}]}}