{"id":8619,"date":"2012-03-12T22:35:53","date_gmt":"2012-03-12T21:35:53","guid":{"rendered":"http:\/\/www.luigiaccattoli.it\/blog\/?page_id=8619"},"modified":"2012-04-12T22:25:38","modified_gmt":"2012-04-12T20:25:38","slug":"surendra-narne-%e2%80%9cl%e2%80%99amore-per-il-prossimo-mi-ha-fatto-cristiano%e2%80%9d","status":"publish","type":"page","link":"http:\/\/www.luigiaccattoli.it\/blog\/cerco-fatti-di-vangelo\/11-il-genio-della-carita\/surendra-narne-%e2%80%9cl%e2%80%99amore-per-il-prossimo-mi-ha-fatto-cristiano%e2%80%9d\/","title":{"rendered":"Surendra Narne: \u201cL\u2019amore per il prossimo mi ha fatto cristiano\u201d"},"content":{"rendered":"<p><strong><br \/>\n<\/strong><strong><\/strong><\/p>\n<p>\u201cMi attirava al cristianesimo l\u2019amore per il prossimo. A me piaceva amare il prossimo e scoprivo che questo aveva fatto e insegnato Cristo. Nel mio cammino \u00e8 stato importante Francesco Canova con il suo collegio padovano per medici missionari (Cuamm): io non ero cristiano e lui mi ha accolto alla pari dei cristiani. Mi ha dato un esempio convincente di non discriminazione verso uno straniero appartenente ad altra religione\u201d: parla cos\u00ec Surendra Narne, 75 anni, indiano, otorinolaringoiatra, ex direttore dell\u2019Unit\u00e0 operativa di Chirurgia Endoscopica delle vie aeree all&#8217;ospedale di Padova.<\/p>\n<p><em>Sono arrivato qua nel 1956 dopo aver frequentato in India una scuola dei Gesuiti. Ero il quarto indiano a mettere piede al Cuamm e avevamo difficolt\u00e0 con la lingua. Per aiutarci il professor Canova ci invitava a casa sua e la figlia Giordana \u00e8 stata la mia prima insegnante di italiano. Si prendeva cura di noi pi\u00f9 di un padre, aveva sempre il sorriso, era sempre di buonumore. \u00a0Noi stranieri restavamo soli durante le vacanze e lui chiedeva alle famiglie amiche di ospitarci a turno.<\/em><\/p>\n<p><em>Quando gli dicevo che volevo convertirmi mi metteva in guardia: \u201cHai pensato bene? Bada che le cose non sono cos\u00ec semplici\u201d. Immaginava che io potessi venire a uno scontro con la mia famiglia induista, invece lo scontro ci fu s\u00ec con mio padre \u2013 che \u00e8 arrivato a diseredarmi \u2013 ma non per motivi religiosi, piuttosto perch\u00e9 io per tre volte rifiutai di sposare le ragazze che aveva scelto per me. Tutto questo per il suo desiderio di controllare le sorti dell\u2019eredit\u00e0. <\/em><\/p>\n<p><em>Qui all\u2019Unversit\u00e0 di Padova ho conosciuto quella che poi \u00e8 diventata mia moglie nel 1969 e mi ha dato tre figli ed \u00e8 morta di Alzheimer precoce. Per me \u00e8 stato terribile. Anche in questa circostanza il professor Canova mi \u00e8 stato di aiuto: \u201cNon perdere mai la fede, tutto si sistema se tu la manterrai\u201d mi diceva. Lui pure aveva perso la moglie ed era riuscito a restare sereno, io invece ero disperato e lui mi confortava: \u201cVedrai che lei ti aiuter\u00e0, rester\u00e0 presente nella tua vita\u201d. Io non potevo credere questo e invece ho poi sperimentato che era vero.<\/em><\/p>\n<p><em>La pagina del Vangelo che mi tocca di pi\u00f9 \u00e8 il \u201cPadre nostro\u201d, la pi\u00f9 bella preghiera che io conosca. Ma quello che massimamente ammiro nel cristianesimo \u00e8 il comandamento dell\u2019amore che spinge al cambiamento di s\u00e9 e del mondo. L\u2019induismo da cui venivo accetta le cose come stanno, non cerca il cambiamento. Devo dire per\u00f2 che l\u2019induismo \u00e8 pi\u00f9 facile a seguire rispetto al cristianesimo. Per me alcuni comandamenti risultano difficili, per esempio quello che dice \u201cnon desiderare la donna d\u2019altri\u201d. Anche \u201cnon rubare\u201d. Tra noi medici molti sono attratti dal facile guadagno ed \u00e8 una tentazione forte a motivo del bisogno in cui si trovano le persone che ci cercano. Capita dunque di essere invogliati dalle circostanze a speculare sulla salute del prossimo. Infine sono riuscito ad arginare questa tentazione: ora sono in pensione e faccio il volontario ospedaliero. Consulente gratuito si chiama la funzione che svolgo. Anche l\u2019insegnamento a non speculare sulla salute altrui mi \u00e8 venuto dal Canova. Io sono diventato cristiano &#8211; il battesimo lo ebbi nel 1959 &#8211; vivendo con la sua famiglia e con il Cuamm\u201d.<\/em><\/p>\n<p><strong>Questa conversazione si \u00e8 svolta al Cuamm di Padova l\u201911 novembre 2011, essendo io alla ricerca di testimonianze sulla figura di Francesco Canova (1908-1998).<\/strong><\/p>\n","protected":false},"excerpt":{"rendered":"<p>\u201cMi attirava al cristianesimo l\u2019amore per il prossimo. A me piaceva amare il prossimo e scoprivo che questo aveva fatto e insegnato Cristo. Nel mio cammino \u00e8 stato importante Francesco&#8230;<\/p>\n<div class=\"more-link-wrapper\"><a class=\"more-link\" href=\"http:\/\/www.luigiaccattoli.it\/blog\/cerco-fatti-di-vangelo\/11-il-genio-della-carita\/surendra-narne-%e2%80%9cl%e2%80%99amore-per-il-prossimo-mi-ha-fatto-cristiano%e2%80%9d\/\">Read More<span class=\"screen-reader-text\">Surendra Narne: \u201cL\u2019amore per il prossimo mi ha fatto cristiano\u201d<\/span><\/a><\/div>\n","protected":false},"author":1,"featured_media":0,"parent":2117,"menu_order":0,"comment_status":"open","ping_status":"closed","template":"","meta":{"_monsterinsights_skip_tracking":false,"_monsterinsights_sitenote_active":false,"_monsterinsights_sitenote_note":"","_monsterinsights_sitenote_category":0,"footnotes":""},"class_list":["post-8619","page","type-page","status-publish","hentry","excerpt"],"_links":{"self":[{"href":"http:\/\/www.luigiaccattoli.it\/blog\/wp-json\/wp\/v2\/pages\/8619","targetHints":{"allow":["GET"]}}],"collection":[{"href":"http:\/\/www.luigiaccattoli.it\/blog\/wp-json\/wp\/v2\/pages"}],"about":[{"href":"http:\/\/www.luigiaccattoli.it\/blog\/wp-json\/wp\/v2\/types\/page"}],"author":[{"embeddable":true,"href":"http:\/\/www.luigiaccattoli.it\/blog\/wp-json\/wp\/v2\/users\/1"}],"replies":[{"embeddable":true,"href":"http:\/\/www.luigiaccattoli.it\/blog\/wp-json\/wp\/v2\/comments?post=8619"}],"version-history":[{"count":3,"href":"http:\/\/www.luigiaccattoli.it\/blog\/wp-json\/wp\/v2\/pages\/8619\/revisions"}],"predecessor-version":[{"id":8780,"href":"http:\/\/www.luigiaccattoli.it\/blog\/wp-json\/wp\/v2\/pages\/8619\/revisions\/8780"}],"up":[{"embeddable":true,"href":"http:\/\/www.luigiaccattoli.it\/blog\/wp-json\/wp\/v2\/pages\/2117"}],"wp:attachment":[{"href":"http:\/\/www.luigiaccattoli.it\/blog\/wp-json\/wp\/v2\/media?parent=8619"}],"curies":[{"name":"wp","href":"https:\/\/api.w.org\/{rel}","templated":true}]}}