{"id":868,"date":"2008-10-09T21:06:21","date_gmt":"2008-10-09T20:06:21","guid":{"rendered":"http:\/\/www.luigiaccattoli.it\/blog\/?page_id=868"},"modified":"2009-10-01T13:47:02","modified_gmt":"2009-10-01T11:47:02","slug":"il-buon-samaritano-delle-donne-di-strada","status":"publish","type":"page","link":"http:\/\/www.luigiaccattoli.it\/blog\/cerco-fatti-di-vangelo\/14-dalla-droga-dall%e2%80%99aids-dalla-strada-e-da-ogni-male\/il-buon-samaritano-delle-donne-di-strada\/","title":{"rendered":"Il buon samaritano delle donne di strada"},"content":{"rendered":"<p>A Novara c\u2019\u00e8 un\u2019associazione, <em>Liberazione e speranza<\/em>, che si batte per liberare dagli sfruttatori le ragazze straniere costrette alla prostituzione: la nuova tratta delle schiave! Mi hanno invitato per una conferenza \u2013 presso la parrocchia San Francesco alla Rizzottaglia \u2013 e mi hanno regalato un libro intitolato <em>Aurora e le altre <\/em>(edizioni Interlinea, Novara 2004), scritto da Maria Adele Garavaglia, che racconta la storia di dieci donne liberate: Aurora e Stella del Benin, Sonia moldava, Joy, Sandra e Cinzia nigeriane, Flora brasiliana, Rudinia albanese, Alina romena, Oxana ucraina.<br \/>\nQualche volta ad aiutare le donne a liberarsi sono gli stessi \u201cclienti\u201d: il peccatore che si fa samaritano. Ecco un primo caso riguardante Aurora. La ragazza, portata sulla strada dalla <em>madame<\/em> che la tiene prigioniera in casa, si rifiuta di trattare con i clienti. Tratta per lei la <em>madame<\/em> che poi la getta dentro l\u2019auto di un avventore e richiude la portiera. Lei grida \u201caiuto, no prostituzione, polizia\u201d. Il malcapitato \u00ad\u2013 che \u201cera di mezz\u2019et\u00e0, espressione dura di uomo d\u2019affari, abituato a prendere decisioni rapide\u201d \u2013 le dice\u201dok, se \u00e8 quello che vuoi\u201d, fa un\u2019inversione e la porta dai carabinieri, a Borgoticino.<br \/>\nIl cliente parlotta con gli agenti, consegna loro la ragazza, se ne va salutando. Quando viene il momento del verbale, l\u2019interprete chiede al maresciallo: \u201c<em>La ragazza vorrebbe ringraziare il suo salvatore, dice che \u00e8 un angelo\u2026 va verbalizzato?<\/em>\u201d<br \/>\nNel libro non \u00e8 scritto, ma a Novara mi hanno raccontato che quel \u201ccliente\u201d \u00e8 anche andato a testimoniare in tribunale e la sua testimonianza \u00e8 stata determinante per la condanna della <em>madame<\/em>.<br \/>\nA volte la buona volont\u00e0 dei clienti non ottiene alcun effetto perch\u00e9 si risolve in consigli e prediche, o suppliche, come dice Joy: \u201cUn ragazzo, Giorgio, si era pure innamorato di lei e l\u2019aveva supplicata di togliersi dalla strada\u201d.<br \/>\nPer lo pi\u00f9 l\u2019avventore compassionevole regala del denaro. Sandra la \u201cprima volta\u201d piange tutto il tempo e poi racconta che \u201ci clienti mi hanno dato qualche soldo, senza esigere le prestazioni\u201d.<br \/>\nSempre Sandra ci informa in dettaglio sulle raccomandazioni che riceveva: \u201c<em>C\u2019era chi mi faceva la predica, c\u2019era chi mi diceva di togliermi dalla strada. La cosa pi\u00f9 sorprendente mi \u00e8 capitata quando due testimoni di Geova mi hanno detto: \u2018Fare la prostituta \u00e8 contrario alla volont\u00e0 di Dio\u2019. Accidenti se lo so, ma non ho scelto io di fare quella vita e l\u2019avrei lasciata volentieri, se qualcuno mi avesse aiutato<\/em>\u201d.<br \/>\nQualche volta \u00e8 il cliente che salva la ragazza dalle grinfie dei magnaccia, ma pi\u00f9 spesso sono dei passanti, o i volontari dell\u2019associazione di salvataggio, o loro amici.<br \/>\nAlina per esempio viene accolta da un piccolo imprenditore, al quale \u00e8 stata indirizzata da un cugino che si chiama Apostulu, che aveva lavorato nella fabbrica di colui: \u201cAlina lo guard\u00f2 e vide un\u2019espressione buona sul faccione dell\u2019uomo dalla testa pelata. Cos\u00ec si mise a piangere definitivamente, per sollievo\u201d.<br \/>\nEcco invece due ragazzi che si imbattono per caso nella pecora smarrita e se la mettono sulle spalle:<br \/>\n<em>Qualcuno le si avvicina. \u201cSi sente male? Possiamo fare qualcosa per lei?\u201d E\u2019 un giovane, accanto a lui una ragazza le sorride: \u201cPossiamo aiutarla?\u201d<\/em><br \/>\n<em>\u201cIo\u2026 aiuto, aiuto\u2026 io\u2026 no prostituzione, no!\u201d<\/em><br \/>\n<em>\u201cVenga con noi\u201d la sollecita la ragazza. \u201cNon abbia paura, forse possiamo darle una mano\u201d. La guidano verso la loro auto e ben presto arrivano a un condominio dove hanno una mansarda.<\/em><br \/>\n<em>\u201cEcco si potr\u00e0 fermare qui per questa notte. Domani la metteremo in contatto con un\u2019associazione\u201d.<\/em><br \/>\nIl racconto di Rudinia merita di essere riportato per esteso:<br \/>\n<em>\u201cStai piangendo, stai male?\u201d le chiese l\u2019uomo, un cliente pi\u00f9 gentile degli altri.<\/em><br \/>\n<em>\u201cPiango? Non me ne sono accorta. Sono cos\u00ec stanca\u2026 di tutto!\u201d<\/em><br \/>\n<em>\u201cHo capito\u201d, interruppe l\u2019uomo, \u201csei stata ingannata e ora non trovi il modo di uscire dal giro! Beh, adesso vedo che cosa posso fare\u201d<\/em><br \/>\n<em>\u201cPerch\u00e9 mi vuoi aiutare?\u201d Chiese Rudinia diffidente.<\/em><br \/>\n<em>\u201cMi dispiace che le ragazze finiscano male per colpa dei delinquenti che le sfruttano. A domani, stai all\u2019erta, ci vediamo\u201d.<\/em><br \/>\n<em>Altre volte a Rudinia erano capitati clienti che si erano interessati a lei, ma la seconda volta si erano comportati esattamente come sempre, come tutti gli altri. Non si stup\u00ec quindi di rivederlo la sera successiva. Stava per salire in auto, rassegnata, quando quello la ferm\u00f2: \u201cNo, resta gi\u00f9. Prendi questi soldi e tienti pronta per domani sera. Ti faccio scappare, se vuoi. Passer\u00f2 io verso le 11 a prenderti. Ti porter\u00f2 lontano da Torino. Ciao\u201d.<\/em><br \/>\n<em>La sera dopo attese col cuore in gola. L\u2019uomo arriv\u00f2 a mezzanotte, la caric\u00f2 senza dir nulla e guid\u00f2 in silenzio sino a Borgomanero, dove la deposit\u00f2 in un albergo.<\/em><br \/>\n<em>\u201cEcco, buona fortuna. Di pi\u00f9 non posso fare. Ho una moglie io. Fa\u2019 in modo che non sappia che ti ho aiutato\u201d le disse in fretta e ripart\u00ec.<\/em><br \/>\nAnche il samaritano della parabola porta il ferito in una locanda e paga l\u2019oste per lui. Il personaggio inventato da Ges\u00f9 promette di tornare, il nostro invece non pu\u00f2 tornare perch\u00e9 \u00e8 ammogliato, ma la sua carit\u00e0 la fa per intero.<br \/>\nSe buon samaritano \u00e8 il soccorritore occasionale, lo \u00e8 due volte chi organizza il soccorso. Andrea Lebra, presidente dell\u2019associazione <em>Liberazione e speranza<\/em>, viene a prendermi alla stazione e mi riaccompagna la mattina dopo raccontandomi l\u2019ultima \u201cstoria\u201d, che ha ancora tra le mani e che riguarda una ragazzina di sedici anni: \u201cSedici anni e quattro mesi!\u201d mi dice inorridito.<br \/>\nLebra mi racconta che tre anni addietro l\u2019associazione distribu\u00ec alcune centinaia di copie di una <em>Lettera aperta al cliente responsabile<\/em>, che invitava a prestare attenzione alla condizione delle ragazze, con la conclusione \u201cse ti accorgi che non \u00e8 libera, aiutala a liberarsi\u201d. Dice che sono tanti i casi di collaborazione e stima in circa 150 le ragazze liberate dall\u2019associazione in sei anni.<br \/>\nGli chiedo infine se nell\u2019associazione ci sono amici di Padre Pio: dice che \u201cce ne sono almeno tre generosissimi, che ogni anno vanno a San Giovanni Rotondo\u201d e mi indica una piazzetta dove gli abitanti hanno voluto una statua del frate con le stimmate e dove chiamano il parroco a celebrare una o due volte l\u2019anno.<br \/>\n<strong> <\/strong><br \/>\n<strong>Luigi Accattoli<\/strong><br \/>\nDa<em> La Voce di Padre Pio<\/em> 7-8\/2006<\/p>\n","protected":false},"excerpt":{"rendered":"<p>A Novara c\u2019\u00e8 un\u2019associazione, Liberazione e speranza, che si batte per liberare dagli sfruttatori le ragazze straniere costrette alla prostituzione: la nuova tratta delle schiave! Mi hanno invitato per una&#8230;<\/p>\n<div class=\"more-link-wrapper\"><a class=\"more-link\" href=\"http:\/\/www.luigiaccattoli.it\/blog\/cerco-fatti-di-vangelo\/14-dalla-droga-dall%e2%80%99aids-dalla-strada-e-da-ogni-male\/il-buon-samaritano-delle-donne-di-strada\/\">Read More<span class=\"screen-reader-text\">Il buon samaritano delle donne di strada<\/span><\/a><\/div>\n","protected":false},"author":1,"featured_media":0,"parent":2126,"menu_order":0,"comment_status":"open","ping_status":"closed","template":"","meta":{"_monsterinsights_skip_tracking":false,"_monsterinsights_sitenote_active":false,"_monsterinsights_sitenote_note":"","_monsterinsights_sitenote_category":0,"footnotes":""},"class_list":["post-868","page","type-page","status-publish","hentry","excerpt"],"_links":{"self":[{"href":"http:\/\/www.luigiaccattoli.it\/blog\/wp-json\/wp\/v2\/pages\/868","targetHints":{"allow":["GET"]}}],"collection":[{"href":"http:\/\/www.luigiaccattoli.it\/blog\/wp-json\/wp\/v2\/pages"}],"about":[{"href":"http:\/\/www.luigiaccattoli.it\/blog\/wp-json\/wp\/v2\/types\/page"}],"author":[{"embeddable":true,"href":"http:\/\/www.luigiaccattoli.it\/blog\/wp-json\/wp\/v2\/users\/1"}],"replies":[{"embeddable":true,"href":"http:\/\/www.luigiaccattoli.it\/blog\/wp-json\/wp\/v2\/comments?post=868"}],"version-history":[{"count":1,"href":"http:\/\/www.luigiaccattoli.it\/blog\/wp-json\/wp\/v2\/pages\/868\/revisions"}],"predecessor-version":[{"id":2182,"href":"http:\/\/www.luigiaccattoli.it\/blog\/wp-json\/wp\/v2\/pages\/868\/revisions\/2182"}],"up":[{"embeddable":true,"href":"http:\/\/www.luigiaccattoli.it\/blog\/wp-json\/wp\/v2\/pages\/2126"}],"wp:attachment":[{"href":"http:\/\/www.luigiaccattoli.it\/blog\/wp-json\/wp\/v2\/media?parent=868"}],"curies":[{"name":"wp","href":"https:\/\/api.w.org\/{rel}","templated":true}]}}