{"id":8711,"date":"2012-03-29T14:55:44","date_gmt":"2012-03-29T12:55:44","guid":{"rendered":"http:\/\/www.luigiaccattoli.it\/blog\/?page_id=8711"},"modified":"2012-03-29T14:55:44","modified_gmt":"2012-03-29T12:55:44","slug":"premessa-2","status":"publish","type":"page","link":"http:\/\/www.luigiaccattoli.it\/blog\/antologia-delle-pubblicazioni-2\/premessa-2\/","title":{"rendered":"Premessa"},"content":{"rendered":"<p><strong><br \/>\n<\/strong><\/p>\n<p><strong>Un\u2019indagine coinvolgente e aperta a tutti<\/strong><\/p>\n<p>Questo \u00e8 il terzo volume che pubblico con il titolo <em>Cerco fatti di Vangelo<\/em>. Il primo apparve nel 1995 con la SEI editrice, il secondo nel 2011 con la EDB con la quale ho concordato di continuare la mia inchiesta finch\u00e8 essa incontrer\u00e0 il favore del pubblico. Il primo volume raccontava 224 storie, il secondo 139, questo ne ha 135: un totale di 498 avventure cristiane nell\u2019Italia di oggi. Sono sempre fatti di oggi, tutti italiani, narrati in breve \u2013 mediamente uno per pagina \u2013 e con referenze documentali esplicite.<\/p>\n<p>Nel lungo intervallo tra il primo e il secondo volume della serie, ho condotto altre inchieste sfociate in volumi con rapide narrazioni: <em>Cento preghiere italiane di fine millennio<\/em> (La Locusta 1996),<em> Nuovi martiri. 393 storie cristiane nell\u2019Italia di oggi<\/em> (San Paolo 2000), <em>Islam. Storie italiane di buona convivenza<\/em> (EDB 2004). Nell\u2019insieme fino a oggi ho narrato oltre 1200 storie di vita.<\/p>\n<p>Per fatti di Vangelo intendo le testimonianze cristiane pi\u00f9 radicali e disinteressate, direttamente ispirate alle beatitudini e all\u2019esempio di Ges\u00f9: la fede pagata con la vita, ogni forma di misericordia fino alle adozioni difficili e al dono del proprio corpo nei trapianti, la povert\u00e0 scelta o accolta, la sofferenza redenta dalla grazia, l\u2019amore senza motivo e quello per i nemici, l\u2019accettazione della morte nella speranza della risurrezione, la riscoperta della preghiera pubblica.<\/p>\n<p>E\u2019 attraverso tali fatti che i cristiani d\u2019Italia lungo gli ultimi decenni hanno saputo attestare in forme nuove la fede di sempre e hanno dato risposte creative a incredibili esplosioni di violenza, alle solitudini metropolitane, alla crisi sociale della famiglia, all\u2019arrivo tra noi di altre genti, alla droga e all\u2019Aids, a ogni nuova paura della morte.<\/p>\n<p>L\u2019esperienza di giornalista \u2013 prima alla <em>Repubblica<\/em>, poi al <em>Corriere della Sera<\/em> e oggi come moderatore di un blog \u2013 mi ha permesso di cogliere, attraverso i terminali della professione, innumerevoli segni cristiani che nessuno narrava, misconosciuti non solo nel mercato dei media ma persino nella comunit\u00e0 della Chiesa. Dalla percezione di questa inavvertenza \u00e8 venuta la decisione di dedicarmi all\u2019impresa di dare dignit\u00e0 di notizia al bene che venivo scoprendo.<\/p>\n<p>I capitoli di questo volume, come gi\u00e0 quelli dei precedenti, mirano a ordinare secondo alcune ampie categorie le storie collezionate:<\/p>\n<ul>\n<li>cristiani che negli ultimi decenni sono morti a centinaia nella missione alle genti, per salvare gli ebrei dalla persecuzione nazista, per la giustizia e la dignit\u00e0 dell\u2019uomo e della donna;<\/li>\n<li>persone che dichiarano di perdonare gli uccisori dei parenti;<\/li>\n<li>uomini e donne che si \u201caddormentano nella speranza della resurrezione\u201d, che cio\u00e8 accettano la malattia, la vecchiaia e la morte fidando nella promessa del Signore;<\/li>\n<li>tra questi i malati di aids che compiono un cammino di conversione e muoiono santamente (vi sono casi in ogni nostra citt\u00e0);<\/li>\n<li>portatori di menomazioni che reagiscono a esse e le vincono e si mettono al servizio dei fratelli meno fortunati e lo fanno nel nome del Signore;<\/li>\n<li>innumerevoli cristiani che si dedicano \u2013 nella quotidianit\u00e0 \u2013 al servizio del prossimo, a missioni di pace, al soccorso dei poveri in ogni parte del mondo;<\/li>\n<li>coppie che adottano bimbi menomati per amarli due volte; o realizzano \u201ccase aperte\u201d e \u201ccase famiglia\u201d per dare un focolare a chi non ce l\u2019ha;<\/li>\n<li>sposi e genitori \u2013 sempre pi\u00f9 numerosi \u2013 che partono per attivit\u00e0 missionarie, a volte portando con loro i figli;<\/li>\n<li>consacrati e cristiani comuni che vivono particolari esperienze di attestazione della fede nella vita pubblica, facendosi pellegrini, eremiti lontani dal mondo e oranti in mezzo a esso.<\/li>\n<\/ul>\n<p>Porre fatti di Vangelo \u00e8 \u2013 oggi come sempre \u2013 la prima e fondamentale via dell\u2019evangelizzazione. Narrarli fuori del loro ambiente contribuisce a valorizzarne l\u2019efficacia. Essi costituiscono un segno eloquente e non infrequente dell\u2019amore di Dio nel mondo d\u2019oggi e ci forniscono la riprova che la testimonianza viva della fede incrocia la nostra epoca. Agiscono da contravveleno per ogni scoraggiamento di fronte al peccato dei credenti e riconciliano tra loro le diverse componenti ecclesiali. Raccoglierli e farli girare \u00e8 di aiuto alla crescita di una pedagogia testimoniale.<\/p>\n<p>Lo sviluppo di questa pedagogia potrebbe favorire l\u2019acquisizione \u2013 nella Chiesa \u2013 di un linguaggio meno di scuola e meglio aderente alla vita. Incoraggerebbe a mettere in onore la narrazione della fede e a preferirla al conflitto delle interpretazioni che accentua la divisione nelle comunit\u00e0. Aiuterebbe a dare attenzione al vissuto dei credenti e dei giusti che operano nello stesso contesto e a mostrare come vi possano essere tra loro creativi punti di contatto e una reciproca attrazione al bene.<\/p>\n<p>Tra i protagonisti di questo volume \u2013 come dei precedenti \u2013 c\u2019\u00e8 qualche nome famoso ma per lo pi\u00f9 si tratta di cristiani comuni senza alcuna notoriet\u00e0 e di santi che restano sconosciuti anche a se stessi. Invito i lettori a unirsi alla mia indagine e a segnalarmi casi di loro conoscenza: i fatti di Vangelo abbondano \u201covunque due o tre si riuniscono nel mio nome\u201d.<\/p>\n<p><strong>Luigi Accattoli<\/strong><\/p>\n<p>www.luigiaccattoli.it<\/p>\n<p>&nbsp;<\/p>\n<p><strong><em>Per collaborare all\u2019indagine<\/em><\/strong><em>. Chi volesse segnalarmi fatti simili a quelli qui narrati, pu\u00f2 farlo con la posta elettronica o con la posta ordinaria. Per questa l\u2019indirizzo \u00e8 <\/em>Via di Santa Maria Maggiore 112 \u2013 00184 ROMA<em>. L\u2019indirizzo e-mail \u00e8 <\/em>luigi.accattoli@gmail.com<em>. Qui sopra, sotto la mia firma, \u00e8 segnato l\u2019indirizzo del mio blog, visitando il quale si pu\u00f2 accedere a una \u201cpagina\u201d intitolata \u201cCerco fatti di Vangelo\u201d, elencata sotto la mia foto, che costituisce il laboratorio in cui ho preparato questo volume e nel quale ne vengo predisponendo altri. <\/em><\/p>\n<p><em>Le storie di questo volume sono tutte nuove rispetto a quelle dei volumi del 1995 \u2013 che fu il primo con il titolo <\/em>Cerco fatti di Vangelo (Sei Editore) \u2013 e del 2001, Cerco fatti di Vangelo 2 (EDB)<em>. Alcune delle storie presenti qui, circa una su cinque, erano apparse \u2013 in una redazione pi\u00f9 ampia e meno aggiornata \u2013 in qualcuna delle riviste alle quali collaboro o collaboravo: <\/em>L\u2019Eco di San Gabriele<em>, <\/em>La Voce di Padre Pio<em>,<\/em> Il Regno<em>. Ringrazio i loro responsabili per l\u2019autorizzazione a riprendere quei materiali.<\/em><\/p>\n<p>&nbsp;<\/p>\n","protected":false},"excerpt":{"rendered":"<p>Un\u2019indagine coinvolgente e aperta a tutti Questo \u00e8 il terzo volume che pubblico con il titolo Cerco fatti di Vangelo. Il primo apparve nel 1995 con la SEI editrice, il&#8230;<\/p>\n<div class=\"more-link-wrapper\"><a class=\"more-link\" href=\"http:\/\/www.luigiaccattoli.it\/blog\/antologia-delle-pubblicazioni-2\/premessa-2\/\">Read More<span class=\"screen-reader-text\">Premessa<\/span><\/a><\/div>\n","protected":false},"author":1,"featured_media":0,"parent":56,"menu_order":0,"comment_status":"open","ping_status":"closed","template":"","meta":{"_monsterinsights_skip_tracking":false,"_monsterinsights_sitenote_active":false,"_monsterinsights_sitenote_note":"","_monsterinsights_sitenote_category":0,"footnotes":""},"class_list":["post-8711","page","type-page","status-publish","hentry","excerpt"],"_links":{"self":[{"href":"http:\/\/www.luigiaccattoli.it\/blog\/wp-json\/wp\/v2\/pages\/8711","targetHints":{"allow":["GET"]}}],"collection":[{"href":"http:\/\/www.luigiaccattoli.it\/blog\/wp-json\/wp\/v2\/pages"}],"about":[{"href":"http:\/\/www.luigiaccattoli.it\/blog\/wp-json\/wp\/v2\/types\/page"}],"author":[{"embeddable":true,"href":"http:\/\/www.luigiaccattoli.it\/blog\/wp-json\/wp\/v2\/users\/1"}],"replies":[{"embeddable":true,"href":"http:\/\/www.luigiaccattoli.it\/blog\/wp-json\/wp\/v2\/comments?post=8711"}],"version-history":[{"count":1,"href":"http:\/\/www.luigiaccattoli.it\/blog\/wp-json\/wp\/v2\/pages\/8711\/revisions"}],"predecessor-version":[{"id":8712,"href":"http:\/\/www.luigiaccattoli.it\/blog\/wp-json\/wp\/v2\/pages\/8711\/revisions\/8712"}],"up":[{"embeddable":true,"href":"http:\/\/www.luigiaccattoli.it\/blog\/wp-json\/wp\/v2\/pages\/56"}],"wp:attachment":[{"href":"http:\/\/www.luigiaccattoli.it\/blog\/wp-json\/wp\/v2\/media?parent=8711"}],"curies":[{"name":"wp","href":"https:\/\/api.w.org\/{rel}","templated":true}]}}