{"id":886,"date":"2008-10-14T21:39:17","date_gmt":"2008-10-14T20:39:17","guid":{"rendered":"http:\/\/www.luigiaccattoli.it\/blog\/?page_id=886"},"modified":"2010-11-21T21:22:30","modified_gmt":"2010-11-21T21:22:30","slug":"un-giornale-in-vaticano","status":"publish","type":"page","link":"http:\/\/www.luigiaccattoli.it\/blog\/interviste\/benedetto-i-media-e-la-lectio-di-ratisbona\/un-giornale-in-vaticano\/","title":{"rendered":"Un giornale in Vaticano"},"content":{"rendered":"<p><strong>La sfida della comunicazione<\/strong><br \/>\n<strong> <\/strong><br \/>\n<strong>Libreria Dehoniana di via della Conciliazione 37<\/strong><br \/>\n<strong>29 gennaio 2008<\/strong><\/p>\n<p>La nuova direzione dell\u2019<em>Osservatore romano<\/em> si \u00e8 insediata il 27 ottobre 2007.<br \/>\nAbbiamo potuto osservare bene il nuovo giornale lungo questi tre mesi. Si tratta in effetti di un giornale nuovo. Pi\u00f9 sobrio nella grafica, con meno pagine e meno foto, non ha pi\u00f9 le \u00abtestatine\u00bb dedicate a Roma e all\u2019Italia, pubblica molti contributi culturali e interviste e articoli sul fatto ecclesiale del giorno.<br \/>\nPer esempio intervista il vescovo Bregantini il giorno del suo trasferimento da Locri-Gerace a Campobasso. Abbiamo visto interviste al segretario generale del CEC Samuel Kobia, al metropolita della Chiesa ortodossa russa Kirill, al cardinale Ruini in prossimit\u00e0 dell\u2019angelus di solidariet\u00e0 con Benedetto XVI da lui promosso, al cardinale Angelo Bagnasco subito dopo.<br \/>\nAbbiamo visto interviste informative ai capidicastero e ad altre figure ecclesiali ed ecumeniche. Il giorno della nomina del relatore generale e del segretario speciale del Sinodo dei vescovi, vengono proposte due interviste.<br \/>\nTra le novit\u00e0 anche l\u2019apertura alla collaborazione delle donne. Gi\u00e0 il primo giorno era ospitato un lungo articolo di Maria Encarnaci\u00f3n Gonzalez, direttrice dell&#8217; Ufficio delle Cause dei santi della Chiesa di Spagna (si era alla vigilia della beatificazione di 498 martiri della guerra civile).<br \/>\nNell\u2019edizione dell\u201911 ottobre compare un primo articolo della studiosa ebrea Anna Foa, docente di Storia alla Sapienza: s\u2019intitola \u00abI tortuosi percorsi della memoria\u00bb ed \u00e8 una recensione del libro \u00abBrutti ricordi\u00bb, contenente saggi di vari autori (Ephraim Kleim, Anita Shapira, Pierre Vidal-Naquet) sulle espulsioni forzate dei palestinesi dal territorio di Israele nel 1948-1949 (Abbiamo ritrovato Anna Foa il 13 gennaio in prima pagina con un\u2019opinione sul \u201cmancato bombardamento\u201d di Auschwitz da parte degli alleati). Lo stesso numero dell\u2019OR ospitava un altro articolo della giurista Patrizia Clementi sui presunti privilegi economici e fiscali della Chiesa cattolica in Italia.<br \/>\nIn altri giorni si sono viste le firme di Lucetta Scaraffia, Sandra Isetta, Maria Maggi, Irene Iarocci. E&#8217; stata pubblicata una recensione dell\u2019ultimo lavoro della poetessa milanese Alda Merini, \u00abCanto di una creatura\u00bb (editore Frassinelli).<br \/>\nQuanto alle presenze non cattoliche, abbiamo letto ultimamente un testo di Giorgio Israel \u2013 ebreo e docente alla Sapienza \u2013 intitolato \u201cQuando Ratzinger difese Galileo alla Sapienza\u201d. Sempre in zona di frontiera: avete sdoganato Harry Potter, addirittura con un richiamo in prima pagina (14-15 gennaio).<br \/>\nIl direttore Vian e il vicedirettore Carlo Di Cicco prevedono di potenziare il sito Internet del quotidiano, di ridurre il formato dell\u2019edizione cartacea, di assumere dei redattori donna, di ampliare la rosa dei collaboratori alla \u00abmigliore intellighenzia cattolica del mondo\u00bb.<br \/>\nL\u2019ottica &#8211; precisa Vian &#8211; non sar\u00e0 mai esclusivamente cattolica: \u00abCome si vede dal libro recensito da Anna Foa, ci interessano anche i problemi del mondo, non solo quelli della Chiesa\u00bb.<\/p>\n<p>1) Iniziamo dalle piccole domande. L\u2019OR esce il pomeriggio con la data del giorno dopo: dal momento che fate tante innovazioni, non potreste unificare uscita e data? E perch\u00e9 non uscite come tutti la mattina? Anche il Corriere della sera una volta usciva di sera\u2026<\/p>\n<p>2) Domanda cattiva: mantenendo l\u2019uscita al pomeriggio non tendete piuttosto a confermarvi come giornale per i giornali e non per il pubblico? \u201cIl quotidiano meno letto e pi\u00f9 citato\u201d come si usava dire\u2026<\/p>\n<p>3) Possiamo dire qualcosa sulla grafica e il formato? Che progetto avete? Questa grafica pi\u00f9 sobria non \u00e8 troppo audace nella sua austerit\u00e0? Fate un giornale pi\u00f9 vivace ma il suo aspetto \u00e8 pi\u00f9 fermo rispetto a prima. E il colore? Ormai tutti i giornali lo usano in tutte le pagine\u2026<\/p>\n<p>4) Il Sito internet? Il Vaticano sta vivendo una stagione creativa a questo livello. Il Consiglio per la cultura del vulcanico arcivescovo Gianfranco Ravasi e il Consiglio per le Comunicazioni sociali stanno progettando grandi cose. Voi che farete? Vedremo un giornale on line oltre a quello cartaceo?<\/p>\n<p>5) Una \u201cpresenza in rete reale ed efficace\u201d \u2013 quale hai preannunciato \u2013 costa , specie se dev\u2019essere creata dal nulla, a meno di ricorrere agli sponsors \u2013 ma mi pare che le autorit\u00e0 vaticane escludano questo ricorso \u2013 cos\u00ec almeno \u00e8 stato detto ai due Consigli citati prima. Con i costi, come andiamo? Rilancio dell\u2019OR vuol dire anche investimento. C\u2019\u00e8 questo investimento?<\/p>\n<p>6) Possiamo dire qualcosa sulla diffusione, argomento da sempre per pietose bugie? C\u2019\u00e8 qualche segno di ripresa? Il cardinale Tarcisio Bertone ha suggerito ai cardinali \u2013 in occasione del Concistoro straordinario del 23 novembre \u2013 di leggere l\u2019OR. Avete riscontri sull\u2019audience, sia in basso sia in alto?<\/p>\n<p>7) \u201cCinque bambini ugandesi adottati dall\u2019OR\u201d: i fondi della vendita del giornale in piazza San Pietro durante le festivit\u00e0 natalizie donati all\u2019 \u201dAssociazione volontari servizio internazionale\u201d. Uno immagina che siano stati quattro soldi \u2013 e che idea \u00e8 questa della diffusione militante?<\/p>\n<p>8) L\u20198 novembre direttore e vice-direttore siete stati a pranzo dal papa, che in vostro onore \u2013 abbiamo saputo da Sandro Magister \u2013 ha bevuto con voi un bicchierino di Porto. Ci puoi dire altro? Che pensa il papa del vostro lavoro?<\/p>\n<p>9) Un giornale non \u00e8 un giornale se non informa. E\u2019 scomparsa l\u2019informazione encomiastica, amicale, cortense \u2013 ed \u00e8 aumentata, o \u00e8 entrata la grande informazione: vaticana, ecumenica, culturale, internazionale. C\u2019\u00e8 stata qualche resistenza ambientale a questo tsunami?<\/p>\n<p>10) Termino con una domanda sul mondo. Io per professione sfoglio tutti i giorni l\u2019OR \u2013 \u201cE\u2019 ovvio\u201d, si dir\u00e0; ma sta di fatto che ultimamente non lo facevo pi\u00f9. Oltre a ci\u00f2 che mi serve \u2013 le interviste e qualche articolo sull\u2019argomento del giorno \u2013 apprezzo i testi della sezione culturale e le notizie sui mali del mondo. Oggi trovo: <em>La violenza dilaga nell\u2019Ovest del Kenya. Anche un sacerdote tra le persone uccise, Domenica di sangue a Beirut. Morti otto manifestanti, Medici stranieri uccisi in Somalia, Ragazzi usati per commettere attentati in Iraq, I bambini di una scuola in Pakistan per ore in ostaggio di fondamentalisti,  Oltre trentamila senzatetto per il maltempo in Bolivia, Ondata di freddo con 25 morti nel sud della Cina<\/em>. I mali del mondo nei media commerciali di oggi o diventano spettacolo o vengono ignorati. Qui invece abbiamo una collatio quotidiana di questi mali proposti alla meditazione dei lettori \u2013 scelti, io immagino, con l\u2019occhio di chi intende porsi a samaritano del mondo. Ci vedo la sensibilit\u00e0 internazionale e cristiana di Carlo Di Cicco, che tendo a immaginare come fautore di questa cernita. La domanda: oggi quel lavoro si basa sui servizi delle agenzie internazionali \u2013 per domani avete dei progetti \u2013 ci sar\u00e0 uno sviluppo?<\/p>\n","protected":false},"excerpt":{"rendered":"<p>La sfida della comunicazione Libreria Dehoniana di via della Conciliazione 37 29 gennaio 2008 La nuova direzione dell\u2019Osservatore romano si \u00e8 insediata il 27 ottobre 2007. Abbiamo potuto osservare bene&#8230;<\/p>\n<div class=\"more-link-wrapper\"><a class=\"more-link\" href=\"http:\/\/www.luigiaccattoli.it\/blog\/interviste\/benedetto-i-media-e-la-lectio-di-ratisbona\/un-giornale-in-vaticano\/\">Read More<span class=\"screen-reader-text\">Un giornale in Vaticano<\/span><\/a><\/div>\n","protected":false},"author":1,"featured_media":0,"parent":659,"menu_order":0,"comment_status":"open","ping_status":"closed","template":"","meta":{"_monsterinsights_skip_tracking":false,"_monsterinsights_sitenote_active":false,"_monsterinsights_sitenote_note":"","_monsterinsights_sitenote_category":0,"footnotes":""},"class_list":["post-886","page","type-page","status-publish","hentry","excerpt"],"_links":{"self":[{"href":"http:\/\/www.luigiaccattoli.it\/blog\/wp-json\/wp\/v2\/pages\/886","targetHints":{"allow":["GET"]}}],"collection":[{"href":"http:\/\/www.luigiaccattoli.it\/blog\/wp-json\/wp\/v2\/pages"}],"about":[{"href":"http:\/\/www.luigiaccattoli.it\/blog\/wp-json\/wp\/v2\/types\/page"}],"author":[{"embeddable":true,"href":"http:\/\/www.luigiaccattoli.it\/blog\/wp-json\/wp\/v2\/users\/1"}],"replies":[{"embeddable":true,"href":"http:\/\/www.luigiaccattoli.it\/blog\/wp-json\/wp\/v2\/comments?post=886"}],"version-history":[{"count":1,"href":"http:\/\/www.luigiaccattoli.it\/blog\/wp-json\/wp\/v2\/pages\/886\/revisions"}],"predecessor-version":[{"id":5689,"href":"http:\/\/www.luigiaccattoli.it\/blog\/wp-json\/wp\/v2\/pages\/886\/revisions\/5689"}],"up":[{"embeddable":true,"href":"http:\/\/www.luigiaccattoli.it\/blog\/wp-json\/wp\/v2\/pages\/659"}],"wp:attachment":[{"href":"http:\/\/www.luigiaccattoli.it\/blog\/wp-json\/wp\/v2\/media?parent=886"}],"curies":[{"name":"wp","href":"https:\/\/api.w.org\/{rel}","templated":true}]}}