{"id":8946,"date":"2012-05-16T23:50:20","date_gmt":"2012-05-16T21:50:20","guid":{"rendered":"http:\/\/www.luigiaccattoli.it\/blog\/?page_id=8946"},"modified":"2012-05-16T23:50:20","modified_gmt":"2012-05-16T21:50:20","slug":"lefebvriani-lo-scisma-nello-scisma","status":"publish","type":"page","link":"http:\/\/www.luigiaccattoli.it\/blog\/articoli-di-liberal\/lefebvriani-lo-scisma-nello-scisma\/","title":{"rendered":"Lefebvriani: lo scisma nello scisma"},"content":{"rendered":"<p><em><span style=\"color: #000000;\"><span style=\"font-family: Times New Roman,serif;\"><span style=\"font-size: medium;\"><strong><br \/>\n<\/strong><\/span><\/span><\/span><\/em><\/p>\n<p><em><span style=\"color: #000000;\"><span style=\"font-family: Times New Roman,serif;\"><span style=\"font-size: medium;\">Pressioni sul superiore della Fraternit\u00e0 perch\u00e9 non firmi l\u2019accordo con il Papa<\/span><\/span><\/span><\/em><\/p>\n<p><em><span style=\"color: #000000;\"><span style=\"font-family: Times New Roman,serif;\"><span style=\"font-size: medium;\">Articolo pubblicato da LIBERAL del 15 maggio 2012 alle pagine 14 e 15 con il titolo \u201cLo scisma nello scisma\u201d<\/span><\/span><\/span><\/em><em><\/em><\/p>\n<p><em><span style=\"color: #000000;\"><span style=\"font-family: Times New Roman,serif;\"><span style=\"font-size: medium;\">Non c\u2019\u00e8 Curia di preti senza corvi: \u00e8 appena cessato \u2013 forse \u2013 lo strid\u00eco di quelli vaticani ed ecco levarsene un altro dai cugini ancora pi\u00f9 neri di Ec\u00f4ne (Svizzera), dov\u2019\u00e8 la Curia dei seguaci di Lefebvre. A finire sui media, stavolta, \u00e8 uno scambio di lettere tra i tre vescovi tradizionalisti che contestano l\u2019accordo con il Papa \u2013 dato per imminente \u2013 e il vescovo \u201csuperiore\u201d della Fraternit\u00e0 che a quell\u2019impresa sta lavorando. I tre vogliono far fallire l\u2019intesa ed \u00e8 accorso a dargli manforte il superiore del Distretto francese della Fraternit\u00e0, che \u00e8 il pi\u00f9 organizzato. <\/span><\/span><\/span><\/em><\/p>\n<p><em><span style=\"color: #000000;\"><span style=\"font-family: Times New Roman,serif;\"><span style=\"font-size: medium;\">La sfida \u00e8 violenta e di giorno in giorno viene assumendo le sembianze di una guerra intestina che porter\u00e0 o al fallimento delle trattative per il \u201crientro\u201d nella piena comunione, o a uno scisma nello scisma: cio\u00e8 al distacco degli irriducibili dalla componente \u2013 probabilmente maggioritaria \u2013 che rientra nei ranghi. La rottura della Fraternit\u00e0 \u00e8 al momento la prospettiva pi\u00f9 verosimile.<\/span><\/span><\/span><\/em><\/p>\n<p><em><span style=\"color: #000000;\"><span style=\"font-family: Times New Roman,serif;\"><span style=\"font-size: medium;\">L\u2019esito della sfida lo conosceremo in tempi brevi: domani \u2013 mercoled\u00ec \u2013 la Congregazione per la Dottrina della Fede dovrebbe \u201cvalutare\u201d la risposta della Fraternit\u00e0 al \u201cpreambolo dottrinale\u201d proposto dalla Santa Sede e se la valutazione fosse favorevole non resterebbe che il \u201cplacet\u201d papale. I corvi dunque sono stati tempestivi. <\/span><\/span><\/span><\/em><\/p>\n<p><em><span style=\"color: #000000;\"><span style=\"font-family: Times New Roman,serif;\"><span style=\"font-size: medium;\">I<\/span><\/span><\/span><\/em><span style=\"font-family: Times New Roman,serif;\"><span style=\"font-size: medium;\">l negoziato tra la Santa Sede e la Fraternit\u00e0 San Pio X dura ormai da tre anni ed \u00e8 <\/span><\/span><span style=\"font-family: Times New Roman,serif;\"><span style=\"font-size: medium;\">dallo scorso settembre che Papa e Curia attendono che la Fraternit\u00e0 sottoscriva un \u201cpreambolo\u201d in cui \u00e8 affermata l\u2019accettazione del Vaticano II con menzione esplicita de<\/span><\/span><span style=\"font-family: Times New Roman,serif;\"><span style=\"font-size: medium;\">ll\u2019ecumenismo e della libert\u00e0 religiosa,<\/span><\/span><span style=\"font-family: Times New Roman,serif;\"><span style=\"font-size: medium;\"> dal rifiuto dei quali \u00e8 nato lo scisma. Fino alla met\u00e0 di marzo dalla Fraternit\u00e0 era venuta la dichiarazione che quel \u201cpreambolo\u201d non lo potevano firmare, accompagnata da controproposte che la Congregazione per la dottrina della Fede e il Papa hanno ritenuto \u201cnon sufficienti\u201d. L\u2019ultima risposta arrivata in Vaticano il 16 aprile, per posta elettronica, \u00e8 parsa \u201csensibilmente diversa\u201d dalle precedenti, tale da costituire \u2013 ha detto il portavoce Lombardi \u2013 \u201cun passo avanti e un fatto incoraggiante\u201d. <\/span><\/span><\/p>\n<p><span style=\"font-family: Times New Roman,serif;\"><span style=\"font-size: medium;\">Non hanno detto che accettano il preambolo, ma che lo potrebbero accettare se venissero apportate alcune \u201cintegrazioni o precisazioni\u201d. La Congregazione per la dottrina valuter\u00e0 \u2013 forse gi\u00e0 domani \u2013 le richieste e Benedetto prender\u00e0 una decisione. Ma che succeder\u00e0 se \u2013 poniamo alla fine di giugno, o in autunno \u2013 il vescovo Bernard Fellay firmasse il preambolo, in qualche modo integrato e precisato?<\/span><\/span><\/p>\n<p><span style=\"color: #000000;\"><span style=\"font-family: Times New Roman,serif;\"><span style=\"font-size: medium;\">\u00abNon posso escludere che si arrivi a una spaccatura\u00bb ha detto Fellay in un\u2019intervista al\u00a0<\/span><\/span><\/span><span style=\"color: #000000;\"><span style=\"font-family: Times New Roman,serif;\"><span style=\"font-size: medium;\"><em>Catholic News Service<\/em><\/span><\/span><\/span><span style=\"color: #000000;\"><span style=\"font-family: Times New Roman,serif;\"><span style=\"font-size: medium;\">. Ed \u00e8 ragionevole che la tema, dal momento che gli altri tre vescovi della Fraternit\u00e0 il 7 aprile gli avevano inviato una lettera con cui gli intimavano di non firmare: <\/span><\/span><\/span><span style=\"color: #000000;\"><span style=\"font-family: Times New Roman,serif;\"><span style=\"font-size: medium;\">\u00abVoi state conducendo la Fraternit\u00e0 a un punto di non ritorno e a una profonda e irreversibile divisione\u00bb.<\/span><\/span><\/span><\/p>\n<p><em><span style=\"color: #000000;\"><span style=\"font-family: Times New Roman,serif;\"><span style=\"font-size: medium;\">I <\/span><\/span><\/span><\/em><span style=\"color: #000000;\"><span style=\"font-family: Times New Roman,serif;\"><span style=\"font-size: medium;\">tre vescovi che esprimono una \u201cunanime opposizione formale a ogni accordo\u201d sono Tissier de Mallerays, Alfonso de Gallareta e Richard Williamson (questi divenuto famoso per le sue posizioni negazioniste della Sho\u00e0), che insieme al superiore della \u201cFraternit\u00e0 San Pio X\u201d Bernard Fellay furono ordinati da Lefebvre nel 1988 senza l\u2019autorizzazione di Roma e perci\u00f2 colpiti da scomunica. Divenuto Papa il cardinale Ratzinger i quattro gli chiesero il \u201critiro\u201d della scomunica in vista di un rientro della Fraternit\u00e0 nella \u201cpiena comunione\u201d. Le scomuniche furono ritirate nel gennaio del 2009 e di l\u00ec a poco fu avviato il negoziato che ha portato al \u201cpreambolo\u201d che ora sarebbe da ritoccare e firmare. <\/span><\/span><\/span><\/p>\n<p><span style=\"color: #000000;\"><span style=\"font-family: Times New Roman,serif;\"><span style=\"font-size: medium;\">Ma i tre non concordano con il possibilismo di Fellay: \u00abLe discussioni dottrinali \u2013 gli hanno scritto nella lettera pubblicata il 10 maggio da un sito tradizionalista, <\/span><\/span><\/span><span style=\"color: #000000;\"><span style=\"font-family: Times New Roman,serif;\"><span style=\"font-size: medium;\"><em>Riposte Catholique<\/em><\/span><\/span><\/span><span style=\"color: #000000;\"><span style=\"font-family: Times New Roman,serif;\"><span style=\"font-size: medium;\">, che si colloca pi\u00f9 a destra dei lefebvriani \u2013 hanno provato che un accordo \u00e8 impossibile con la Roma attuale\u00bb perch\u00e9 \u00abdopo il Concilio Vaticano II le autorit\u00e0 ufficiali della Chiesa si sono separate dalla verit\u00e0 cattolica e oggi si mostrano determinate come prima a rimanere fedeli alla dottrina e alla pratica conciliari\u00bb. <\/span><\/span><\/span><\/p>\n<p><span style=\"color: #000000;\"><span style=\"font-family: Times New Roman,serif;\"><span style=\"font-size: medium;\">Nella lettera dei tre \u2013 \u00e8 questo il punto chiave per intendere la finalit\u00e0 di chi l\u2019ha fatta \u201cfuggire\u201d \u2013 c\u2019\u00e8 un attacco aperto a Benedetto XVI: \u201cIl pensiero del Papa attuale \u00e8 impregnato di soggettivismo\u201d. C\u2019\u00e8 in lui e nei suoi collaboratori un \u201cpluralismo relativista e dialettico\u201d che impedisce loro di \u201ccondannare la dottrina conciliare\u201d<\/span><\/span><\/span><\/p>\n<p><span style=\"color: #000000;\"><span style=\"font-family: Times New Roman,serif;\"><span style=\"font-size: medium;\">Insieme alla lettera dei tre, il sito tradizionalista ha pubblicato gioved\u00ec scorso la risposta di Fellay che \u00e8 del 14 aprile ed \u00e8 altrettanto dura: \u00abPer voi <\/span><\/span><\/span><span style=\"color: #000000;\"><span style=\"font-family: Times New Roman,serif;\"><span style=\"font-size: medium;\">Benedetto XVI \u00e8 ancora il Papa legittimo? Se il Papa esprime una volont\u00e0 legittima che ci riguarda, che \u00e8 buona e che non ci ordina nulla di contrario ai\u00a0<\/span><\/span><\/span><span style=\"color: #000000;\"><span style=\"font-family: Times New Roman,serif;\"><span style=\"font-size: medium;\">comandamenti di Dio, abbiamo il diritto di rifiutare?\u00bb \u00abIl Papa ci ha fatto sapere \u2013 scrive ancora Fellay \u2013 che la preoccupazione di regolare la nostra situazione per il bene della Chiesa alberga nel cuore stesso del suo Pontificato\u00bb. \u00abLa vostra concezione della Chiesa \u2013 conclude Fellay con il tono di chi considera chiuso il discorso \u2013 \u00e8 troppo umana e fatalista, voi vedete i pericoli, i complotti, le difficolt\u00e0, ma non vedete pi\u00f9\u00a0<\/span><\/span><\/span><span style=\"color: #000000;\"><span style=\"font-family: Times New Roman,serif;\"><span style=\"font-size: medium;\">l\u2019assistenza della Grazia e dello Spirito Santo\u00bb. <\/span><\/span><\/span><\/p>\n<p><span style=\"color: #000000;\"><span style=\"font-family: Times New Roman,serif;\"><span style=\"font-size: medium;\">Come dicevo sopra, un altro attacco al Papa \u00e8 venuto da <\/span><\/span><\/span><span style=\"color: #000000;\"><span style=\"font-family: Times New Roman,serif;\"><span style=\"font-size: medium;\">\u201cLa Porte latine\u201d \u2013 il sito ufficiale del Distretto di Francia della Fraternit\u00e0 San Pio X \u2013 nell\u2019ultimo editoriale firmato da R\u00e9gis de Cacqueray, superiore del Distretto: \u201cPapa Benedetto XVI continua a coltivare gravi e profonde illusioni. La prima \u00e8 quella di credere vivaci quei movimenti le cui forme inattese sono in realt\u00e0 quelle di un cristianesimo assai degenerato. La seconda \u00e8 di credere ancora, e con ostinazione, che gli insegnamenti del Concilio e del magistero post-conciliare possono servire di luce nella notte in cui gli spiriti sono piombati quando non la rendono che sempre pi\u00f9 cupa\u201d. <\/span><\/span><\/span><\/p>\n<p><span style=\"color: #000000;\"><span style=\"font-family: Times New Roman,serif;\"><span style=\"font-size: medium;\">La conclusione suona come un proclama di rottura nel caso si arrivasse a un accordo: \u201cQuanto a noi, dobbiamo continuare a nutrirci della fede pura, e di conseguenza, diffidare come dalla peste delle novit\u00e0 introdotte dal Concilio Vaticano II e dai Papi che sono venuti dopo il Concilio. E\u2019 la fede il nostro grande tesoro e dobbiamo levarci tutti in piedi contro ci\u00f2 che potrebbe diminuirla o metterla in pericolo\u201d. Quando accenna ai \u201cmovimenti\u201d apprezzati da Benedetto, Cacqueray allude ai Focolarini, ai Neocatecomunali, ai Carismatici e simili che il Papa ritiene utili per rifare missionaria la Chiesa Cattolica e che i tradizionalisti \u2013 invece \u2013 considerano incompatibili con l\u2019ortodossia e l\u2019ortoprassi tradizionali. <\/span><\/span><\/span><\/p>\n<p><span style=\"color: #000000;\"><span style=\"font-family: Times New Roman,serif;\"><span style=\"font-size: medium;\">Sia i tre vescovi sia il superiore del Distretto di Francia appartengono a<\/span><\/span><\/span><span style=\"font-family: Times New Roman,serif;\"><span style=\"font-size: medium;\">lla frangia lefebvriana intransigente che ha giudicato \u201cscandalose\u201d la beatificazione di Papa Wojtyla e la convocazione della Giornata di Assisi dello scorso ottobre. Ma il Consiglio della Fraternit\u00e0 appoggia il superiore Fellay \u2013 avendo condotto con lui tutte le fasi dei \u201ccolloqui\u201d con la Santa Sede \u2013 e appoggi importanti gli sono venuti da vari responsabili dei distretti: da quello della Germania Schmidberger (uomo di grande prestigio tra i tradizionalisti, essendo stato il primo successore di Lefebvre a capo della Fraternit\u00e0) a quelli degli Stati Uniti, di Olanda e Belgio, dell\u2019Asia. <\/span><\/span><\/p>\n<p><span style=\"font-family: Times New Roman,serif;\"><span style=\"font-size: medium;\">Che dire di questa lotta interna alla Fraternit\u00e0 che suona quanto mai surreale a orecchie non accostumate al gergo tradizionalista? Sentire accusare di \u201csoggettivismo\u201d e di \u201crelativismo\u201d il povero Papa, che per la sua predicazione contro queste \u201cinsidie\u201d si attira da sempre \u2013 e quantomeno da prima dell\u2019elezione: cio\u00e8 dall\u2019omelia tenuta da cardinale decano alla vigilia del Conclave \u2013 l\u2019avversione dell\u2019ala innovatrice, \u00e8 davvero troppo. Ne deduco che se l\u2019accordo ci sar\u00e0, costoro si staccheranno dalla Fraternit\u00e0. E sar\u00e0 bene che ci\u00f2 avvenga perch\u00e9 di tutto la Chiesa Romana potr\u00e0 avere bisogno in questa stagione tranne che di una componente interna che accusi il Papa di eresia e tradimento. <\/span><\/span><\/p>\n<p><span style=\"font-family: Times New Roman,serif;\"><span style=\"font-size: medium;\"><strong>Luigi Accattoli<\/strong><\/span><\/span><\/p>\n<p><span style=\"font-family: Times New Roman,serif;\"><span style=\"font-size: medium;\">www.luigiaccattoli.it<\/span><\/span><\/p>\n","protected":false},"excerpt":{"rendered":"<p>Pressioni sul superiore della Fraternit\u00e0 perch\u00e9 non firmi l\u2019accordo con il Papa Articolo pubblicato da LIBERAL del 15 maggio 2012 alle pagine 14 e 15 con il titolo \u201cLo scisma&#8230;<\/p>\n<div class=\"more-link-wrapper\"><a class=\"more-link\" href=\"http:\/\/www.luigiaccattoli.it\/blog\/articoli-di-liberal\/lefebvriani-lo-scisma-nello-scisma\/\">Read More<span class=\"screen-reader-text\">Lefebvriani: lo scisma nello scisma<\/span><\/a><\/div>\n","protected":false},"author":1,"featured_media":0,"parent":7659,"menu_order":0,"comment_status":"open","ping_status":"closed","template":"","meta":{"_monsterinsights_skip_tracking":false,"_monsterinsights_sitenote_active":false,"_monsterinsights_sitenote_note":"","_monsterinsights_sitenote_category":0,"footnotes":""},"class_list":["post-8946","page","type-page","status-publish","hentry","excerpt"],"_links":{"self":[{"href":"http:\/\/www.luigiaccattoli.it\/blog\/wp-json\/wp\/v2\/pages\/8946","targetHints":{"allow":["GET"]}}],"collection":[{"href":"http:\/\/www.luigiaccattoli.it\/blog\/wp-json\/wp\/v2\/pages"}],"about":[{"href":"http:\/\/www.luigiaccattoli.it\/blog\/wp-json\/wp\/v2\/types\/page"}],"author":[{"embeddable":true,"href":"http:\/\/www.luigiaccattoli.it\/blog\/wp-json\/wp\/v2\/users\/1"}],"replies":[{"embeddable":true,"href":"http:\/\/www.luigiaccattoli.it\/blog\/wp-json\/wp\/v2\/comments?post=8946"}],"version-history":[{"count":2,"href":"http:\/\/www.luigiaccattoli.it\/blog\/wp-json\/wp\/v2\/pages\/8946\/revisions"}],"predecessor-version":[{"id":8948,"href":"http:\/\/www.luigiaccattoli.it\/blog\/wp-json\/wp\/v2\/pages\/8946\/revisions\/8948"}],"up":[{"embeddable":true,"href":"http:\/\/www.luigiaccattoli.it\/blog\/wp-json\/wp\/v2\/pages\/7659"}],"wp:attachment":[{"href":"http:\/\/www.luigiaccattoli.it\/blog\/wp-json\/wp\/v2\/media?parent=8946"}],"curies":[{"name":"wp","href":"https:\/\/api.w.org\/{rel}","templated":true}]}}