{"id":8978,"date":"2012-05-21T14:59:26","date_gmt":"2012-05-21T12:59:26","guid":{"rendered":"http:\/\/www.luigiaccattoli.it\/blog\/?page_id=8978"},"modified":"2012-05-21T14:59:26","modified_gmt":"2012-05-21T12:59:26","slug":"cristina-riva-%e2%80%9ccosi-mi-sono-salvata-dai-testimoni-di-geova%e2%80%9d","status":"publish","type":"page","link":"http:\/\/www.luigiaccattoli.it\/blog\/cerco-fatti-di-vangelo\/20-preghiera-pubblica\/cristina-riva-%e2%80%9ccosi-mi-sono-salvata-dai-testimoni-di-geova%e2%80%9d\/","title":{"rendered":"Cristina Riva: \u201cCos\u00ec mi sono salvata dai Testimoni di Geova\u201d"},"content":{"rendered":"<p>&nbsp;<\/p>\n<p>Cristina Riva, di Calalzo di Cadore, catechista in parrocchia, ha vissuto una traumatica esperienza con i Testimoni di Geova e qui racconta il modo e i tempi della sua fuoriuscita da questa organizzazione e del ritorno nella Chiesa Cattolica. Elemento decisivo del suo cammino \u00e8 una drammatica invocazione al Padre in una notte di disperazione.<\/p>\n<p>&nbsp;<\/p>\n<p><em>Ho trascorso i primi anni della vita nella comunit\u00e0 cattolica del mio paese, a Calalzo di Cadore e ho ancora qualche bel ricordo dell\u2019asilo curato dalle suore, della prima Comunione e poi della Cresima. Ma purtroppo il mio mondo fatto di affetti, di amicizie e di riferimenti sicuri \u00e8 cambiato all\u2019improvviso quando i miei genitori, gli zii, i nonni e i cugini hanno cambiato la loro confessione religiosa divenendo Testimoni di Geova e io e i miei fratelli abbiamo seguito i nostri genitori.<\/em><\/p>\n<p><em>Avevo circa 13 anni quando la mia vita \u00e8 cambiata bruscamente e accanto a un sistematico lavaggio del cervello ho subito il dolore di dovermi ritirare da tutto quello che ha senso nella vita di un bambino. Non potevo pi\u00f9 celebrare il Natale o il compleanno, non potevo frequentare compagnie estranee ai Testimoni di Geova e noi tutti eravamo spinti verso un\u2019auto-ghettizzazione anche se non ce ne rendevamo conto. <\/em><\/p>\n<p><em>Verso i vent\u2019anni ho cominciato a ragionare su alcune cose che non trovavo giuste in quel sistema ma non potevo esprimere i miei dubbi a nessuno visto che nessuno di noi poteva contestare senza essere considerato un apostata. Col tempo, specialmente a causa di alcuni problemi personali, ho deciso di uscire da quella organizzazione. E\u2019 stata una decisione che mi ha portato tanta sofferenza per le conseguenze che poi hanno segnato la mia vita, infatti per tutti loro ero diventata un\u2019eretica e dato che mi ero dissociata venni sottoposta a una specie di processo da parte di un comitato giudiziario che mi lesse alcune scritture bibliche adatte a chi rinnegava Cristo.<\/em><\/p>\n<p><em>Secondo loro non dovevo neppure pi\u00f9 pregare perch\u00e9 Dio non avrebbe mai ascoltato le mie preghiere. Sono stata denunciata pubblicamente nelle loro assemblee ed \u00e8 stato vietato a chiunque di salutarmi o di parlarmi. Anche i miei genitori potevano avere solo rapporti necessari con me e non potevamo pi\u00f9 parlare insieme di religione. All\u2019improvviso mi sono trovata sola, senza un amico perch\u00e9 me li avevano tolti fin dalla tenera et\u00e0, senza la comprensione della mia famiglia e in seguito ho anche dovuto sostenere prove dolorose e traumatiche come il divorzio e un bimbo nato prematuramente e in pericolo di morte per pi\u00f9 di due mesi.<\/em><\/p>\n<p><em>La cosa che pi\u00f9 mi faceva soffrire era trovarmi nella disperazione e non poter avere il conforto della preghiera. Sentivo su di me la loro maledizione e avevo il rimorso di essermi allontanata da Dio. Sono stati anni di terribile deserto spirituale, di buio, di angoscia.<\/em><\/p>\n<p><em>Ricordo che una notte, non riuscendo a dormire per lo sconforto, mi sono alzata e piangendo sono andata in cucina, ho preso la Bibbia in mano e per la prima volta ho pregato: \u201cPadre, forse \u00e8 vero che non mi ascolti o forse s\u00ec, ti prego, aiutami, fammi conoscere la tua volont\u00e0.\u201d Poi ho aperto la Bibbia e ho letto il primo versetto che mi stava davanti, esso diceva: \u201cNessuno che abbia messo la mano all\u2019aratro e poi volga lo sguardo indietro \u00e8 adatto per il Regno di Dio\u201d.<\/em><\/p>\n<p><em>In quell\u2019istante ho avuto la netta consapevolezza della presenza del Padre amorevole l\u00ec accanto a me, del suo sostegno, della sua energia, del suo amore\u2026 Lui mi voleva bene! Ho cominciato a pregarlo, a cercarlo nella mia vita con infinita gratitudine.<\/em><\/p>\n<p><em>Non sono entrata subito in una chiesa cattolica, tanto era il pregiudizio che avevano radicato in me e quindi ho cercato aiuto in una chiesa evangelica dove ho trovato delle persone amorevoli che hanno curato le mie ferite e mi hanno ridato la fiducia in me stessa. A poco a poco ho sentito che lo Spirito di Dio agiva in me fortificandomi. Avevo il vivo desiderio di conoscere di pi\u00f9 intorno a Lui, comprendendo che da molti anni mi erano state inculcate tante bugie.<\/em><\/p>\n<p><em>Cos\u00ec nel 2008 ho conseguito la laurea presso la Facolt\u00e0 Valdese di Teologia a Roma e da l\u00ec ho continuato la mia ricerca alla scoperta di Dio. E\u2019 stato un vero pellegrinaggio dentro lo Spirito. L\u00ec ho conosciuto fratelli e sorelle di tutte le confessioni religiose: battisti, metodisti, cattolici, luterani, pentecostali, valdesi e altri ancora. Tutte persone meravigliose con cui ho parlato e che mi hanno dato tanto affetto, amicizia, comprensione e specialmente una consapevolezza illuminante: eravamo uniti tutti da un\u2019unica vocazione che ci faceva essere l\u00ec per amore di Cristo. Studiando i testi di molti teologi cattolici ho iniziato a capire cos\u2019\u00e8 la Chiesa cattolica, cos\u2019\u00e8 l\u2019ecumenismo e mi sono resa conto che i pregiudizi che mi erano stati inculcati si scioglievano come neve al sole.<\/em><\/p>\n<p><em>Cos\u00ec nello stesso periodo ho cominciato a partecipare alle riunioni di un gruppo di studio della Parola di Dio che si tenevano nella canonica di Valle di Cadore e questo per me \u00e8 stato un altro passo guidato dall\u2019amore di Dio che mi ha permesso di\u00a0 ricevere sostegno e condivisione da tutte le sorelle l\u00ec presenti e dai sacerdoti della parrocchia che mi hanno sempre offerto tanti spunti su cui meditare, tanto materiale da poter leggere. Mi hanno offerto le loro preghiere e le loro benedizioni. Non ero pi\u00f9 sola, avevo trovato il volto di Cristo nei miei fratelli.<\/em><\/p>\n<p><em>A poco a poco lo Spirito di Dio ha vivificato anche il resto della mia famiglia e, nonostante le critiche negative che continuo a ricevere dai miei genitori, io e mio marito, con il quale mi ero sposata solo civilmente, ci siamo sposati davanti a Dio nella chiesa del mio paese. Inoltre nello stesso periodo il bimbo che era nato prematuramente ed era stato in pericolo di morte, all\u2019et\u00e0 di 28 anni ha ricevuto il Battesimo e l\u2019Eucaristia. La vita della mia famiglia \u00e8 una continua creazione nelle mani del Signore che sa quanto grande \u00e8 l\u2019emozione che provo nel trovarmi alla sua presenza quando parlo con Lui sciogliendomi nella preghiera. Dopo anni di deserto ora sono finalmente tornata a casa e faccio mie le parole di Giobbe 42,5: \u201cIl mio orecchio aveva sentito parlare di te ma ora l\u2019occhio mio ti ha visto\u201d. Sembra davvero impossibile che per amore del Vangelo dobbiamo ancora subire tante sofferenze specialmente ai nostri giorni e nella nostra civilissima Europa, tuttavia mi consola il fatto che il mio caro Padre mi ha regalato cose che neppure avrei mai osato chiedergli!<\/em><\/p>\n<p><em>Concludo con le parole dell\u2019apostolo Paolo che tanto si addicono alla mia esperienza, si trovano in 1 Corinzi 2, 9 e10: \u201cLe cose che occhio non vide e che orecchio non ud\u00ec e che mai salirono nel cuore dell\u2019uomo sono quelle che Dio ha preparate per coloro che lo amano. A noi Dio le ha rivelate per mezzo dello Spirito, perch\u00e9 lo Spirito scruta ogni cosa, anche le profondit\u00e0 di Dio\u201d. Cristina Riva <\/em><\/p>\n<p><em>\u00a0<\/em><\/p>\n<p><strong>Ho conosciuto Cristina Riva il 2 maggio 2012 a Calalzo di Cadore in occasione di una conferenza e le chiesto di narrare per il mio blog la sua esperienza.<\/strong><\/p>\n<p><strong>\u00a0<\/strong><\/p>\n<p><strong>[Maggio 2012]<\/strong><\/p>\n","protected":false},"excerpt":{"rendered":"<p>&nbsp; Cristina Riva, di Calalzo di Cadore, catechista in parrocchia, ha vissuto una traumatica esperienza con i Testimoni di Geova e qui racconta il modo e i tempi della sua&#8230;<\/p>\n<div class=\"more-link-wrapper\"><a class=\"more-link\" href=\"http:\/\/www.luigiaccattoli.it\/blog\/cerco-fatti-di-vangelo\/20-preghiera-pubblica\/cristina-riva-%e2%80%9ccosi-mi-sono-salvata-dai-testimoni-di-geova%e2%80%9d\/\">Read More<span class=\"screen-reader-text\">Cristina Riva: \u201cCos\u00ec mi sono salvata dai Testimoni di Geova\u201d<\/span><\/a><\/div>\n","protected":false},"author":1,"featured_media":0,"parent":2141,"menu_order":0,"comment_status":"open","ping_status":"closed","template":"","meta":{"_monsterinsights_skip_tracking":false,"_monsterinsights_sitenote_active":false,"_monsterinsights_sitenote_note":"","_monsterinsights_sitenote_category":0,"footnotes":""},"class_list":["post-8978","page","type-page","status-publish","hentry","excerpt"],"_links":{"self":[{"href":"http:\/\/www.luigiaccattoli.it\/blog\/wp-json\/wp\/v2\/pages\/8978","targetHints":{"allow":["GET"]}}],"collection":[{"href":"http:\/\/www.luigiaccattoli.it\/blog\/wp-json\/wp\/v2\/pages"}],"about":[{"href":"http:\/\/www.luigiaccattoli.it\/blog\/wp-json\/wp\/v2\/types\/page"}],"author":[{"embeddable":true,"href":"http:\/\/www.luigiaccattoli.it\/blog\/wp-json\/wp\/v2\/users\/1"}],"replies":[{"embeddable":true,"href":"http:\/\/www.luigiaccattoli.it\/blog\/wp-json\/wp\/v2\/comments?post=8978"}],"version-history":[{"count":1,"href":"http:\/\/www.luigiaccattoli.it\/blog\/wp-json\/wp\/v2\/pages\/8978\/revisions"}],"predecessor-version":[{"id":8979,"href":"http:\/\/www.luigiaccattoli.it\/blog\/wp-json\/wp\/v2\/pages\/8978\/revisions\/8979"}],"up":[{"embeddable":true,"href":"http:\/\/www.luigiaccattoli.it\/blog\/wp-json\/wp\/v2\/pages\/2141"}],"wp:attachment":[{"href":"http:\/\/www.luigiaccattoli.it\/blog\/wp-json\/wp\/v2\/media?parent=8978"}],"curies":[{"name":"wp","href":"https:\/\/api.w.org\/{rel}","templated":true}]}}