{"id":9,"date":"2006-04-21T11:46:15","date_gmt":"2006-04-21T10:46:15","guid":{"rendered":"http:\/\/www.luigiaccattoli.it\/blog\/?page_id=9"},"modified":"2019-12-20T19:42:18","modified_gmt":"2019-12-20T18:42:18","slug":"collaborazione-a-riviste","status":"publish","type":"page","link":"http:\/\/www.luigiaccattoli.it\/blog\/collaborazione-a-riviste\/","title":{"rendered":"Collaborazione a riviste"},"content":{"rendered":"<div style=\"text-align: left;\">\n<ul>\n<li><a href=\"http:\/\/www.luigiaccattoli.it\/blog\/collaborazione-a-riviste\/se-il-vaticano-sia-o-no-sullorlo-del-fallimento\/\" rel=\"noopener\" target=\"_blank\">Se il Vaticano sia o no sull\u2019orlo del fallimento<\/a><\/li>\n<li><a href=\"http:\/\/www.luigiaccattoli.it\/blog\/collaborazione-a-riviste\/dal-primato-dellevangelizzazione-alla-evangelii-gaudium-il-seme-di-futuro-che-rende-attuali-le-carte-romane-di-enrico-bartoletti\/\" target=\"_blank\" rel=\"noopener\">Il seme di futuro che fa attuali le &#8220;Carte romane&#8221; di Enrico Bartoletti<\/a><\/li>\n<li><a href=\"http:\/\/www.luigiaccattoli.it\/blog\/collaborazione-a-riviste\/martini-e-bergoglio-gesuiti-in-avanscoperta-come-matteo-ricci-nella-cina-del-seicento\/\" target=\"_blank\">Martini e Bergoglio gesuiti in avanscoperta come Matteo Ricci nella Cina del Seicento<\/a><\/li>\n<li><a href=\"http:\/\/www.luigiaccattoli.it\/blog\/collaborazione-a-riviste\/dibattiti-sul-papa-3-se-ci-sara-la-correzione-formale\/\" target=\"_blank\">Dibattiti sul Papa \/ 3: se ci sar\u00e0 la \u201ccorrezione formale\u201d<\/a><\/li>\n<li><a href=\"http:\/\/www.luigiaccattoli.it\/blog\/collaborazione-a-riviste\/dibattiti-sul-papa-2-quando-e-in-gioco-il-kerigma\/\" target=\"_blank\">Dibattiti sul Papa 2: quando \u00e8 in gioco il kerigma<\/a><\/li>\n<li><a href=\"http:\/\/www.luigiaccattoli.it\/blog\/collaborazione-a-riviste\/organizzo-dibattiti-su-papa-francesco-con-il-collega-rusconi\/\" target=\"_blank\">Organizzo dibattiti su Papa Francesco con il collega Rusconi<\/a><\/li>\n<li><a href=\"http:\/\/www.luigiaccattoli.it\/blog\/collaborazione-a-riviste\/le-cantonate-di-bergoglio-e-quelle-degli-accusatori\/\" target=\"_blank\">Le cantonate di Bergoglio e quelle degli accusatori<\/a><\/li>\n<li><a href=\"http:\/\/www.luigiaccattoli.it\/blog\/collaborazione-a-riviste\/bergoglio-visto-prima-da-sinistra-e-poi-da-destra-lettera-ad-aldo-maria-valli\/\" target=\"_blank\">Bergoglio visto prima da sinistra e poi da destra. Lettera ad Aldo Maria Valli<\/a><\/li>\n<li><a href=\"http:\/\/www.luigiaccattoli.it\/blog\/?page_id=16814\">Ho provato cinque volte ad ascoltare il gay che cerca Dio<\/a><\/li>\n<li><a href=\"http:\/\/www.luigiaccattoli.it\/blog\/?page_id=16625\">Al gay che domanda: \u201cSecondo te io che figlio sono?\u201d<\/a><\/li>\n<li><a href=\"http:\/\/www.luigiaccattoli.it\/blog\/?page_id=16115\">Dal medico laico Canova al papa gesuita Francesco<\/a><\/li>\n<li><a href=\"http:\/\/www.luigiaccattoli.it\/blog\/?page_id=16291\">\u201cDappertutto chiese con le porte aperte\u201d dice Francesco. Ma chi l\u2019ascolta?<\/a><\/li>\n<li><a href=\"http:\/\/www.luigiaccattoli.it\/blog\/?page_id=15848\">\u201cCome Abramo il Papa non sa dove si andr\u00e0\u201d<\/a><\/li>\n<li><a href=\"http:\/\/www.luigiaccattoli.it\/blog\/?page_id=15841\">Colla Rodano Mazzolari e Barsotti<\/a><\/li>\n<li><a href=\"http:\/\/www.luigiaccattoli.it\/blog\/?page_id=15454\">Quando Papa Bergoglio si richiama a Papa Montini<\/a><\/li>\n<li><a href=\"http:\/\/www.luigiaccattoli.it\/blog\/?page_id=14109\">Riuscir\u00e0 Francesco? La scommessa della \u201cChiesa in uscita missionaria\u201d<\/a><\/li>\n<li><a href=\"http:\/\/www.luigiaccattoli.it\/blog\/?page_id=13904\">I miei quarant\u2019anni al \u201cRegno\u201d e la sua spinta ad andare al largo<\/a><\/li>\n<li><a href=\"http:\/\/www.luigiaccattoli.it\/blog\/?page_id=13532\">Se sei ricco di martiri e non lo sai. La vicenda dei certosini di Farneta<\/a><\/li>\n<li><a href=\"http:\/\/www.luigiaccattoli.it\/blog\/collaborazione-a-riviste\/lacrime-sul-cammino-della-chiesa-il-diario-di-bartoletti-e-la-nascita-della-cei-dopo-il-vaticano-ii\/\" target=\"_blank\" rel=\"noopener\">Lacrime sul cammino della Chiesa. Il \u201cDiario\u201d di Bartoletti e la nascita della CEI dopo il Vaticano II<\/a><\/li>\n<li><a href=\"http:\/\/www.luigiaccattoli.it\/blog\/?page_id=13388\">Gaudium magnum per i due Papi e quello che dico a chi se ne dispiace<\/a><\/li>\n<li><a href=\"http:\/\/www.luigiaccattoli.it\/blog\/?page_id=13386\">Esulto quando Papa Francesco si appella alla libert\u00e0<\/a><\/li>\n<li><a href=\"http:\/\/www.luigiaccattoli.it\/blog\/?page_id=13076\">Bergoglio allergico alle ideologie. Comprese quelle cristiane<\/a><\/li>\n<li><a href=\"http:\/\/www.luigiaccattoli.it\/blog\/?page_id=13079\">Chiesa ospedale da campo. Le telefonate di Francesco<\/a><\/li>\n<li><a href=\"http:\/\/www.luigiaccattoli.it\/blog\/?page_id=13081\">Francesco in discontinuit\u00e0 con quattro Papi<\/a><\/li>\n<li><a href=\"http:\/\/www.luigiaccattoli.it\/blog\/?page_id=13083\">Don Gallo Luxuria Bagnasco e la \u201cChiesa incidentata\u201d di Papa Bergoglio<\/a><\/li>\n<li><a href=\"http:\/\/www.luigiaccattoli.it\/blog\/?page_id=11675\">Per Francesco Canova, un medico cristiano creativo e sconosciuto<\/a><\/li>\n<li><a href=\"http:\/\/www.luigiaccattoli.it\/blog\/?page_id=11374\">Immagini di un Papa nuovo. Francesco dei poveri e della misericordia<\/a><\/li>\n<li><a href=\"http:\/\/www.luigiaccattoli.it\/blog\/?page_id=11371\">Due o tre idee sulla traumatica e salutifera rinuncia di Papa Benedetto<\/a><\/li>\n<li><a href=\"http:\/\/www.luigiaccattoli.it\/blog\/?page_id=10566\">\u201cBenedico nei luoghi affollati\u201d. Altre benedizioni dei cristiani comuni<\/a><\/li>\n<li><a href=\"http:\/\/www.luigiaccattoli.it\/blog\/?page_id=10260\">La benedizione come liturgia quotidiana del cristiano comune <\/a><\/li>\n<li><a href=\"http:\/\/www.luigiaccattoli.it\/blog\/?page_id=10047\">In memoria del cardinale Martini e della sua libert\u00e0 di parola<\/a><\/li>\n<li><a href=\"http:\/\/www.luigiaccattoli.it\/blog\/?page_id=10043\">Il vescovo Chiarinelli e l\u2019elogio della libert\u00e0<\/a><\/li>\n<li><a href=\"http:\/\/www.luigiaccattoli.it\/blog\/?page_id=9252\">Vittorio Tranquilli ovvero quando il giusto \u00e8 solo un giusto<\/a><\/li>\n<li><a href=\"http:\/\/www.luigiaccattoli.it\/blog\/?page_id=9249\">Sul corvo e sui pirla che tormentano il povero Papa<\/a><\/li>\n<li><a href=\"http:\/\/www.luigiaccattoli.it\/blog\/?page_id=9246\">Il martire Luigi Padovese e quella sua critica alle \u201cvirt\u00f9 eroiche\u201d<\/a><\/li>\n<li><a href=\"http:\/\/www.luigiaccattoli.it\/blog\/?page_id=8943\">Dalla Celentano e Benigni menestrelli di Dio<\/a><\/li>\n<li><a href=\"http:\/\/www.luigiaccattoli.it\/blog\/?page_id=8782\">Racconto fatti di Vangelo: e la privacy?<\/a><\/li>\n<li><a href=\"http:\/\/www.luigiaccattoli.it\/blog\/?page_id=8274\">\u201cEro senza documenti e mi avete rimpatriato\u201d<\/a><\/li>\n<li><a href=\"http:\/\/www.luigiaccattoli.it\/blog\/?page_id=8270\">\u201cEro in attesa di trapianto e mi avete donato il vostro corpo\u201d<\/a><\/li>\n<li><a href=\"http:\/\/www.luigiaccattoli.it\/blog\/?page_id=7504\">Bailar dopo aver adorato Ges\u00f9<\/a><\/li>\n<li><a href=\"http:\/\/www.luigiaccattoli.it\/blog\/?page_id=6861\">L&#8217;accanimento dei medici e i santi con i quali lo discuto<\/a><\/li>\n<li><a href=\"http:\/\/www.luigiaccattoli.it\/blog\/?page_id=6942\">Convertiti da Karol. Inchiesta sulla santit\u00e0 diffusiva del beato Wojtyla<\/a><\/li>\n<li><a href=\"http:\/\/www.luigiaccattoli.it\/blog\/?page_id=7092\">Che cosa ci insegna Margherita di Citt\u00e0 di Castello<\/a><\/li>\n<li><a href=\"http:\/\/www.luigiaccattoli.it\/blog\/?page_id=6895\">Livorno. Una citt\u00e0 si interroga sulla morte dei giovani<\/a><\/li>\n<li><a href=\"http:\/\/www.luigiaccattoli.it\/blog\/?page_id=6948\">\u201cGes\u00f9 di Nazaret\u201d di Benedetto XVI: un libro che tutti possono leggere<\/a><\/li>\n<li><a href=\"http:\/\/www.luigiaccattoli.it\/blog\/?page_id=6921\">Se la nostra societ\u00e0 accolga il cristianesimo<\/a><\/li>\n<li><a href=\"http:\/\/www.luigiaccattoli.it\/blog\/?page_id=6442\">Aiuto: un testimone di Geova \u00e8 entrato nel mio blog<\/a><\/li>\n<li><a href=\"http:\/\/www.luigiaccattoli.it\/blog\/?page_id=8588\">Serve una banca vaticana?<\/a><\/li>\n<li><a href=\"http:\/\/www.luigiaccattoli.it\/blog\/?page_id=9084\">Che cosa converta l\u2019uomo d\u2019oggi<\/a><\/li>\n<li><a href=\"http:\/\/www.luigiaccattoli.it\/blog\/?page_id=6288\">Perch\u00e8 amare ancora questa Chiesa?<\/a><\/li>\n<li><a href=\"http:\/\/www.luigiaccattoli.it\/blog\/?page_id=5754\">I &#8220;siti memoriali&#8221; e il memento dei morti nell&#8217;era digitale<\/a><\/li>\n<li><a href=\"http:\/\/www.luigiaccattoli.it\/blog\/?page_id=5756\">Cattolici e politica. Una &#8220;summa&#8221; dello storico Tassani<\/a><\/li>\n<li><a href=\"http:\/\/www.luigiaccattoli.it\/blog\/?page_id=5227\">Domenico Farias sul mondo incendiato dell\u201911 settembre<\/a><\/li>\n<li><a href=\"http:\/\/www.luigiaccattoli.it\/blog\/?page_id=4639\">\u201cLa Traversata\u201d del padre Sorge e io con lui ma non sempre d\u2019accordo<\/a><\/li>\n<li><a href=\"http:\/\/www.luigiaccattoli.it\/blog\/?page_id=3100\">Ogni bimbo nasce a Betlemme. Lectio feriale sui figli e sul Natale<\/a><\/li>\n<li><a href=\"http:\/\/www.luigiaccattoli.it\/blog\/?page_id=2867\">Incontrare Dio nella Rete. L\u2019esperienza di chi modera un blog<\/a><\/li>\n<li><a href=\"http:\/\/www.luigiaccattoli.it\/blog\/?page_id=2536\">Cerco i miei figli nella Bibbia ed esulto quando li trovo<\/a><\/li>\n<li><a href=\"http:\/\/www.luigiaccattoli.it\/blog\/?page_id=2070\">Rienzo Colla che si cibava di locuste<\/a><\/li>\n<li><a href=\"http:\/\/www.luigiaccattoli.it\/blog\/?page_id=2570\">Confessione di un blogger: nella Rete c&#8217;\u00e8 pi\u00f9 odio che nella realt\u00e0<\/a><\/li>\n<li><a href=\"http:\/\/www.luigiaccattoli.it\/blog\/?page_id=1494\">Benedetto XVI nello tsunami del preservativo<\/a><\/li>\n<li><a href=\"http:\/\/www.luigiaccattoli.it\/blog\/?page_id=1179\">\u201cLa carit\u00e0 \u00e8 magnanima\u201d. Se Paolo scrivesse oggi ai Corinti<\/a><\/li>\n<li><a href=\"http:\/\/www.luigiaccattoli.it\/blog\/?page_id=988\">Il pastore mite. In memoria del vescovo Egger <\/a><\/li>\n<li><a href=\"http:\/\/www.luigiaccattoli.it\/blog\/?page_id=783\">Sul cardinale Ruini che lascia gli incarichi<\/a><\/li>\n<li><a href=\"http:\/\/www.luigiaccattoli.it\/blog\/?page_id=785\">Pennisi. Un vescovo alle prese con i mafiosi devoti<\/a><\/li>\n<li><a href=\"http:\/\/www.luigiaccattoli.it\/blog\/?page_id=1575\">&#8220;Vado in chiesa ma non mi comunico&#8221; &#8211; 2 <\/a><\/li>\n<li><a href=\"http:\/\/www.luigiaccattoli.it\/blog\/?page_id=1572\">&#8220;Vado in chiesa ma non mi comunico&#8221; &#8211; 1<\/a><\/li>\n<li><a href=\"http:\/\/www.luigiaccattoli.it\/blog\/?page_id=784\">I giornalisti in un bordello. Disavventure dei viaggi papali<\/a><\/li>\n<li><a href=\"http:\/\/www.luigiaccattoli.it\/blog\/?page_id=220\">&#8220;Sono l&#8217;Oriana&#8221;: sei telefonate della Fallaci su papa Benedetto<\/a><\/li>\n<li><a href=\"http:\/\/www.luigiaccattoli.it\/blog\/?page_id=200\">La lectio di Regensburg e il conflitto con l&#8217;Islam<\/a><\/li>\n<li><a href=\"http:\/\/www.luigiaccattoli.it\/blog\/?page_id=221\">Nella Kasbha di Mazara sognando una nuova convivenza<\/a><\/li>\n<li><a href=\"http:\/\/www.luigiaccattoli.it\/blog\/?page_id=92\">Arturo Paoli amico dei poveri<\/a><\/li>\n<li><a href=\"http:\/\/www.luigiaccattoli.it\/blog\/?page_id=37\">Il bestemmiatore del bus 71<\/a><\/li>\n<li><a href=\"http:\/\/www.luigiaccattoli.it\/blog\/?page_id=38\">Charles de Foucauld, Annalena e don Andrea<\/a><\/li>\n<li><a href=\"http:\/\/www.luigiaccattoli.it\/blog\/?page_id=39\">La maestra Marina e gli altri &#8220;giusti&#8221;<\/a><\/li>\n<li><a href=\"http:\/\/www.luigiaccattoli.it\/blog\/?page_id=1053\">Le coppie di fatto e l\u2019attesa di una nuova misericordia<\/a><\/li>\n<li><a href=\"http:\/\/www.luigiaccattoli.it\/blog\/?page_id=605\">La santit\u00e0 dei papi e i santi sconosciuti<\/a><\/li>\n<li><a href=\"http:\/\/www.luigiaccattoli.it\/blog\/?page_id=1804\">\u201cNon posso venire ma ti mando gli angeli\u201d<\/a><\/li>\n<li><a href=\"http:\/\/www.luigiaccattoli.it\/blog\/?page_id=43\">Non prevedevo l\u2019elezione di Ratzinger<\/a><\/li>\n<li><a href=\"http:\/\/www.luigiaccattoli.it\/blog\/?page_id=869\">Alessandra Borghese convertita dalla messa<\/a><\/li>\n<li><a href=\"http:\/\/www.luigiaccattoli.it\/blog\/?page_id=40\">Maestre in motorino alla ricerca dell\u2019alunna<\/a><\/li>\n<li><a href=\"http:\/\/www.luigiaccattoli.it\/blog\/?page_id=1054\">Nipoti che nascono e figli che convivono<\/a><\/li>\n<li><a href=\"http:\/\/www.luigiaccattoli.it\/blog\/?page_id=7190\">Donne memorabili<\/a><\/li>\n<li><a href=\"http:\/\/www.luigiaccattoli.it\/blog\/?page_id=44\">Che cosa ci insegnano gli hobbit<\/a><\/li>\n<li><a href=\"http:\/\/www.luigiaccattoli.it\/blog\/?page_id=859\">Edith Stein. Una lettera che riconcilia le memorie<\/a><\/li>\n<li><a href=\"http:\/\/www.luigiaccattoli.it\/blog\/?page_id=2925\">Cos\u00ec prego per un ragazzo arrestato<\/a><\/li>\n<li><a href=\"http:\/\/www.luigiaccattoli.it\/blog\/?page_id=1797\">Penso bene di questa folla<\/a><\/li>\n<li><a href=\"http:\/\/www.luigiaccattoli.it\/blog\/?page_id=858\">Il coraggio di dire che sono cristiano<\/a><\/li>\n<li><a href=\"http:\/\/www.luigiaccattoli.it\/blog\/?page_id=856\">Cristianesimo alla fine? O invece agli inizi?<\/a><\/li>\n<li><a href=\"http:\/\/www.luigiaccattoli.it\/blog\/?page_id=851\">La violenze alle donne e la mia vergogna di essere uomo<\/a><\/li>\n<li><a href=\"http:\/\/www.luigiaccattoli.it\/blog\/?page_id=850\">Io non ti condanno. Verso una nuova tolleranza<\/a><\/li>\n<li><a href=\"http:\/\/www.luigiaccattoli.it\/blog\/?page_id=786\">Il corpo in dono. Trapianti e donazioni di organi<\/a><\/li>\n<li><a href=\"http:\/\/www.luigiaccattoli.it\/blog\/?page_id=3319\">Craxi o della piet\u00e0 nascosta<\/a><\/li>\n<li><a href=\"http:\/\/www.luigiaccattoli.it\/blog\/?page_id=8002\">Arturo Carlo Jemolo: il magistero di un laico<\/a><\/li>\n<li><a href=\"http:\/\/www.luigiaccattoli.it\/blog\/collaborazione-a-riviste\/achille-silvestrini-il-decennio-di-ministro-degli-esteri-del-papa\/\" target=\"_blank\" rel=\"noopener\">Achille Silvestrini. Il decennio di ministro degli Esteri del Papa<\/a><\/li>\n<\/ul>\n<\/div>\n","protected":false},"excerpt":{"rendered":"<p>Se il Vaticano sia o no sull\u2019orlo del fallimento Il seme di futuro che fa attuali le &#8220;Carte romane&#8221; di Enrico Bartoletti Martini e Bergoglio gesuiti in avanscoperta come Matteo&#8230;<\/p>\n<div class=\"more-link-wrapper\"><a class=\"more-link\" href=\"http:\/\/www.luigiaccattoli.it\/blog\/collaborazione-a-riviste\/\">Read More<span class=\"screen-reader-text\">Collaborazione a riviste<\/span><\/a><\/div>\n","protected":false},"author":1,"featured_media":0,"parent":0,"menu_order":6,"comment_status":"open","ping_status":"closed","template":"","meta":{"_monsterinsights_skip_tracking":false,"_monsterinsights_sitenote_active":false,"_monsterinsights_sitenote_note":"","_monsterinsights_sitenote_category":0,"footnotes":""},"class_list":["post-9","page","type-page","status-publish","hentry","excerpt"],"_links":{"self":[{"href":"http:\/\/www.luigiaccattoli.it\/blog\/wp-json\/wp\/v2\/pages\/9","targetHints":{"allow":["GET"]}}],"collection":[{"href":"http:\/\/www.luigiaccattoli.it\/blog\/wp-json\/wp\/v2\/pages"}],"about":[{"href":"http:\/\/www.luigiaccattoli.it\/blog\/wp-json\/wp\/v2\/types\/page"}],"author":[{"embeddable":true,"href":"http:\/\/www.luigiaccattoli.it\/blog\/wp-json\/wp\/v2\/users\/1"}],"replies":[{"embeddable":true,"href":"http:\/\/www.luigiaccattoli.it\/blog\/wp-json\/wp\/v2\/comments?post=9"}],"version-history":[{"count":98,"href":"http:\/\/www.luigiaccattoli.it\/blog\/wp-json\/wp\/v2\/pages\/9\/revisions"}],"predecessor-version":[{"id":23874,"href":"http:\/\/www.luigiaccattoli.it\/blog\/wp-json\/wp\/v2\/pages\/9\/revisions\/23874"}],"wp:attachment":[{"href":"http:\/\/www.luigiaccattoli.it\/blog\/wp-json\/wp\/v2\/media?parent=9"}],"curies":[{"name":"wp","href":"https:\/\/api.w.org\/{rel}","templated":true}]}}