{"id":9034,"date":"2012-05-29T15:54:51","date_gmt":"2012-05-29T13:54:51","guid":{"rendered":"http:\/\/www.luigiaccattoli.it\/blog\/?page_id=9034"},"modified":"2012-05-29T15:54:51","modified_gmt":"2012-05-29T13:54:51","slug":"la-fede-nella-vita-di-un-semplice-cristiano-2","status":"publish","type":"page","link":"http:\/\/www.luigiaccattoli.it\/blog\/prefazioni-e-capitoli\/la-fede-nella-vita-di-un-semplice-cristiano-2\/","title":{"rendered":"La fede nella vita di un &#8220;semplice&#8221; cristiano"},"content":{"rendered":"<p>Libretto raro questo di Giorgio Meschini e da leggere con gratitudine. Perch\u00e9 se \u00e8 sempre rara \u2013 e perla di grande valore \u2013 la narrazione della fede, rarissima \u00e8 quella dei cristiani comuni che svolgono ruoli di primo piano nella societ\u00e0. L\u2019attestazione della fede cristiana nella vita pubblica italiana non \u00e8 affatto precaria, ma rara e reticente \u00e8 la sua narrazione da parte dei protagonisti.<\/p>\n<p>C\u2019\u00e8 infatti qui da noi una decisa ritrosia a raccontare il proprio rapporto tra la fede e l\u2019impegno pubblico, rapporto che \u00e8 costante materia di ammonizione da parte degli uomini di Chiesa e forse anche per questo \u00e8 avvertito quasi come un tab\u00f9 dai cristiani comuni che quotidianamente lo vivono. Il nostro autore con questo volumetto rompe quel tab\u00f9 e quella reticenza.<\/p>\n<p>Giorgio Meschini \u00e8 un ingegnere nucleare che si occupa di sicurezza nei luoghi di lavoro e conosce l\u2019intreccio delle responsabilit\u00e0 private e pubbliche in materia di tutela della vita e di promozione dell\u2019uomo: anche di ci\u00f2 parla nel libro e in particolare di come la vocazione cristiana spinga ad affrontare secondo un\u2019attitudine di servizio ogni impegno culturale e professionale.<\/p>\n<p>Meschini \u00e8 stato attivo fin da ragazzo nell\u2019Azione Cattolica di Macerata, dove \u00e8 stato anche vice presidente diocesano del settore giovani: questa esperienza \u2013 avvertibile nel linguaggio del volumetto \u2013 aiuta a intendere la passione e la gratitudine con cui l\u2019autore intesse ogni considerazione sulla vita ecclesiale.<\/p>\n<p>Infine la pi\u00f9 importante, forse, tra le scuole frequentate dal nostro e che l\u2019hanno preparato e provocato a svolgere questa narrazione di s\u00e8: per quindici anni a partire dal 1985 egli \u00e8 presente nel Consiglio comunale di Macerata, eletto prima nella lista della Dc poi in quella dei Popolari. Sempre di Macerata \u00e8 sindaco \u2013 a capo di una giunta di Centro Sinistra \u2013 per un decennio, dal 2000 al 2010. \u00a0Egli dunque sa \u201cdi che lacrime grondi e di che sangue\u201d la lotta politica e come essa metta alla prova il sentimento cristiano della vita e il discernimento che da esso pu\u00f2 germinare se posto a buona cultura.<\/p>\n<p>Meschini \u00e8 molto discreto \u2013 forse troppo \u2013 nel fare riferimento alla molteplice esperienza del combattimento a cui va incontro ogni vocazione pubblica e in particolare quella politica. Sta al lettore tener presente quel retroterra esigente delle sue parole mai enfatiche. Badando al curriculum \u2013 e all\u2019immagine di buon concittadino di cui gode in Macerata, ora che ha lasciato ogni incarico nella vita della citt\u00e0 \u2013 potremo intendere appieno l\u2019affermazione che \u00e8 alla base dell\u2019intera narrazione: \u201c<em>La fede \u00e8 un fatto personale che non pu\u00f2 non incidere anche nelle scelte \u2018politiche\u2019, non dei partiti, delle persone<\/em>\u201d.<\/p>\n<p>La riflessione del nostro \u00e8 sempre legata all\u2019esperienza \u2013 di uomo tra gli uomini, di professionista, di sposo, di cittadino \u2013 e questo \u00e8 il suo sale. Egli \u00e8 sposato ma non ha figli e persino questa privazione della paternit\u00e0 \u00e8 pi\u00f9 volte \u201cserenamente\u201d echeggiata nei dodici capitoli del libretto. In una pagina dice che la mancanza di figli ha permesso a lui e alla moglie di dedicarsi \u201ccon maggiori energie ad altri impegni sia familiari sia sociali, i quali ci offrono la possibilit\u00e0 di vivere in modo diverso l\u2019esperienza della maternit\u00e0 e della paternit\u00e0\u201d.<\/p>\n<p>Quanto all\u2019esperienza di uomo tra gli uomini, nel terzo capitolo scrive del dovere del cristiano di vivere \u201cincarnato\u201d perch\u00e9 \u201csolo con gli occhi ben attenti a ci\u00f2 che mi capita intorno\u201d potr\u00f2 riconoscere il prossimo a cui approssimarmi. Qui scorgo il consigliere e il sindaco che passa per via e dove guarda vede.<\/p>\n<p>Sull\u2019esperienza sponsale il libretto offre le pagine pi\u00f9 catturanti, specie quando \u2013 nel quarto capitolo \u2013 tratta della preghiera come di un \u201cdialogo tra due amanti\u201d e guarda all\u2019adorazione come a un \u201ccontemplarsi a vicenda godendo della presenza dell\u2019altro\u201d e alla comunione eucaristica come a un inveramento sacramentale dello slancio di unione che induce gli innamorati a dire \u201cti mangerei\u201d.<\/p>\n<p>La ricca esperienza di \u201ccittadino\u201d rende sapide le pagine in cui Meschini parla \u2013 nel quinto capitolo \u2013 delle tentazioni della ricchezza, del potere e del sesso: della \u201csudditanza ai potenti\u201d che sempre insidia i singoli cristiani e l\u2019intera comunit\u00e0, dell\u2019accusa di sessuofobia \u2013 immeritata ma non casuale \u2013 che ancora viene mossa alla Chiesa, del \u201cpossesso dell\u2019altro\u201d che non \u00e8 una degenerazione della sola vita sessuale o politica.<\/p>\n<p>Ho trovato utile ascoltare \u2013 nei capitoli centrali del libretto \u2013 questo ingegnere nucleare e gi\u00e0 sindaco che svolge una singolare <em>lectio<\/em> delle Beatitudini, della Parabola del Giudizio finale e dell\u2019Inno alla carit\u00e0 di Paolo, con vivi riferimenti a salari e salute, all\u2019impegno politico che assume e che lascia in libert\u00e0 di spirito, alla miseria di tanti, alla pace e alla guerra, ai migrati e ai carcerati, alla pena di morte, al \u201cpeccato\u201d dell\u2019evasione fiscale, a quel \u201crivoluzionario anticonformista\u201d che \u00e8 il cristiano che affronta il mondo \u201ca mani nude\u201d.<\/p>\n<p>Nell\u2019ultimo capitolo Meschini tratta la questione attualissima dei \u201cvalori non negoziabili\u201d \u2013 soprattutto in riferimento al \u201cfine vita\u201d \u2013 e di come promuoverli in una comunit\u00e0 civile e politica in cui convivono appartenenti a \u201cfedi\u201d diverse. Egli indica nella nostra Carta costituzionale l\u2019esempio \u201cpi\u00f9 alto\u201d dei risultati che si possono ottenere con la concertazione democratica a promozione di quei valori e tenacemente si rif\u00e0 a una \u201cvisione molto laica e relativistica della politica\u201d, senza mai attribuirle \u201cun valore assoluto e salvifico\u201d. Egli \u2013 in altre parole \u2013 \u00e8 di centrosinistra ma qui non si adopera a portare il lettore dalla sua parte che addirittura non nomina mai: perch\u00e9 \u00e8 vero \u2013 argomenta \u2013 che \u201cciascuno pu\u00f2 legittimamente ritenere che una parte politica sia pi\u00f9 confacente alle proprie idee rispetto a un\u2019altra\u201d, ma questa opzione sar\u00e0 solo il punto di avvio di una sfida sempre aperta e mai appagata a farsi prossimi a ogni umanit\u00e0, assumendo ognuno il rischio delle proprie scelte e rispettando quelle altrui, gareggiando tutti nella dedizione al bene comune.<\/p>\n<p>Il meglio di questa narrazione della fede da parte di un cristiano comune cos\u00ec concretamente impegnato sta in questo: che in nulla egli pretende di porsi a maestro e \u2013 insieme \u2013 mai si rifiuta di dare il proprio apporto alla ricerca di tutti. Mira in ogni pagina a porre in luce la scelta di fede mentre colloca in secondo piano le scelte storiche, che non nasconde e non ostentata, sempre sottoponendole a critica e vivendole nella logica del provvisorio che dovrebbe caratterizzare ogni umana avventura.<\/p>\n<p><strong>Luigi Accattoli<\/strong><\/p>\n<p>www.luigiaccattoli.it<\/p>\n<p>&nbsp;<\/p>\n<p><strong>Quarta di copertina<\/strong><\/p>\n<p>Un ingegnere nucleare che si occupa di sicurezza del lavoro e che \u00e8 stato per un decennio sindaco di Macerata narra la propria esperienza di vita che ha i suoi \u201cfuochi\u201d nella fede cristiana e nella \u201cpolitica\u201d.<\/p>\n<p>Una fede \u201claica\u201d, ragionevole e ragionata, fondata sul rapporto personale e comunitario con Dio e incarnata nell\u2019incontro con gli uomini attraverso tutti gli aspetti della vita sia privati sia pubblici, in un continuo scambio che rende la fede concreta e la vita realizzata. La \u201cpolitica\u201d come relazione tra gli uomini nell\u2019organizzazione sociale, di cui il \u201cfare politica\u201d nelle istituzioni democratiche \u00e8 solo un aspetto, perch\u00e9 l\u2019\u201cazione politica\u201d parte dal modo di essere, di agire e di pensare di ciascuno.<\/p>\n<p>La riflessione dell\u2019autore \u00e8 sempre legata all\u2019esperienza \u2013 di uomo tra gli uomini, di professionista, di sposo, di cittadino \u2013 e questo \u00e8 il suo sale. Si avverte in ogni pagina l\u2019occhio dell\u2019ingegnere che ispeziona uno stabilimento, o del sindaco che attraversa la citt\u00e0 e dove guarda vede.<\/p>\n","protected":false},"excerpt":{"rendered":"<p>Libretto raro questo di Giorgio Meschini e da leggere con gratitudine. Perch\u00e9 se \u00e8 sempre rara \u2013 e perla di grande valore \u2013 la narrazione della fede, rarissima \u00e8 quella&#8230;<\/p>\n<div class=\"more-link-wrapper\"><a class=\"more-link\" href=\"http:\/\/www.luigiaccattoli.it\/blog\/prefazioni-e-capitoli\/la-fede-nella-vita-di-un-semplice-cristiano-2\/\">Read More<span class=\"screen-reader-text\">La fede nella vita di un &#8220;semplice&#8221; cristiano<\/span><\/a><\/div>\n","protected":false},"author":1,"featured_media":0,"parent":109,"menu_order":0,"comment_status":"open","ping_status":"closed","template":"","meta":{"_monsterinsights_skip_tracking":false,"_monsterinsights_sitenote_active":false,"_monsterinsights_sitenote_note":"","_monsterinsights_sitenote_category":0,"footnotes":""},"class_list":["post-9034","page","type-page","status-publish","hentry","excerpt"],"_links":{"self":[{"href":"http:\/\/www.luigiaccattoli.it\/blog\/wp-json\/wp\/v2\/pages\/9034","targetHints":{"allow":["GET"]}}],"collection":[{"href":"http:\/\/www.luigiaccattoli.it\/blog\/wp-json\/wp\/v2\/pages"}],"about":[{"href":"http:\/\/www.luigiaccattoli.it\/blog\/wp-json\/wp\/v2\/types\/page"}],"author":[{"embeddable":true,"href":"http:\/\/www.luigiaccattoli.it\/blog\/wp-json\/wp\/v2\/users\/1"}],"replies":[{"embeddable":true,"href":"http:\/\/www.luigiaccattoli.it\/blog\/wp-json\/wp\/v2\/comments?post=9034"}],"version-history":[{"count":1,"href":"http:\/\/www.luigiaccattoli.it\/blog\/wp-json\/wp\/v2\/pages\/9034\/revisions"}],"predecessor-version":[{"id":9036,"href":"http:\/\/www.luigiaccattoli.it\/blog\/wp-json\/wp\/v2\/pages\/9034\/revisions\/9036"}],"up":[{"embeddable":true,"href":"http:\/\/www.luigiaccattoli.it\/blog\/wp-json\/wp\/v2\/pages\/109"}],"wp:attachment":[{"href":"http:\/\/www.luigiaccattoli.it\/blog\/wp-json\/wp\/v2\/media?parent=9034"}],"curies":[{"name":"wp","href":"https:\/\/api.w.org\/{rel}","templated":true}]}}