{"id":9041,"date":"2012-05-30T00:01:50","date_gmt":"2012-05-29T22:01:50","guid":{"rendered":"http:\/\/www.luigiaccattoli.it\/blog\/?page_id=9041"},"modified":"2012-05-30T00:01:50","modified_gmt":"2012-05-29T22:01:50","slug":"nella-notte-in-cui-tutti-i-corvi-sono-neri","status":"publish","type":"page","link":"http:\/\/www.luigiaccattoli.it\/blog\/articoli-di-liberal\/nella-notte-in-cui-tutti-i-corvi-sono-neri\/","title":{"rendered":"Nella notte in cui tutti i corvi sono neri"},"content":{"rendered":"<p><span style=\"font-family: Times New Roman,serif;\"><span style=\"font-size: medium;\"><strong><br \/>\n<\/strong><\/span><\/span><\/p>\n<p><span style=\"font-family: Times New Roman,serif;\"><span style=\"font-size: medium;\"><em>Articolo pubblicato da LIBERAL il 29 maggio a pagina 5 con il titolo STIAMO ATTENTI AI MEDIA-CORVI<\/em><\/span><\/span><\/p>\n<p><span style=\"font-family: Times New Roman,serif;\"><span style=\"font-size: medium;\">Qualcosa in cui credere, nell\u2019universo della Chiesa Cattolica, c\u2019\u00e8 e come, ma rischia di non esservi pi\u00f9 nulla che sia degno di fede nella rappresentazione mediatica degli eventi vaticani dell\u2019ultima settimana: dalla defenestrazione di Gotti Tedeschi dalla presidenza dell\u2019Ior alla messa in gabbia di un \u201ccorvo\u201d. Due fattacci che \u2013 per di pi\u00f9 \u2013 sono arrivati ai terminali dei giornalisti nello stesso giorno: gioved\u00ec 24 maggio. Due notizie clamorose e poi il vuoto informativo e si sa che in assenza di notizie il sistema dei media impazzisce e genera mostri: \u00e8 quello che sta avvenendo negli ultimi quattro giorni intorno al Vaticano. <\/span><\/span><\/p>\n<p><span style=\"font-family: Times New Roman,serif;\"><span style=\"font-size: medium;\">Il pi\u00f9 serio tra i due fatti \u00e8 quello dell\u2019Ior, nel quale persone di nomina papale \u2013 tali sono sia il presidente Gotti Tedeschi sia gli altri componenti del Consiglio di Sovrintendenza che l\u2019ha sfiduciato \u2013 si contrappongono pubblicamente ed \u00e8 un fatto senza precedenti e ci sono di mezzo grandi questioni e interessi ancora pi\u00f9 grandi, nonch\u00e9 la possibilit\u00e0 che il Vaticano ottenga o no \u2013 il prossimo luglio \u2013 l\u2019inserimento nella lista bianca degli Stati virtuosi in materia di correttezza finanziaria. <\/span><\/span><\/p>\n<p><span style=\"font-family: Times New Roman,serif;\"><span style=\"font-size: medium;\">Ebbene su questo fatto di prima grandezza nulla viene detto da nessuno tant\u2019\u00e8 che i media offrono le interpretazioni pi\u00f9 divergenti, da chi incolpa dell\u2019esito traumatico della presidenza Gotti Tedeschi il caratteraccio di quest\u2019ultimo, o la sua pigrizia (non partecipa alle riunioni cui \u00e8 tenuto), o la sua pretesa di avere un filo diretto con il Papa, o la sua rigidit\u00e0 in materia di \u201ctrasparenza\u201d, o la sua contrariet\u00e0 all\u2019ingresso dello Ior nell\u2019operazione San Raffaele che era invece caldeggiata dal cardinale Bertone.<\/span><\/span><\/p>\n<p><span style=\"font-family: Times New Roman,serif;\"><span style=\"font-size: medium;\">Ma non \u00e8 tutto. Il comunicato della Sala Stampa Vaticana che annunciava il 24 maggio la \u201csfiducia\u201d votata dal Consiglio di Sovrintendenza verso Gotti Tedeschi annunciava anche che il giorno dopo \u2013 venerd\u00ec 25 \u2013 si sarebbe riunita la Commissione Cardinalizia di vigilanza sullo Ior \u201cper trarre le conseguenze della delibera del Consiglio\u201d. Quella riunione c\u2019\u00e8 stata, ha avuto lunga durata, per tutta la giornata del 25 i giornalisti hanno atteso un comunicato che era annunciato e che non \u00e8 venuto e nessuno ha spiegato che cosa sia successo. Da qui la Babele delle illazioni, che continuer\u00e0 finch\u00e8 nulla verr\u00e0 detto.<\/span><\/span><\/p>\n<p><span style=\"font-family: Times New Roman,serif;\"><span style=\"font-size: medium;\">Senza precedenti \u00e8 anche il fatto del \u201ccorvo\u201d, della gran fuga cio\u00e8 di carte riservate da vari uffici vaticani che dura ormai da cinque mesi e che \u2013 si dice \u2013 avrebbe lo scopo di provocare la sostituzione del cardinale Bertone alla Segreteria di Stato. La questione \u00e8 impazzita sui media con l\u2019arresto dell\u2019aiutante di camera del Papa, Paolo Gabriele, trovato in possesso di carte riservate delle quali non avrebbe saputo o voluto giustificare la presenza nella propria abitazione. Tra quelle carte ve ne sarebbero alcune pubblicate dal collega Gianluigi Nuzzi nel volume \u201cSua Santit\u00e0\u201d arrivato nelle librerie all\u2019inizio della scorsa settimana. <\/span><\/span><\/p>\n<p><span style=\"font-family: Times New Roman,serif;\"><span style=\"font-size: medium;\">Nel caso del corvo la curiosit\u00e0 dei media \u00e8 stata pi\u00f9 viva e pi\u00f9 scatenate sono state le illazioni, le dicerie, le invenzioni. Si \u00e8 scritto che \u201cdietro\u201d o \u201csopra\u201d ai \u201ccorvi\u201d \u2013 intesi come trafugatori materiali dei testi \u2013 ci sarebbe una mente, dei cardinali, anzi a essere precisi \u201cun cardinale italiano\u201d. Tant\u2019\u00e8 che ieri il padre Lombardi ha precisato che al momento \u201c<\/span><\/span><span style=\"color: #000000;\"><span style=\"font-family: Times New Roman,serif;\"><span style=\"font-size: medium;\">non c\u2019\u00e8 alcun cardinale indagato\u201d. N\u00e9 <\/span><\/span><\/span><span style=\"font-family: Times New Roman,serif;\"><span style=\"font-size: medium;\">poteva mancare tra i congiurati una donna che <\/span><\/span><span style=\"color: #000000;\"><span style=\"font-family: Times New Roman,serif;\"><span style=\"font-size: medium;\">apparterebbe \u201callo stretto entourage del Pontefice\u201d<\/span><\/span><\/span><span style=\"font-family: Times New Roman,serif;\"><span style=\"font-size: medium;\">. L\u2019imperturbabile Lombardi: \u201c<\/span><\/span><span style=\"color: #000000;\"><span style=\"font-family: Times New Roman,serif;\"><span style=\"font-size: medium;\">Non c\u2019\u00e8 alcuna donna indagata\u201d.<\/span><\/span><\/span><\/p>\n<p><span style=\"font-family: Times New Roman,serif;\"><span style=\"font-size: medium;\">Molti si sono esercitati nell\u2019ipotizzare che Paolo Gabriele sia un \u201ccapro espiatorio\u201d \u2013 nel caso si direbbe: un corvo espiatorio. Se la prendono con lui che \u201cnon conta nulla\u201d perch\u00e9 non possono prendersela con chi conta di pi\u00f9\u201d. Questa ipotesi mi appare fantasiosa: a che servirebbe additare al pubblico ludibrio un innocente se il corvo \u2013 o i \u201cventi corvi\u201d, che qualcuno ipotizza \u2013 fossero ancora in libert\u00e0? Tu metti in gabbia un falso corvo e intanto quello vero continua a trafugare carte\u2026<\/span><\/span><\/p>\n<p><span style=\"font-family: Times New Roman,serif;\"><span style=\"font-size: medium;\">Ancora pi\u00f9 acrobatiche sono le ipotesi sulle motivazioni di chi trafuga le carte. Ieri si potevano leggere due interviste a due presunti \u201ccorvi\u201d, ovviamente anonimi, pubblicate una dalla \u201cStampa\u201d e un\u2019altra dalla \u201cRepubblica\u201d, con molti punti in comune che indurrebbero a immaginare che i due giornalisti abbiano parlato con la stessa persona. \u201cVogliamo aiutare il Papa\u201d dice il tipo a nome dell\u2019intera trib\u00f9 dei corvidi, su ambedue i giornali. Io trovo che questo sia un momento favoloso per i mitomani: chiunque chiami un giornalista e gli racconti una cabala vaticana ha la garanzia di finire in pagina.<\/span><\/span><\/p>\n<p><span style=\"font-family: Times New Roman,serif;\"><span style=\"font-size: medium;\">Nella notte delle notizie, dove tutti corvi sono neri, \u00e8 bene non escludere nulla ma \u00e8 ancora meglio non inventare nulla. E\u2019 lecito supporre una doppia personalit\u00e0 in Paolo Gabriele, perch\u00e9 no. Ieri ha fatto annunciare che intende \u201ccollaborare\u201d con il magistrato che conduce l\u2019indagine: vedremo. E pu\u00f2 essere benissimo che ci sia una \u201cmente\u201d dietro a dei trafugatori manuali. Ma tre desiderata mi permetto di formulare da cronista anziano delle cose vaticane: che i responsabili chiariscano di pi\u00f9 e pi\u00f9 tempestivamente (il silenzio su Gotti Tedeschi \u00e8 paradossale), che i colleghi distinguano i fatti dalle dicerie (inviterei a considerare le interviste ai corvi anonimi come le \u201clauree albanesi\u201d), che chi ha qualche grano di sale mantenga un minimo di equilibrio nel valutare gli eventi: un corvo \u00e8 un corvo e dargli pi\u00f9 attenzione di quanta se ne d\u00e0 allo scontro sull\u2019Ior \u00e8 insensato. <\/span><\/span><\/p>\n<p><span style=\"font-family: Times New Roman,serif;\"><span style=\"font-size: medium;\"><strong>Luigi Accattoli<\/strong><\/span><\/span><\/p>\n<p><span style=\"font-family: Times New Roman,serif;\"><span style=\"font-size: medium;\">www.luigiaccattoli.it<\/span><\/span><\/p>\n","protected":false},"excerpt":{"rendered":"<p>Articolo pubblicato da LIBERAL il 29 maggio a pagina 5 con il titolo STIAMO ATTENTI AI MEDIA-CORVI Qualcosa in cui credere, nell\u2019universo della Chiesa Cattolica, c\u2019\u00e8 e come, ma rischia&#8230;<\/p>\n<div class=\"more-link-wrapper\"><a class=\"more-link\" href=\"http:\/\/www.luigiaccattoli.it\/blog\/articoli-di-liberal\/nella-notte-in-cui-tutti-i-corvi-sono-neri\/\">Read More<span class=\"screen-reader-text\">Nella notte in cui tutti i corvi sono neri<\/span><\/a><\/div>\n","protected":false},"author":1,"featured_media":0,"parent":7659,"menu_order":0,"comment_status":"open","ping_status":"closed","template":"","meta":{"_monsterinsights_skip_tracking":false,"_monsterinsights_sitenote_active":false,"_monsterinsights_sitenote_note":"","_monsterinsights_sitenote_category":0,"footnotes":""},"class_list":["post-9041","page","type-page","status-publish","hentry","excerpt"],"_links":{"self":[{"href":"http:\/\/www.luigiaccattoli.it\/blog\/wp-json\/wp\/v2\/pages\/9041","targetHints":{"allow":["GET"]}}],"collection":[{"href":"http:\/\/www.luigiaccattoli.it\/blog\/wp-json\/wp\/v2\/pages"}],"about":[{"href":"http:\/\/www.luigiaccattoli.it\/blog\/wp-json\/wp\/v2\/types\/page"}],"author":[{"embeddable":true,"href":"http:\/\/www.luigiaccattoli.it\/blog\/wp-json\/wp\/v2\/users\/1"}],"replies":[{"embeddable":true,"href":"http:\/\/www.luigiaccattoli.it\/blog\/wp-json\/wp\/v2\/comments?post=9041"}],"version-history":[{"count":1,"href":"http:\/\/www.luigiaccattoli.it\/blog\/wp-json\/wp\/v2\/pages\/9041\/revisions"}],"predecessor-version":[{"id":9042,"href":"http:\/\/www.luigiaccattoli.it\/blog\/wp-json\/wp\/v2\/pages\/9041\/revisions\/9042"}],"up":[{"embeddable":true,"href":"http:\/\/www.luigiaccattoli.it\/blog\/wp-json\/wp\/v2\/pages\/7659"}],"wp:attachment":[{"href":"http:\/\/www.luigiaccattoli.it\/blog\/wp-json\/wp\/v2\/media?parent=9041"}],"curies":[{"name":"wp","href":"https:\/\/api.w.org\/{rel}","templated":true}]}}