{"id":909,"date":"2008-10-29T22:05:43","date_gmt":"2008-10-29T21:05:43","guid":{"rendered":"http:\/\/www.luigiaccattoli.it\/blog\/?page_id=909"},"modified":"2010-11-21T21:29:15","modified_gmt":"2010-11-21T21:29:15","slug":"contenuti-elementari-per-la-ricerca-del-vivere-umano","status":"publish","type":"page","link":"http:\/\/www.luigiaccattoli.it\/blog\/conferenze-e-dibattiti-2\/contenuti-elementari-per-la-ricerca-del-vivere-umano\/","title":{"rendered":"Contenuti elementari per la ricerca del vivere umano"},"content":{"rendered":"<p>San Lorenzo fuori le Mura \u2013 28 ottobre 2008 \u2013 ore 20,30<\/p>\n<p><em>Tavola rotonda con il padre Giacobbe Elia teologo, il neurofisiologo Flavio Keller, lo psicologo Tonino Cantelmi, lo psichiatra Alessandro Meluzzi e il padre Roberto Fornara biblista e studioso di mistica<\/em><\/p>\n<p><strong>Premessa<\/strong><br \/>\nLe ragioni della vita: questo \u00e8 l\u2019argomento della nostra tavola rotonda. Che sia questo vivere e che sia questo morire, che certamente anch\u2019esso della vita fa parte. Questa avventura del passaggio nostro sulla terra, dell\u2019esservi in contemporanea, in mezzo a tanti e per poco tempo. Che comprensione e che sentimento possiamo avere di questo fatto, che \u00e8 anche un mistero, luminoso e oscuro.<br \/>\nGuarderemo al fatto e al mistero della vita da cinque postazioni o appostamenti tra loro diversi. Saranno sguardi rapidi, speriamo chiari, a partire da quello che sto dicendo io: lo dico come sfida a me e ai cinque qui convenuti. Ascolteremo il teologo, il medico, lo psicologo, lo psichiatra e il maestro di vita spirituale.<br \/>\nInizio io a dire, in limine, il mio sguardo sulla vita. Ora parlo come padre, pi\u00f9 avanti, quando saremo a met\u00e0 del nostro dibattito, dir\u00f2 qualcosa come giornalista.<br \/>\nCome padre dico che mi \u00e8 spontaneo intendere la vita come dono. La mia vita innanzitutto, ma anche quelle che ho contribuito ad accendere, avendo avuto l\u2019incredibile ventura di farmi cooperatore di Dio nel generare figli e figlie.<br \/>\nEcco dunque che mi dispongo ad ascoltare questi cinque saggi che ci parleranno delle ragioni della vita in un atteggiamento di creaturale gratitudine per la mia vita e per le vite che l\u2019hanno attraversata.<\/p>\n<p><strong>Secondo giro di interventi<\/strong><br \/>\nPrima del secondo giro di interventi, dico qualcosa come giornalista \u2013 avendo all\u2019inizio parlato come padre. Ora parlo come uomo dei terminali informatici in questa civilt\u00e0 della comunicazione.<br \/>\nSe come padre ho detto la parola \u201cgratitudine\u201d, come giornalista voglio dire \u2013 voglio azzardarmi a dire \u2013 una parola di fiducia sul destino della vita nell\u2019oggi e nel domani dell\u2019umanit\u00e0. Una parola di fiducia nonostante tutto quello che vediamo e che sappiamo.<br \/>\nPerch\u00e9 la vita \u00e8 un nome di Dio: il vivente! Perch\u00e9 \u00e8 una realt\u00e0 fragile, ma ha un tale Padre!<br \/>\nE\u2019 vero che mai come oggi il dono della vita \u00e8 risultato tanto fragile, affidato com\u2019\u00e8 a un\u2019umanit\u00e0 che le preoccupazioni mondane e l\u2019inganno della ricchezza (Matteo 13,22) hanno reso cos\u00ec dimentica e veloce; ma io credo si possa anche dire che mai come oggi l\u2019umanit\u00e0 \u00e8 stata tanto consapevole della fragilit\u00e0 che caratterizza la vita di ogni creatura che viene in questo mondo. Consapevole della fragilit\u00e0 e dunque del prezzo di quella vita, della necessit\u00e0 di assicurarne l\u2019impagabile valore.<br \/>\nIo penso che mai come oggi il modo sia stato vicino a comprendere che l\u2019uomo vivente \u00e8 gloria di Dio. E credo che questa prossimit\u00e0 a capire sia favorita nell\u2019ora attuale dall\u2019avvertenza, ogni giorno pi\u00f9 viva, dei massimi pericoli a cui il nostro vivere espone ogni vita.<\/p>\n<p><strong>Una parola di conclusione<\/strong><br \/>\nIl nostro argomento era quello delle \u201cragioni della vita\u201d. Credo che su di esso ci siamo affacciati, con gratitudine e con fiducia. E dopo che abbiamo tanto ragionato forse possiamo concludere che la vita ha in se stessa la sua ragione, il suo fine. Nel libro della <em>Genesi<\/em>, al capitolo quinto, troviamo i sette patriarchi che sono tra Adamo e No\u00e8 e vediamo che di ognuno si dice \u201cgener\u00f2 figli e figlie\u201d, come a segnalare che in ci\u00f2 consiste infine la missione essenziale di un uomo sulla terra. In un\u2019epoca della velocit\u00e0 e dello stordimento com\u2019\u00e8 la nostra, \u00e8 necessario recuperare il convincimento \u2013 anzi: il sentimento \u2013 che non c\u2019\u00e8 atto pi\u00f9 grande di quello di dare la vita, perch\u00e9 \u2013 come gi\u00e0 detto \u2013 la vita ha in s\u00e9 stessa il proprio fine. Ci\u00f2 si pu\u00f2 dire di ogni vita, della vita dell\u2019uomo come della vita di Dio, perch\u00e9 \u2013 in definitiva \u2013 la vita dell\u2019uomo appartiene a quella di Dio.<\/p>\n","protected":false},"excerpt":{"rendered":"<p>San Lorenzo fuori le Mura \u2013 28 ottobre 2008 \u2013 ore 20,30 Tavola rotonda con il padre Giacobbe Elia teologo, il neurofisiologo Flavio Keller, lo psicologo Tonino Cantelmi, lo psichiatra&#8230;<\/p>\n<div class=\"more-link-wrapper\"><a class=\"more-link\" href=\"http:\/\/www.luigiaccattoli.it\/blog\/conferenze-e-dibattiti-2\/contenuti-elementari-per-la-ricerca-del-vivere-umano\/\">Read More<span class=\"screen-reader-text\">Contenuti elementari per la ricerca del vivere umano<\/span><\/a><\/div>\n","protected":false},"author":1,"featured_media":0,"parent":5506,"menu_order":0,"comment_status":"open","ping_status":"closed","template":"","meta":{"_monsterinsights_skip_tracking":false,"_monsterinsights_sitenote_active":false,"_monsterinsights_sitenote_note":"","_monsterinsights_sitenote_category":0,"footnotes":""},"class_list":["post-909","page","type-page","status-publish","hentry","excerpt"],"_links":{"self":[{"href":"http:\/\/www.luigiaccattoli.it\/blog\/wp-json\/wp\/v2\/pages\/909","targetHints":{"allow":["GET"]}}],"collection":[{"href":"http:\/\/www.luigiaccattoli.it\/blog\/wp-json\/wp\/v2\/pages"}],"about":[{"href":"http:\/\/www.luigiaccattoli.it\/blog\/wp-json\/wp\/v2\/types\/page"}],"author":[{"embeddable":true,"href":"http:\/\/www.luigiaccattoli.it\/blog\/wp-json\/wp\/v2\/users\/1"}],"replies":[{"embeddable":true,"href":"http:\/\/www.luigiaccattoli.it\/blog\/wp-json\/wp\/v2\/comments?post=909"}],"version-history":[{"count":1,"href":"http:\/\/www.luigiaccattoli.it\/blog\/wp-json\/wp\/v2\/pages\/909\/revisions"}],"predecessor-version":[{"id":5693,"href":"http:\/\/www.luigiaccattoli.it\/blog\/wp-json\/wp\/v2\/pages\/909\/revisions\/5693"}],"up":[{"embeddable":true,"href":"http:\/\/www.luigiaccattoli.it\/blog\/wp-json\/wp\/v2\/pages\/5506"}],"wp:attachment":[{"href":"http:\/\/www.luigiaccattoli.it\/blog\/wp-json\/wp\/v2\/media?parent=909"}],"curies":[{"name":"wp","href":"https:\/\/api.w.org\/{rel}","templated":true}]}}