{"id":9110,"date":"2012-06-11T15:00:18","date_gmt":"2012-06-11T13:00:18","guid":{"rendered":"http:\/\/www.luigiaccattoli.it\/blog\/?page_id=9110"},"modified":"2012-06-11T15:00:18","modified_gmt":"2012-06-11T13:00:18","slug":"remo-zanotti-il-mio-cuore-pazzo-e-la-voglia-di-fare-volontariato","status":"publish","type":"page","link":"http:\/\/www.luigiaccattoli.it\/blog\/cerco-fatti-di-vangelo\/5-anche-in-ospedale-si-puo-essere-felici\/remo-zanotti-il-mio-cuore-pazzo-e-la-voglia-di-fare-volontariato\/","title":{"rendered":"Remo Zanotti: Il mio cuore pazzo e la voglia di fare volontariato"},"content":{"rendered":"<p>&nbsp;<\/p>\n<p>Remo, costruttore di capannoni con la passione del volontariato, intorno al Natale 2011 si riprende da una grave crisi cardiaca dopo aver invocato l\u2019aiuto di Giovanni Paolo II e gli scrive questa lettera intitolata \u201cEsperienza di vita vissuta\u201d che affida a una coppia di amici in partenza per Roma perch\u00e9 la portino sulla tomba del Papa.<\/p>\n<p><em>\u00a0<\/em><\/p>\n<p><em>Caro Giovanni Paolo II, ti scrive questa perla di Remo, 42 anni, di Verona. Sono da sempre, per la fede trasmessami da piccolo, credente e praticante (grazie a Benedetto e Anna, i miei genitori). Sono dalla maggiore et\u00e0 volontario a 360\u00b0; non fisso su un canale unico, ma un jolly, visto il mio carattere aperto e disponibile a seguire le necessit\u00e0 visibili.<\/em><\/p>\n<p><em>Ho fatto una vita bella e feconda. Sposando Daniela \u2013 che ho conosciuto a Czestochowa, alla Giornata mondiale della Giovent\u00f9 del 1991, quando insieme conoscemmo te \u2013 ho avuto la grazia di due figli, Pietro e Sara, un lavoro sicuro, una casa e un\u2019esistenza piena di valori domestici e cristiani. Ho realizzato presto che la vita non \u00e8 nostra ma regalata e mi sono regalato il pi\u00f9 possibile, al solo contraccambio di serenit\u00e0 e sorriso! <\/em><\/p>\n<p><em>Mi piace far ridere e a volte esagero, sembro scemo. Mi piace far star bene chi mi incontra, cerco di essere utile, cos\u00ec il volontariato diventa espressione gratuita dell\u2019agape verso i fratelli. \u201cAgape\u201d \u00e8 il nome scelto per l\u2019Associazione che due anni fa abbiamo fondato al mio paese \u2013 Cadidavid \u2013 per lo stare insieme, tenere uniti e modernizzare le feste patronali e io ne sono il primo responsabile. Tutto il mio girovagare gratuito a sollevare varie situazioni di bisogno, dalla manutenzione all\u2019assistenza delle strutture pi\u00f9 disparate in zone limitrofe alla mia parrocchia.<\/em><\/p>\n<p><em>Il caso: c\u2019\u00e8 da togliere l\u2019acacia della scuola materna. Con mia moglie Daniela e mio fratello Carlo, presidente della scuola, decidiamo di tagliarla. Lo sforzo fatto, che ha caricato il mio cuore, mi porta all\u2019ospedale: ishemia coronarica acuta, coronarie strozzate al 90% = limite di morte improvvisa. Ma Qualcuno decide che non tocca ancora a me! <\/em><\/p>\n<p><em>Di fronte a me in rianimazione, dove sono stato tre giorni e mezzo, c\u2019\u00e8 una riproduzione del Crocifisso di San Damiano, che un giorno parl\u00f2 a Francesco d\u2019Assisi e che ora mi \u00a0tranquillizza e mi aiuta a tornare alla mia fede. Penso a casa mia, penso a Giovanni Paolo II (del quale ho un ricordo con reliquia in camera) e gli dico: \u201cHei, caro Papa, tu che da poco sei vicino a Ges\u00f9, e che l\u2019hai visto tante volte, portami con te o lasciami qui a essere ancora uno strumento della tua evangelizzazione\u201d.<\/em><\/p>\n<p><em>Tutto si sistema, sono e mi sento un miracolato. Sento che sono pieno di Grazia e ringrazio la Divina Provvidenza di aver scelto questo modo per aiutarmi e confermarmi che Ges\u00f9 mi ama e mi vuole ancora \u201cservo buono e fedele\u201d a far fruttare i miei talenti che credo tanti. Caro Giovanni Paolo II, vale la pena essere cristiani e vivere la vita, sempre bella. Remo, 4 gennaio 2012<\/em><\/p>\n<p><em>\u00a0<\/em><\/p>\n<p><strong>Ho conosciuto Remo Zanotti \u2013 di Cadidavid, Verona \u2013 tramite i comuni amici Adriana e Dino Serpelloni, ai quali Remo ha affidato la lettera da portare a Roma. In una delle e-mail che abbiamo scambiato, Remo afferma che con questa vicenda di salute la sua \u201cvoglia\u201d di volontariato \u201c\u00e8 cresciuta ed \u00e8 cresciuta anche la sicurezza che quando un bisognoso bussa alla mia porta \u00e8 un segno di Ges\u00f9 che mi dice di amare come io sono amato\u201d. <\/strong><\/p>\n<p><strong>\u00a0<\/strong><\/p>\n<p><strong>[Giugno 2012]<\/strong><em> <\/em><\/p>\n","protected":false},"excerpt":{"rendered":"<p>&nbsp; Remo, costruttore di capannoni con la passione del volontariato, intorno al Natale 2011 si riprende da una grave crisi cardiaca dopo aver invocato l\u2019aiuto di Giovanni Paolo II e&#8230;<\/p>\n<div class=\"more-link-wrapper\"><a class=\"more-link\" href=\"http:\/\/www.luigiaccattoli.it\/blog\/cerco-fatti-di-vangelo\/5-anche-in-ospedale-si-puo-essere-felici\/remo-zanotti-il-mio-cuore-pazzo-e-la-voglia-di-fare-volontariato\/\">Read More<span class=\"screen-reader-text\">Remo Zanotti: Il mio cuore pazzo e la voglia di fare volontariato<\/span><\/a><\/div>\n","protected":false},"author":1,"featured_media":0,"parent":2096,"menu_order":0,"comment_status":"open","ping_status":"closed","template":"","meta":{"_monsterinsights_skip_tracking":false,"_monsterinsights_sitenote_active":false,"_monsterinsights_sitenote_note":"","_monsterinsights_sitenote_category":0,"footnotes":""},"class_list":["post-9110","page","type-page","status-publish","hentry","excerpt"],"_links":{"self":[{"href":"http:\/\/www.luigiaccattoli.it\/blog\/wp-json\/wp\/v2\/pages\/9110","targetHints":{"allow":["GET"]}}],"collection":[{"href":"http:\/\/www.luigiaccattoli.it\/blog\/wp-json\/wp\/v2\/pages"}],"about":[{"href":"http:\/\/www.luigiaccattoli.it\/blog\/wp-json\/wp\/v2\/types\/page"}],"author":[{"embeddable":true,"href":"http:\/\/www.luigiaccattoli.it\/blog\/wp-json\/wp\/v2\/users\/1"}],"replies":[{"embeddable":true,"href":"http:\/\/www.luigiaccattoli.it\/blog\/wp-json\/wp\/v2\/comments?post=9110"}],"version-history":[{"count":1,"href":"http:\/\/www.luigiaccattoli.it\/blog\/wp-json\/wp\/v2\/pages\/9110\/revisions"}],"predecessor-version":[{"id":9111,"href":"http:\/\/www.luigiaccattoli.it\/blog\/wp-json\/wp\/v2\/pages\/9110\/revisions\/9111"}],"up":[{"embeddable":true,"href":"http:\/\/www.luigiaccattoli.it\/blog\/wp-json\/wp\/v2\/pages\/2096"}],"wp:attachment":[{"href":"http:\/\/www.luigiaccattoli.it\/blog\/wp-json\/wp\/v2\/media?parent=9110"}],"curies":[{"name":"wp","href":"https:\/\/api.w.org\/{rel}","templated":true}]}}