{"id":9360,"date":"2012-08-02T18:38:30","date_gmt":"2012-08-02T16:38:30","guid":{"rendered":"http:\/\/www.luigiaccattoli.it\/blog\/?page_id=9360"},"modified":"2012-08-02T18:38:30","modified_gmt":"2012-08-02T16:38:30","slug":"lidia-quaranta-che-muore-%e2%80%9cnella-certezza-di-una-vita-che-non-finisce%e2%80%9d","status":"publish","type":"page","link":"http:\/\/www.luigiaccattoli.it\/blog\/cerco-fatti-di-vangelo\/8-celebrazione-ecclesiale-della-propria-morte\/lidia-quaranta-che-muore-%e2%80%9cnella-certezza-di-una-vita-che-non-finisce%e2%80%9d\/","title":{"rendered":"Lidia Quaranta che muore \u201cnella certezza di una vita che non finisce\u201d"},"content":{"rendered":"<p>&nbsp;<\/p>\n<p><span style=\"font-family: Times New Roman,serif;\"><span style=\"font-size: medium;\">Lidia Quaranta, di Rimini, muore a 29 anni nel 2010 e il marito Matteo cos\u00ec narra il loro matrimonio, gli anni felici, la malattia e la partenza di lei vissuta da ambedue \u201cnella certezza di una vita che non finisce\u201d:<\/span><\/span><\/p>\n<p><span style=\"font-family: Times New Roman,serif;\"><span style=\"font-size: medium;\"><em>Lidia si \u00e8 ammalata nel 2009 pochi anni dopo il nostro matrimonio. Ci siamo sposati il 23 settembre del 2006, abbiamo passato due anni bellissimi in questa casa, sentendo di avere intrapreso il cammino che sognavamo e poi nel 2009, a marzo, mentre camminavamo in montagna sulla neve, lungo quella salita lei ha manifestato il primo sintomo della malattia e quindi in un attimo la nostra vita \u00e8 cambiata, il nostro cammino successivo \u00e8 durato 15 mesi e io lo paragono a una discesa in un abisso e a una risalita verso la vetta. <\/em><\/span><\/span><\/p>\n<p><span style=\"font-family: Times New Roman,serif;\"><span style=\"font-size: medium;\"><em>Lungo questa salita la fragilit\u00e0 \u00e8 un paradigma di quello che abbiamo vissuto. Specialmente quando sali sopra certe quote tu sei completamente esposto, non hai difese, non conti pi\u00f9 nulla di fronte alla grandezza di quello che hai attorno. In quel momento l\u2019atteggiamento dell\u2019affidamento fa la differenza. Con Lidia posso dire che questa vetta l\u2019abbiamo raggiunta con un pochino di anticipo e poi ci siamo fermati un po\u2019 l\u00ec a goderci un cielo incredibile, un\u2019aria tersa. <\/em><\/span><\/span><\/p>\n<p><span style=\"font-family: Times New Roman,serif;\"><span style=\"font-size: medium;\"><em>Lidia \u00e8 andata in cielo il 21 agosto del 2010. Le ultime due settimane sono state particolarissime, le abbiamo passate all\u2019hospice di Rimini. Era agosto, pieno agosto, c\u2019era sempre il sole e in quella stanza dell\u2019hospice c\u2019era un\u2019aria molto, molto particolare. Lei era gi\u00e0 una persona meravigliosa prima, ma in quei frangenti veramente ha rivelato il meglio della sua natura e ce l\u2019ha donata di fatto, perch\u00e9 chiunque sia passato anche brevemente, per pochi istanti, da quella stanza, dice di essere arrivato con l\u2019angoscia e di essere andato via in pace. <\/em><\/span><\/span><\/p>\n<p><span style=\"font-family: Times New Roman,serif;\"><span style=\"font-size: medium;\"><em>Lidia aveva una certezza assoluta che era quella della vita, tant\u2019\u00e8 che lei \u00e8 arrivata in fondo al suo cammino vivendolo come un cammino in una prospettiva di guarigione, ma in realt\u00e0 quello che viveva \u2013 secondo me \u2013 era gi\u00e0 la certezza di una vita che non finisce. In tutto questo Dio era quel compagno vivo di cammino, quel supporto a ogni passo, a ogni tentazione di cedimento, a dei momenti di fatica veramente estremi che ci sono stati. Lungo il cammino che abbiamo affrontato insieme ci sono stati, penso, tutti i colori delle emozioni possibili, dalla disperazione pi\u00f9 nera fino all\u2019azzurro del cielo e all\u2019aria tersa e penso che vadano vissute tutte. Cio\u00e8 non pu\u00f2 mancare nel corso della vita e nel corso di un\u2019avventura come questa, non pu\u00f2 mancare la disperazione, la percezione di essere abbandonati, impotenti, e inutili nell\u2019affrontare quello che sta arrivando. E secondo me il trucco \u00e8 proprio nel non scappare davanti a questo.<\/em><\/span><\/span><\/p>\n<p><span style=\"font-family: Times New Roman,serif;\"><span style=\"font-size: medium;\"><em>La cosa che resta di pi\u00f9 in assoluto come percezione della Lidia \u00e8 il suo sorriso. Al di l\u00e0 delle sue manifestazioni, dei suoi gesti di gioia, delle parole che potevano essere anche poche, poteva bastare uno scambio meno verbale magari del normale, ma quello che resta \u00e8 la sua fisicit\u00e0 gioiosa e un sorriso che conteneva il sole.<\/em><\/span><\/span><\/p>\n<p><span style=\"font-family: Times New Roman,serif;\"><span style=\"font-size: small;\"><strong>Matteo Botteghi fa questo racconto nel capitolo \u201cFragilit\u00e0\u201d del video \u201cVita cristiana: ce n\u2019\u00e8 una pi\u00f9 umana?\u201d Prodotto dalla diocesi di Rimini nel maggio del 2012. Su <\/strong><em><strong>Quotidiano.net<\/strong><\/em><strong> era apparso il 23 agosto 2010 questa necrologia: \u201cCon la gioia dei risorti annunciano il ritorno all\u2019abbraccio del Padre di <\/strong>Lidia Quaranta<strong> <\/strong><strong>in Botteghi<\/strong><strong> <\/strong><strong>di anni 29.<\/strong><strong> Il marito Matteo, i genitori Sandro e Rita, i fratelli Maria Luisa e Gabriele, i suoceri Pier Paolo e Maria, la cognata Michela, unitamente ai parenti tutti. I funerali avranno luogo luned\u00ec 23 Agosto, alle ore 15.30 nella Chiesa parrocchiale di S. Giovanni Battista; dopo le esequie seguir\u00e0 il trasporto della cara salma al civico Cimitero\u201d. Ho conosciuto Matteo per corrispondenza in occasione della veglia di Pentecoste che si \u00e8 fatta a Rimini in piazza Cavour il 26 maggio 2012, durante la quale veniva proiettato il video da cui ho preso le sue parole. Io ero l\u00ec per commentare le testimonianze contenute nel video. <\/strong><\/span><\/span><\/p>\n<p><span style=\"font-family: Times New Roman,serif;\"><span style=\"font-size: small;\"><strong>[Agosto 2012]<\/strong><\/span><\/span><\/p>\n","protected":false},"excerpt":{"rendered":"<p>&nbsp; Lidia Quaranta, di Rimini, muore a 29 anni nel 2010 e il marito Matteo cos\u00ec narra il loro matrimonio, gli anni felici, la malattia e la partenza di lei&#8230;<\/p>\n<div class=\"more-link-wrapper\"><a class=\"more-link\" href=\"http:\/\/www.luigiaccattoli.it\/blog\/cerco-fatti-di-vangelo\/8-celebrazione-ecclesiale-della-propria-morte\/lidia-quaranta-che-muore-%e2%80%9cnella-certezza-di-una-vita-che-non-finisce%e2%80%9d\/\">Read More<span class=\"screen-reader-text\">Lidia Quaranta che muore \u201cnella certezza di una vita che non finisce\u201d<\/span><\/a><\/div>\n","protected":false},"author":1,"featured_media":0,"parent":2106,"menu_order":0,"comment_status":"open","ping_status":"closed","template":"","meta":{"_monsterinsights_skip_tracking":false,"_monsterinsights_sitenote_active":false,"_monsterinsights_sitenote_note":"","_monsterinsights_sitenote_category":0,"footnotes":""},"class_list":["post-9360","page","type-page","status-publish","hentry","excerpt"],"_links":{"self":[{"href":"http:\/\/www.luigiaccattoli.it\/blog\/wp-json\/wp\/v2\/pages\/9360","targetHints":{"allow":["GET"]}}],"collection":[{"href":"http:\/\/www.luigiaccattoli.it\/blog\/wp-json\/wp\/v2\/pages"}],"about":[{"href":"http:\/\/www.luigiaccattoli.it\/blog\/wp-json\/wp\/v2\/types\/page"}],"author":[{"embeddable":true,"href":"http:\/\/www.luigiaccattoli.it\/blog\/wp-json\/wp\/v2\/users\/1"}],"replies":[{"embeddable":true,"href":"http:\/\/www.luigiaccattoli.it\/blog\/wp-json\/wp\/v2\/comments?post=9360"}],"version-history":[{"count":1,"href":"http:\/\/www.luigiaccattoli.it\/blog\/wp-json\/wp\/v2\/pages\/9360\/revisions"}],"predecessor-version":[{"id":9361,"href":"http:\/\/www.luigiaccattoli.it\/blog\/wp-json\/wp\/v2\/pages\/9360\/revisions\/9361"}],"up":[{"embeddable":true,"href":"http:\/\/www.luigiaccattoli.it\/blog\/wp-json\/wp\/v2\/pages\/2106"}],"wp:attachment":[{"href":"http:\/\/www.luigiaccattoli.it\/blog\/wp-json\/wp\/v2\/media?parent=9360"}],"curies":[{"name":"wp","href":"https:\/\/api.w.org\/{rel}","templated":true}]}}