{"id":9499,"date":"2012-09-01T12:38:33","date_gmt":"2012-09-01T10:38:33","guid":{"rendered":"http:\/\/www.luigiaccattoli.it\/blog\/?page_id=9499"},"modified":"2012-09-01T12:55:44","modified_gmt":"2012-09-01T10:55:44","slug":"il-cardinale-martini-e-la-sua-schietta-predicazione-del-vangelo","status":"publish","type":"page","link":"http:\/\/www.luigiaccattoli.it\/blog\/articoli-di-liberal\/il-cardinale-martini-e-la-sua-schietta-predicazione-del-vangelo\/","title":{"rendered":"Il cardinale Martini e i tre segreti della sua predicazione"},"content":{"rendered":"<p><strong><br \/>\n<\/strong><\/p>\n<p><em>Pubblicato da LIBERAL del 1\u00b0 settembre 2012 a pagina 3 con il titolo IL PREDICATORE CHE NON FACEVA PREDICHE<\/em><\/p>\n<p>&nbsp;<\/p>\n<p>\u201cL\u2019unico che non ci ha fatto la predica \u00e8 stato il cardinale Martini\u201d dissero due dei miei figli che nell\u2019agosto del 1993 partecipavano alla Giornata mondiale della giovent\u00f9 di Denver (Stati Uniti). Potrebbe essere questa la chiave per interpretare la singolarit\u00e0 di un uomo di Chiesa che ha parlato a tanti e per tanto tempo della figura di Ges\u00f9 Cristo senza fare prediche: cio\u00e8 senza moralismi e senza invettive.<\/p>\n<p>Ascoltandolo in centinaia di occasioni e alle prese con gli interlocutori pi\u00f9 diversi mi sono fatto l\u2019idea che ci fosse un triplice segreto dietro la sua capacit\u00e0 di parlare alle moltitudini, attestata dalla straordinaria tenuta \u2013 pi\u00f9 che trentennale \u2013 della sua presenza nelle assemblee di Chiesa, nei media e nell\u2019editoria: si metteva in loro, procedeva schiettamente, presentava il Vangelo.<\/p>\n<p>Si metteva in loro: cio\u00e8 ragionava sulle difficolt\u00e0 a credere che possono avere le donne e gli uomini di oggi facendole sue. Prendeva sul serio le domande che gli venivano poste e rispondeva con una schiettezza sorprendente che spesso l\u2019ha esposto a critiche. Non era un diplomatico della parola e sapeva correre dei rischi: il rischio di esporsi, di essere frainteso, di finire sotto accusa.<\/p>\n<p>Non censurava mai un dubbio suo o altrui, o un\u2019obiezione degli avversari, per ragioni di convenienza. Si trattasse di questioni del governo della Chiesa o di rapporto con la politica o di lontananza della cultura di oggi dalla tradizione cristiana.<\/p>\n<p>Il terzo segreto \u00e8 il pi\u00f9 importante: egli non proponeva una sua dottrina, n\u00e9 seguiva un particolare metodo catechistico, ma commentava il Vangelo. Andava al cuore del cuore del messaggio cristiano che \u00e8 la figura di Ges\u00f9 com\u2019\u00e8 presentata dai Vangeli e intorno a essa svolgeva ogni argomento.<\/p>\n<p>Conobbi il cardinale Martini negli anni \u201960 del secolo scorso, quand\u2019era professore all\u2019Istituto biblico e io ero un ragazzo della Fuci e l\u2019ascoltavo a Roma e nelle settimane teologiche di Camaldoli. Gi\u00e0 allora seguiva quel metodo che non ha mai abbandonato: sempre l\u2019ho visto partire dalla Parola e sempre mi \u00e8 parso arrivasse con chiara presa all\u2019uomo di oggi.<\/p>\n<p>Come vaticanista della \u201cRepubblica\u201d e poi del \u201cCorriere della Sera\u201d l\u2019ho incontrato a Milano e a Roma e in varie parti del mondo, gli ho fatto domande nelle conferenze stampa e interviste in esclusiva, sono stato ospite alla sua mensa. Due volte (nel 1991 e nel 2000) mi ha chiamato a proporgli \u2013 davanti a un pubblico di giornalisti \u2013 alcune \u00a0\u201cprovocazioni\u201d sulle \u201ccose ultime\u201d.<\/p>\n<p>Mai l\u2019ho sentito dire \u201cevitiamo questo argomento\u201d. Altre due volte mi ha chiamato \u2013 insieme a una ventina di ospiti della pi\u00f9 diversa esperienza \u2013 per avere suggerimenti in ordine a due delle lettere pastorali che hanno fatto epoca: quella sui media intitolata \u201cIl lembo del mantello\u201d (1991) e quella sulla \u201cfine dei tempi\u201d intitolata \u201cSto alla porta e busso\u201d (1992). Chiamava quegli incontri \u201cbrainstorming\u201d, tempesta di cervelli e voleva che ognuno dicesse la sua in totale libert\u00e0.<\/p>\n<p>Una terza volta mi ha chiamato a dialogare con i vescovi della Lombardia in vista di un documento collettivo sulla famiglia (1999): \u201cLei che ha figli ci parli della loro difficolt\u00e0 a essere cristiani\u201d.<\/p>\n<p>Una quarta volta mi sono trovato a tavola tra lui e il cardinale Ruini a un pranzo ufficiale, a Parigi, in occasione della Giornata mondiale della giovent\u00f9 del 1997. Ruini aveva letto quotidianamente i miei articoli sull\u2019evento e li comment\u00f2 uno per uno, Martini non ne aveva visto nessuno e mi chiese di aiutarlo a \u201ctrovare qualche parola per parlare a questi ragazzi che nei confronti della fede mi pare vivano l\u2019attrazione e le titubanze del giovane ricco del Vangelo\u201d.<\/p>\n<p>Questo metodo disarmato di farsi tutto a tutti egli l\u2019ha adottato in ogni occasione pubblica e privata, sia che parlasse in un carcere, o a una congregazione di cardinali, o nel Duomo di Milano, o ai lettori del \u201cCorriere della Sera\u201d, o a un gruppo di parkinsoniani.<\/p>\n<p>Egli lascia alla Chiesa \u2013 ma anche alla societ\u00e0 italiana \u2013 una duplice provocazione: ad attenersi sempre al principio di realt\u00e0 e a non adeguarsi mai all\u2019esistente. Nessuno tra i cardinali, lungo gli ultimi trent\u2019anni, ha parlato con altrettanta schiettezza dell\u2019insufficienza delle risposte tradizionali alla fuga dei giovani dalla pratica religiosa, alla crisi del clero, alla nuova sensibilit\u00e0 in materia di relazioni affettive, di formazione dei fidanzati, di promozione della famiglia, di regolamentazione delle nascite, di considerazione dell\u2019omosessualit\u00e0.<\/p>\n<p>Sempre incoraggiava a cercare ancora, a esplorare pi\u00f9 ampiamente. Ricordo una \u201clettera ai sinodali\u201d dell\u2019arcidiocesi di Milano del maggio 1994, che riconosceva i \u201cmolti doni\u201d venuti dal Sinodo ambrosiano ma affermava che \u201cun po\u2019 pi\u00f9 di vento dello Spirito\u201d non avrebbe \u201cfatto male\u201d. In genere i vescovi trattengono il gregge, Martini invece l\u2019esortava \u201ca novit\u00e0 coraggiose\u201d e a godere in pienezza della \u201clibert\u00e0 del Vangelo\u201d.<\/p>\n<p>Molti si sono chiesti da dove gli venisse tanta autorevolezza di parola, pur nella progressiva rinuncia \u2013 imposta dall\u2019et\u00e0 e dalla malattia \u2013 a ogni responsabilit\u00e0 istituzionale e a ogni ruolo pubblico. Credo che la risposta vada cercata in quell\u2019adesione alla realt\u00e0 e in quell\u2019invito a rispondervi con coraggio e libert\u00e0.<\/p>\n<p><strong>Luigi Accattoli<\/strong><\/p>\n","protected":false},"excerpt":{"rendered":"<p>Pubblicato da LIBERAL del 1\u00b0 settembre 2012 a pagina 3 con il titolo IL PREDICATORE CHE NON FACEVA PREDICHE &nbsp; \u201cL\u2019unico che non ci ha fatto la predica \u00e8 stato&#8230;<\/p>\n<div class=\"more-link-wrapper\"><a class=\"more-link\" href=\"http:\/\/www.luigiaccattoli.it\/blog\/articoli-di-liberal\/il-cardinale-martini-e-la-sua-schietta-predicazione-del-vangelo\/\">Read More<span class=\"screen-reader-text\">Il cardinale Martini e i tre segreti della sua predicazione<\/span><\/a><\/div>\n","protected":false},"author":1,"featured_media":0,"parent":7659,"menu_order":0,"comment_status":"open","ping_status":"closed","template":"","meta":{"_monsterinsights_skip_tracking":false,"_monsterinsights_sitenote_active":false,"_monsterinsights_sitenote_note":"","_monsterinsights_sitenote_category":0,"footnotes":""},"class_list":["post-9499","page","type-page","status-publish","hentry","excerpt"],"_links":{"self":[{"href":"http:\/\/www.luigiaccattoli.it\/blog\/wp-json\/wp\/v2\/pages\/9499","targetHints":{"allow":["GET"]}}],"collection":[{"href":"http:\/\/www.luigiaccattoli.it\/blog\/wp-json\/wp\/v2\/pages"}],"about":[{"href":"http:\/\/www.luigiaccattoli.it\/blog\/wp-json\/wp\/v2\/types\/page"}],"author":[{"embeddable":true,"href":"http:\/\/www.luigiaccattoli.it\/blog\/wp-json\/wp\/v2\/users\/1"}],"replies":[{"embeddable":true,"href":"http:\/\/www.luigiaccattoli.it\/blog\/wp-json\/wp\/v2\/comments?post=9499"}],"version-history":[{"count":3,"href":"http:\/\/www.luigiaccattoli.it\/blog\/wp-json\/wp\/v2\/pages\/9499\/revisions"}],"predecessor-version":[{"id":9506,"href":"http:\/\/www.luigiaccattoli.it\/blog\/wp-json\/wp\/v2\/pages\/9499\/revisions\/9506"}],"up":[{"embeddable":true,"href":"http:\/\/www.luigiaccattoli.it\/blog\/wp-json\/wp\/v2\/pages\/7659"}],"wp:attachment":[{"href":"http:\/\/www.luigiaccattoli.it\/blog\/wp-json\/wp\/v2\/media?parent=9499"}],"curies":[{"name":"wp","href":"https:\/\/api.w.org\/{rel}","templated":true}]}}