{"id":9502,"date":"2012-09-01T12:41:30","date_gmt":"2012-09-01T10:41:30","guid":{"rendered":"http:\/\/www.luigiaccattoli.it\/blog\/?page_id=9502"},"modified":"2012-09-01T12:41:30","modified_gmt":"2012-09-01T10:41:30","slug":"il-cardinale-martini-nel-conclave-del-2005","status":"publish","type":"page","link":"http:\/\/www.luigiaccattoli.it\/blog\/articoli-del-corriere-della-sera\/il-cardinale-martini-nel-conclave-del-2005\/","title":{"rendered":"Il cardinale Martini nel Conclave del 2005"},"content":{"rendered":"<p><strong><br \/>\n<\/strong><\/p>\n<p><em>Pubblicato dal \u201cCorriere della Sera\u201d del 1\u00b0 settembre 2012 a pagina 5 con il titolo \u201cL\u2019uomo che poteva conquistare il Papato\u201d<\/em><\/p>\n<p>Il cardinale Martini \u00e8 stato un vero candidato al Papato nella seconda met\u00e0 degli anni \u201980 e nei primi anni \u201990 ma non lo era pi\u00f9 nell\u2019unico Conclave al quale ha partecipato, che \u00e8 stato quello del 2005 che ha eletto il cardinale Ratzinger. Ebbe tuttavia un ruolo di primo piano in quel Conclave e soprattutto nel pre-Conclave, un ruolo di\u00a0 \u201cconsigliere\u201d che fu secondo solo a quello dominante del cardinale decano che ne usc\u00ec eletto.<\/p>\n<p>La data chiave per la parte svolta da Martini in quel Conclave \u00e8 quella del luned\u00ec 11 aprile: siamo a met\u00e0 della \u201csede vacante\u201d, Wojtyla \u00e8 morto il 2 aprile e Ratzinger sar\u00e0 eletto il 19 aprile. Quel luned\u00ec i cardinali riuniti nella Congregazione generale iniziano a discutere la situazione della Chiesa e continueranno a farlo per tutta la settimana.<\/p>\n<p>Il cardinale decano invita i confratelli a indicare le priorit\u00e0 di cui tener conto nella scelta del nuovo Papa e dice che sono aperte le iscrizioni a parlare. Martini \u00e8 il primo a prendere la parola. Indica due \u00ablivelli\u00bb di attenzione: uno generale, dove colloca l\u2019opera di evangelizzazione, l\u2019ecumenismo, i poveri e la pace; l\u2019altro di questioni particolari, accennando alla collegialit\u00e0 da sviluppare a tutti i livelli della Chiesa, alla bioetica, alla famiglia, alla sessualit\u00e0.<\/p>\n<p>Martini parla per il tempo che ha a disposizione \u2013 cinque minuti \u2013 e poi si siede. Nessun altro ha chiesto ancora la parola e il decano dice: \u201cCoraggio, abbiamo ancora del tempo per intervenire\u201d ma il Collegio sembra intimorito in questo primo giro di opinioni. Ed ecco Martini che si alza di nuovo e dice \u201cavrei ancora da dire\u201d. E Ratzinger: \u201cParli ancora, volentieri l\u2019ascoltiamo\u201d.<\/p>\n<p>Riprende la parola e ottiene \u2013 se possibile \u2013 ancora un pi\u00f9 fitto silenzio da parte dei 134 cardinali presenti. Precisa che vede come \u00abnecessario\u00bb sviluppare la \u00abconcertazione\u00bb tra il Papa e i vescovi, realizzando strumenti nuovi di partecipazione al governo della Chiesa. \u00c8 convinto che non bastino gli attuali Sinodi. Sostiene che su famiglia, sessualit\u00e0 e simili sia necessario \u00abcercare\u00bb un nuovo linguaggio per parlare all\u2019umanit\u00e0 di oggi e in particolare ai giovani, un\u2019intera generazione dei quali rischia di essere \u201cperduta\u201d per la Chiesa almeno in Europa.<\/p>\n<p>Martini aveva allora settantotto anni appena compiuti, gi\u00e0 tremava per il Parkinson e usava il bastone. Era impensabile che dopo un Papa parkinsoniano ne venisse eletto un altro minato dalla stessa malattia. Ma gi\u00e0 non era pi\u00f9 da diversi anni un vero candidato al Papato anche per il cambiamento dei tempi e per la stanchezza delle idee di riforma all\u2019interno della comunit\u00e0 cattolica.<\/p>\n<p>Gli anni nei quali il cardinale Martini \u00e8 realmente un possibile Papa \u2013 quando cio\u00e8 riscuote nel Collegio cardinalizio un consenso vasto e forse preponderante, almeno tra i cardinali del Nord del mondo \u2013 sono quelli nei quali ricopre la carica di presidente del <a title=\"Consiglio delle Conferenze dei Vescovi d'Europa\" href=\"http:\/\/it.wikipedia.org\/wiki\/Consiglio_delle_Conferenze_dei_Vescovi_d%27Europa\">Consiglio delle Conferenze dei Vescovi d&#8217;Europa<\/a>, tra il 1986 e il 1993. E\u2019 la stagione della caduta del muro e di utopie di pace e di nuova evangelizzazione che calamitano molti ambienti cristiani.<\/p>\n<p>Una dozzina di anni pi\u00f9 tardi quelle utopie risulteranno indebolite dalla caduta delle statistiche sulla pratica religiosa, dal rinnovato conflitto tra le religioni e dalla disaffezione dei giovani verso le Chiese storiche. In questo nuovo clima Martini pu\u00f2 svolgere soltanto il ruolo di consigliere e lo svolger\u00e0, in Conclave e dopo, per incoraggiare i propri sostenitori ad accogliere con sincero apprezzamento l\u2019elezione \u00a0del Papa teologo e a sostenerne l\u2019azione purificatrice, aiutandolo per questa via a tener conto in qualche modo di quell\u2019agenda riformatrice che aveva esposto nel pre-Conclave.<\/p>\n<p>Ratzinger e Martini hanno svolto in parallelo un ruolo di primo piano lungo l\u2019intero Pontificato del Papa polacco. Un ruolo diverso ma anche amico e bilanciato, segnalato in pi\u00f9 occasioni da Giovanni Paolo II che per il 25 \u00ba di Pontificato \u2013 nel 2003 \u2013 regal\u00f2 ai cardinali convenuti a Roma a festeggiarlo un volume biblico del cardinale Martini che aveva la prefazione del cardinale Ratzinger.<\/p>\n<p><strong>Luigi Accattoli<\/strong><\/p>\n<p>www.luigiaccattoli.it<\/p>\n","protected":false},"excerpt":{"rendered":"<p>Pubblicato dal \u201cCorriere della Sera\u201d del 1\u00b0 settembre 2012 a pagina 5 con il titolo \u201cL\u2019uomo che poteva conquistare il Papato\u201d Il cardinale Martini \u00e8 stato un vero candidato al&#8230;<\/p>\n<div class=\"more-link-wrapper\"><a class=\"more-link\" href=\"http:\/\/www.luigiaccattoli.it\/blog\/articoli-del-corriere-della-sera\/il-cardinale-martini-nel-conclave-del-2005\/\">Read More<span class=\"screen-reader-text\">Il cardinale Martini nel Conclave del 2005<\/span><\/a><\/div>\n","protected":false},"author":1,"featured_media":0,"parent":7661,"menu_order":0,"comment_status":"open","ping_status":"closed","template":"","meta":{"_monsterinsights_skip_tracking":false,"_monsterinsights_sitenote_active":false,"_monsterinsights_sitenote_note":"","_monsterinsights_sitenote_category":0,"footnotes":""},"class_list":["post-9502","page","type-page","status-publish","hentry","excerpt"],"_links":{"self":[{"href":"http:\/\/www.luigiaccattoli.it\/blog\/wp-json\/wp\/v2\/pages\/9502","targetHints":{"allow":["GET"]}}],"collection":[{"href":"http:\/\/www.luigiaccattoli.it\/blog\/wp-json\/wp\/v2\/pages"}],"about":[{"href":"http:\/\/www.luigiaccattoli.it\/blog\/wp-json\/wp\/v2\/types\/page"}],"author":[{"embeddable":true,"href":"http:\/\/www.luigiaccattoli.it\/blog\/wp-json\/wp\/v2\/users\/1"}],"replies":[{"embeddable":true,"href":"http:\/\/www.luigiaccattoli.it\/blog\/wp-json\/wp\/v2\/comments?post=9502"}],"version-history":[{"count":1,"href":"http:\/\/www.luigiaccattoli.it\/blog\/wp-json\/wp\/v2\/pages\/9502\/revisions"}],"predecessor-version":[{"id":9503,"href":"http:\/\/www.luigiaccattoli.it\/blog\/wp-json\/wp\/v2\/pages\/9502\/revisions\/9503"}],"up":[{"embeddable":true,"href":"http:\/\/www.luigiaccattoli.it\/blog\/wp-json\/wp\/v2\/pages\/7661"}],"wp:attachment":[{"href":"http:\/\/www.luigiaccattoli.it\/blog\/wp-json\/wp\/v2\/media?parent=9502"}],"curies":[{"name":"wp","href":"https:\/\/api.w.org\/{rel}","templated":true}]}}