{"id":9579,"date":"2012-09-11T10:57:59","date_gmt":"2012-09-11T08:57:59","guid":{"rendered":"http:\/\/www.luigiaccattoli.it\/blog\/?page_id=9579"},"modified":"2012-09-11T11:00:38","modified_gmt":"2012-09-11T09:00:38","slug":"teresina-natalino-%e2%80%9cquel-marocchino-io-lo-perdono%e2%80%9d","status":"publish","type":"page","link":"http:\/\/www.luigiaccattoli.it\/blog\/cerco-fatti-di-vangelo\/3-il-perdono-degli-uccisori-dei-parenti\/d-omicidi-comuni\/teresina-natalino-%e2%80%9cquel-marocchino-io-lo-perdono%e2%80%9d\/","title":{"rendered":"Teresina Natalino: \u201cQuel marocchino io lo perdono\u201d"},"content":{"rendered":"<p><em>\u201cS\u00ec, io lo perdono. Se fosse vivo, Fortunato direbbe lui stesso ai suoi ragazzi: adesso calma, non cercate la vendetta, non seminate odio e discordia nel paese. Sapete, io in classe a Gizzeria ho tanti alunni marocchini, tanti bambini che spero presto di rivedere e di poter riabbracciare. Ecco voglio adesso dir loro che il mio bene non \u00e8 mutato e torner\u00f2 in classe senza rancore, con la voglia intatta di dialogare ancora. Noi eravamo una grande famiglia. Unita, anzi unitissima. Abbiamo cresciuto figli (Alessandro e Chiara, ndr) nella fede cristiana. Ed \u00e8 per questo che dico che la morte oggi non \u00e8 riuscita a spezzare questo vincolo, io credo anzi che Fortunato dal cielo continuer\u00e0 ad accompagnarci ogni giorno che resta nel nostro cammino terreno. Adesso mi aspetto che la giustizia faccia il suo corso, naturalmente, perch\u00e9 io credo nella legge e credo che vada sempre rispettata. Per\u00f2 quello che m\u2019importa veramente non \u00e8 tanto che il ragazzo marocchino venga punito, quanto piuttosto che egli capisca, che si renda conto, che impari qualcosa da tutto il male che ha fatto. Non conta la pena. Conta l\u2019educazione\u201d. <\/em><\/p>\n<p>Sono parole di Teresina Natalino, moglie di Fortunato Bernardi, insegnante di ginnastica ucciso insieme ad altri sei ciclisti domenica 5 dicembre 2010, a Lamezia Terme, da un immigrato marocchino di 21 anni che li ha travolti con la sua automobile.<\/p>\n<p><strong>Le parole di Teresina dal <em>Corriere della Sera<\/em> del 7 dicembre 2010, a pagina 23.<\/strong><\/p>\n<p><strong>[Settembre 2011]<\/strong><\/p>\n","protected":false},"excerpt":{"rendered":"<p>\u201cS\u00ec, io lo perdono. Se fosse vivo, Fortunato direbbe lui stesso ai suoi ragazzi: adesso calma, non cercate la vendetta, non seminate odio e discordia nel paese. Sapete, io in&#8230;<\/p>\n<div class=\"more-link-wrapper\"><a class=\"more-link\" href=\"http:\/\/www.luigiaccattoli.it\/blog\/cerco-fatti-di-vangelo\/3-il-perdono-degli-uccisori-dei-parenti\/d-omicidi-comuni\/teresina-natalino-%e2%80%9cquel-marocchino-io-lo-perdono%e2%80%9d\/\">Read More<span class=\"screen-reader-text\">Teresina Natalino: \u201cQuel marocchino io lo perdono\u201d<\/span><\/a><\/div>\n","protected":false},"author":1,"featured_media":0,"parent":2241,"menu_order":0,"comment_status":"open","ping_status":"closed","template":"","meta":{"_monsterinsights_skip_tracking":false,"_monsterinsights_sitenote_active":false,"_monsterinsights_sitenote_note":"","_monsterinsights_sitenote_category":0,"footnotes":""},"class_list":["post-9579","page","type-page","status-publish","hentry","excerpt"],"_links":{"self":[{"href":"http:\/\/www.luigiaccattoli.it\/blog\/wp-json\/wp\/v2\/pages\/9579","targetHints":{"allow":["GET"]}}],"collection":[{"href":"http:\/\/www.luigiaccattoli.it\/blog\/wp-json\/wp\/v2\/pages"}],"about":[{"href":"http:\/\/www.luigiaccattoli.it\/blog\/wp-json\/wp\/v2\/types\/page"}],"author":[{"embeddable":true,"href":"http:\/\/www.luigiaccattoli.it\/blog\/wp-json\/wp\/v2\/users\/1"}],"replies":[{"embeddable":true,"href":"http:\/\/www.luigiaccattoli.it\/blog\/wp-json\/wp\/v2\/comments?post=9579"}],"version-history":[{"count":3,"href":"http:\/\/www.luigiaccattoli.it\/blog\/wp-json\/wp\/v2\/pages\/9579\/revisions"}],"predecessor-version":[{"id":9584,"href":"http:\/\/www.luigiaccattoli.it\/blog\/wp-json\/wp\/v2\/pages\/9579\/revisions\/9584"}],"up":[{"embeddable":true,"href":"http:\/\/www.luigiaccattoli.it\/blog\/wp-json\/wp\/v2\/pages\/2241"}],"wp:attachment":[{"href":"http:\/\/www.luigiaccattoli.it\/blog\/wp-json\/wp\/v2\/media?parent=9579"}],"curies":[{"name":"wp","href":"https:\/\/api.w.org\/{rel}","templated":true}]}}