{"id":9592,"date":"2012-09-11T11:14:16","date_gmt":"2012-09-11T09:14:16","guid":{"rendered":"http:\/\/www.luigiaccattoli.it\/blog\/?page_id=9592"},"modified":"2012-09-11T11:14:16","modified_gmt":"2012-09-11T09:14:16","slug":"daniela-dichiara-%e2%80%9cti-ho-sempre-considerato-un-segno%e2%80%9d","status":"publish","type":"page","link":"http:\/\/www.luigiaccattoli.it\/blog\/cerco-fatti-di-vangelo\/4-la-reazione-all%e2%80%99handicap\/daniela-dichiara-%e2%80%9cti-ho-sempre-considerato-un-segno%e2%80%9d\/","title":{"rendered":"Daniela Dichiara: \u201cTi ho sempre considerato un segno\u201d"},"content":{"rendered":"<p>\u00ab<em>Ti ho sempre considerato un segno, fin dal primo momento. Un segno attraverso il quale il Signore cercava di allontanarmi dagli errori, di darmi un\u2019altra possibilit\u00e0<\/em>\u00bb: parla cos\u00ec Daniela Dichiara rivolgendosi al figlio Stefano \u2013 vent\u2019anni nel settembre del 2011 \u2013 colpito da tetraparesi spastica distonica causata da un&#8217;asfissia neonatale. E\u2019 appassionante la lotta dell\u2019intera famiglia per questo figlio costretto alla carrozzella, intelligentissimo e voglioso di amicizie, ironico con s\u00e9 e con gli altri, iscritto al liceo scientifico. Un esempio della sua felice capacit\u00e0 di prendersi in giro, a proposito del timore di non trovare \u2013 domani \u2013 un insegnante di sostegno paragonabile all&#8217;attuale: \u201c<em>Mi consolo ricordandomi che pensavo lo stesso anche a proposito di Giovanni Paolo II, eppure in quel caso Nostro Signore ha saputo rimpiazzarlo degnamente. Speriamo che faccia uguale anche con me che non ho altra scelta se non quella di affidarmi a lui<\/em>\u201d. Per la mamma Daniela Stefano \u00e8 stato un \u201csegno\u201d che l\u2019ha richiamata a ci\u00f2 che vale, che aiuta e che dura oltre le vanit\u00e0 del mondo e della carriera. Occorre essere grati di parole cos\u00ec, dette da chi le paga del suo.<\/p>\n<p>&nbsp;<\/p>\n<p><strong>Ho conosciuto la storia di Stefano da un volumetto scritto da Jessica Dichiara intitolato <em>Racconto di te. I primi diciotto anni vissuti da un ragazzo speciale<\/em> (Edizioni Simple, Macerata 2010): Jessica racconta del fratello e fa parlare tutti i componenti di questa coraggiosa famiglia di Porto Sant\u2019Elpidio, Fermo: la mamma Daniela, il pap\u00e0 Aldo e l\u2019altro fratello Simone.<\/strong><\/p>\n<p><strong>\u00a0<\/strong><\/p>\n<p><strong>[Settembre 2011]<\/strong><\/p>\n","protected":false},"excerpt":{"rendered":"<p>\u00abTi ho sempre considerato un segno, fin dal primo momento. Un segno attraverso il quale il Signore cercava di allontanarmi dagli errori, di darmi un\u2019altra possibilit\u00e0\u00bb: parla cos\u00ec Daniela Dichiara&#8230;<\/p>\n<div class=\"more-link-wrapper\"><a class=\"more-link\" href=\"http:\/\/www.luigiaccattoli.it\/blog\/cerco-fatti-di-vangelo\/4-la-reazione-all%e2%80%99handicap\/daniela-dichiara-%e2%80%9cti-ho-sempre-considerato-un-segno%e2%80%9d\/\">Read More<span class=\"screen-reader-text\">Daniela Dichiara: \u201cTi ho sempre considerato un segno\u201d<\/span><\/a><\/div>\n","protected":false},"author":1,"featured_media":0,"parent":2093,"menu_order":0,"comment_status":"open","ping_status":"closed","template":"","meta":{"_monsterinsights_skip_tracking":false,"_monsterinsights_sitenote_active":false,"_monsterinsights_sitenote_note":"","_monsterinsights_sitenote_category":0,"footnotes":""},"class_list":["post-9592","page","type-page","status-publish","hentry","excerpt"],"_links":{"self":[{"href":"http:\/\/www.luigiaccattoli.it\/blog\/wp-json\/wp\/v2\/pages\/9592","targetHints":{"allow":["GET"]}}],"collection":[{"href":"http:\/\/www.luigiaccattoli.it\/blog\/wp-json\/wp\/v2\/pages"}],"about":[{"href":"http:\/\/www.luigiaccattoli.it\/blog\/wp-json\/wp\/v2\/types\/page"}],"author":[{"embeddable":true,"href":"http:\/\/www.luigiaccattoli.it\/blog\/wp-json\/wp\/v2\/users\/1"}],"replies":[{"embeddable":true,"href":"http:\/\/www.luigiaccattoli.it\/blog\/wp-json\/wp\/v2\/comments?post=9592"}],"version-history":[{"count":1,"href":"http:\/\/www.luigiaccattoli.it\/blog\/wp-json\/wp\/v2\/pages\/9592\/revisions"}],"predecessor-version":[{"id":9593,"href":"http:\/\/www.luigiaccattoli.it\/blog\/wp-json\/wp\/v2\/pages\/9592\/revisions\/9593"}],"up":[{"embeddable":true,"href":"http:\/\/www.luigiaccattoli.it\/blog\/wp-json\/wp\/v2\/pages\/2093"}],"wp:attachment":[{"href":"http:\/\/www.luigiaccattoli.it\/blog\/wp-json\/wp\/v2\/media?parent=9592"}],"curies":[{"name":"wp","href":"https:\/\/api.w.org\/{rel}","templated":true}]}}