{"id":9610,"date":"2012-09-13T11:14:48","date_gmt":"2012-09-13T09:14:48","guid":{"rendered":"http:\/\/www.luigiaccattoli.it\/blog\/?page_id=9610"},"modified":"2012-09-13T11:16:47","modified_gmt":"2012-09-13T09:16:47","slug":"karl-golser-%e2%80%9csoffro-di-una-sindrome-rara-e-atipica-di-parkinson%e2%80%9d","status":"publish","type":"page","link":"http:\/\/www.luigiaccattoli.it\/blog\/cerco-fatti-di-vangelo\/5-anche-in-ospedale-si-puo-essere-felici\/karl-golser-%e2%80%9csoffro-di-una-sindrome-rara-e-atipica-di-parkinson%e2%80%9d\/","title":{"rendered":"Karl Golser: \u201cSoffro di una sindrome rara e atipica di Parkinson\u201d"},"content":{"rendered":"<p><em>Ringrazio tutti per la solidariet\u00e0 e le preghiere per il mio stato di salute. Sono arrivati i risultati delle visite cliniche e com\u2019\u00e8 stato annunciato vorrei darvene comunicazione. \u00c8 stato evidenziato che soffro di una sindrome rara e atipica di Parkinson che porta a difficolt\u00e0 nel parlare e nei movimenti. Ho gi\u00e0 iniziato le terapie sotto controllo medico.<\/em><\/p>\n<p>E\u2019 il vescovo di Bolzano-Bressanone, Karl Golser, 67 anni, che cos\u00ec annuncia la sua malattia con un comunicato del 17 novembre 2010 sul sito della diocesi, accompagnato da una versione audio e una video. Golser \u2013 che era vescovo da appena due anni \u2013 sar\u00e0 sostituito alla guida della diocesi da Ivo Muser il 27 luglio 2011.<\/p>\n<p>\u00ab<em>Quando affidiamo a Dio tutta la nostra vita, allora tutto quello che ci va contro, anche la malattia e la sofferenza, tutto acquista un significato pi\u00f9 profondo. Non siamo in balia di un destino cieco, ma siamo nelle mani di Dio che ha un disegno per la nostra vita. Egli nel suo amore chiede il nostro s\u00ec libero a questo disegno<\/em>\u00bb aveva poi scritto Golser in una lettera per la Quaresima 2011 intitolata <em>Signore sia fatta la tua volont\u00e0<\/em>, che ha questo attacco: \u00ab<em>Quando ho saputo la diagnosi della mia malattia ho cercato di pregare con Ges\u00f9 sul Monte degli Ulivi: \u201cPadre allontana da me questo calice! Per\u00f2 non ci\u00f2 che voglio io, ma ci\u00f2 che vuoi tu\u201d. Sappiamo che ci sono persone che dicono: \u201c\u00c8 solo una questione di destino\u201d. Una tale posizione sarebbe espressione di un fatalismo cieco. Crediamo invece a un Dio che \u00e8 amore<\/em>\u00bb.<\/p>\n<p><strong>Quella lettera \u00e8 una viva meditazione sulla Provvidenza, rintracciabile nel sito della diocesi (andando alla pagina <em>Vescovo Emerito<\/em>), donata a noi da un cristiano che stava pagando con la vita ogni parola che usciva dalla sua bocca. <\/strong><\/p>\n<p><strong>[Settembre 2011]<\/strong><\/p>\n","protected":false},"excerpt":{"rendered":"<p>Ringrazio tutti per la solidariet\u00e0 e le preghiere per il mio stato di salute. Sono arrivati i risultati delle visite cliniche e com\u2019\u00e8 stato annunciato vorrei darvene comunicazione. \u00c8 stato&#8230;<\/p>\n<div class=\"more-link-wrapper\"><a class=\"more-link\" href=\"http:\/\/www.luigiaccattoli.it\/blog\/cerco-fatti-di-vangelo\/5-anche-in-ospedale-si-puo-essere-felici\/karl-golser-%e2%80%9csoffro-di-una-sindrome-rara-e-atipica-di-parkinson%e2%80%9d\/\">Read More<span class=\"screen-reader-text\">Karl Golser: \u201cSoffro di una sindrome rara e atipica di Parkinson\u201d<\/span><\/a><\/div>\n","protected":false},"author":1,"featured_media":0,"parent":2096,"menu_order":0,"comment_status":"open","ping_status":"closed","template":"","meta":{"_monsterinsights_skip_tracking":false,"_monsterinsights_sitenote_active":false,"_monsterinsights_sitenote_note":"","_monsterinsights_sitenote_category":0,"footnotes":""},"class_list":["post-9610","page","type-page","status-publish","hentry","excerpt"],"_links":{"self":[{"href":"http:\/\/www.luigiaccattoli.it\/blog\/wp-json\/wp\/v2\/pages\/9610","targetHints":{"allow":["GET"]}}],"collection":[{"href":"http:\/\/www.luigiaccattoli.it\/blog\/wp-json\/wp\/v2\/pages"}],"about":[{"href":"http:\/\/www.luigiaccattoli.it\/blog\/wp-json\/wp\/v2\/types\/page"}],"author":[{"embeddable":true,"href":"http:\/\/www.luigiaccattoli.it\/blog\/wp-json\/wp\/v2\/users\/1"}],"replies":[{"embeddable":true,"href":"http:\/\/www.luigiaccattoli.it\/blog\/wp-json\/wp\/v2\/comments?post=9610"}],"version-history":[{"count":2,"href":"http:\/\/www.luigiaccattoli.it\/blog\/wp-json\/wp\/v2\/pages\/9610\/revisions"}],"predecessor-version":[{"id":9614,"href":"http:\/\/www.luigiaccattoli.it\/blog\/wp-json\/wp\/v2\/pages\/9610\/revisions\/9614"}],"up":[{"embeddable":true,"href":"http:\/\/www.luigiaccattoli.it\/blog\/wp-json\/wp\/v2\/pages\/2096"}],"wp:attachment":[{"href":"http:\/\/www.luigiaccattoli.it\/blog\/wp-json\/wp\/v2\/media?parent=9610"}],"curies":[{"name":"wp","href":"https:\/\/api.w.org\/{rel}","templated":true}]}}