{"id":9615,"date":"2012-09-13T11:18:57","date_gmt":"2012-09-13T09:18:57","guid":{"rendered":"http:\/\/www.luigiaccattoli.it\/blog\/?page_id=9615"},"modified":"2012-09-13T11:21:10","modified_gmt":"2012-09-13T09:21:10","slug":"maria-pia-pavani-%e2%80%9cla-forza-la-voglia-di-fare-la-gioia-di-vivere%e2%80%9d","status":"publish","type":"page","link":"http:\/\/www.luigiaccattoli.it\/blog\/cerco-fatti-di-vangelo\/5-anche-in-ospedale-si-puo-essere-felici\/maria-pia-pavani-%e2%80%9cla-forza-la-voglia-di-fare-la-gioia-di-vivere%e2%80%9d\/","title":{"rendered":"Maria Pia Pavani: \u201cLa forza la voglia di fare la gioia di vivere\u201d"},"content":{"rendered":"<p><em>Anche nella fisicit\u00e0 pi\u00f9 disastrata basta l\u2019amore dei propri cari, la solidariet\u00e0 del prossimo, la disponibilit\u00e0 e sensibilit\u00e0 dei medici a far dimenticare che anche le rose hanno le spine. Essenziali sono, per\u00f2, la forza, la voglia di fare, la gioia di vivere, anche di minime cose, del disabile. \u00c8 sempre stata una mia caratteristica avere carattere forte e deciso; altri lati, quali umilt\u00e0 e pazienza, sono stati esaltati e affinati dalla sofferenza. La fede mi \u00e8 stata indubbiamente di grande aiuto. Dapprima, come tutti coloro che si scoprono colpiti da gravi malattie, mi sono chiesta perch\u00e9 proprio io, e mi logoravo nella ricerca di quale mancanza avessi commesso per meritare una pena cos\u00ec grave; poi ho capito che la mia sofferenza doveva servire a qualcosa, e mi sono abbandonata al disegno di Dio. Vivo ogni giorno come un prezioso dono del Signore e, sbrigate le mie incombenze che riguardano igiene e medicazioni, mi metto al computer fino a sera, ringraziando Dio della forza che mi d\u00e0. Rimpiango l\u2019uso delle mani, mi addolora il pensiero di non poter accarezzare i bimbi. La malattia non dona alcunch\u00e9 al malato, in molti casi esaspera astio e pretese; in me ha acuito sensibilit\u00e0, amore e altri doti che gi\u00e0 possedevo. Ho espresso in versi pensieri e sentimenti perch\u00e9 la poesia permette di dire in poche parole grandi cose. Non temo la morte che, secondo il credo cristiano, conduce al cospetto di Dio.<\/em><\/p>\n<p>Sono parole da memorizzare a una a una, scritte al computer azionato con i movimenti della testa da Maria Pia Pavani (1994-2008), maestra, poetessa e pittrice di Cormons, Gorizia, che ha vissuto gli ultimi 15 anni collegata a un respiratore perch\u00e9 malata di sclerosi laterale amiotrofica. Sposata, quattro figli, Maria Pia ha reagito con incredibile energia alla malattia e ha lasciato un ricordo straordinario in quanti l\u2019hanno conosciuta dai libri e dai quadri, dai viaggi e dalla partecipazioni a incontri medici e associativi per l\u2019aiuto ai colpiti da Sla. La malattia le ha tolto i movimenti e la parola, ma lei ha raddoppiato la sua comunicazione, prodigiosamente aiutata dal computer che azionava toccando la tastiera con un\u2019asticciola legata al mento.<\/p>\n<p><strong>Le parole di Maria Pia in un\u2019intervista pubblicata dal <em>Messaggero di Sant\u2019Antonio<\/em> nel giugno del 1997. Tra le sue pubblicazioni: <em>Via crucis. Dal quotidiano, la risurrezione<\/em>, in collaborazione con Rita Marizza, Edizioni Insieme 1999; <em>Volo di farfalla. Poesie<\/em>, Edizioni della Laguna, 1996. <\/strong><\/p>\n<p><strong>[Settembre 2011]<\/strong><\/p>\n","protected":false},"excerpt":{"rendered":"<p>Anche nella fisicit\u00e0 pi\u00f9 disastrata basta l\u2019amore dei propri cari, la solidariet\u00e0 del prossimo, la disponibilit\u00e0 e sensibilit\u00e0 dei medici a far dimenticare che anche le rose hanno le spine.&#8230;<\/p>\n<div class=\"more-link-wrapper\"><a class=\"more-link\" href=\"http:\/\/www.luigiaccattoli.it\/blog\/cerco-fatti-di-vangelo\/5-anche-in-ospedale-si-puo-essere-felici\/maria-pia-pavani-%e2%80%9cla-forza-la-voglia-di-fare-la-gioia-di-vivere%e2%80%9d\/\">Read More<span class=\"screen-reader-text\">Maria Pia Pavani: \u201cLa forza la voglia di fare la gioia di vivere\u201d<\/span><\/a><\/div>\n","protected":false},"author":1,"featured_media":0,"parent":2096,"menu_order":0,"comment_status":"open","ping_status":"closed","template":"","meta":{"_monsterinsights_skip_tracking":false,"_monsterinsights_sitenote_active":false,"_monsterinsights_sitenote_note":"","_monsterinsights_sitenote_category":0,"footnotes":""},"class_list":["post-9615","page","type-page","status-publish","hentry","excerpt"],"_links":{"self":[{"href":"http:\/\/www.luigiaccattoli.it\/blog\/wp-json\/wp\/v2\/pages\/9615","targetHints":{"allow":["GET"]}}],"collection":[{"href":"http:\/\/www.luigiaccattoli.it\/blog\/wp-json\/wp\/v2\/pages"}],"about":[{"href":"http:\/\/www.luigiaccattoli.it\/blog\/wp-json\/wp\/v2\/types\/page"}],"author":[{"embeddable":true,"href":"http:\/\/www.luigiaccattoli.it\/blog\/wp-json\/wp\/v2\/users\/1"}],"replies":[{"embeddable":true,"href":"http:\/\/www.luigiaccattoli.it\/blog\/wp-json\/wp\/v2\/comments?post=9615"}],"version-history":[{"count":2,"href":"http:\/\/www.luigiaccattoli.it\/blog\/wp-json\/wp\/v2\/pages\/9615\/revisions"}],"predecessor-version":[{"id":9619,"href":"http:\/\/www.luigiaccattoli.it\/blog\/wp-json\/wp\/v2\/pages\/9615\/revisions\/9619"}],"up":[{"embeddable":true,"href":"http:\/\/www.luigiaccattoli.it\/blog\/wp-json\/wp\/v2\/pages\/2096"}],"wp:attachment":[{"href":"http:\/\/www.luigiaccattoli.it\/blog\/wp-json\/wp\/v2\/media?parent=9615"}],"curies":[{"name":"wp","href":"https:\/\/api.w.org\/{rel}","templated":true}]}}