{"id":9639,"date":"2012-09-13T11:46:14","date_gmt":"2012-09-13T09:46:14","guid":{"rendered":"http:\/\/www.luigiaccattoli.it\/blog\/?page_id=9639"},"modified":"2012-09-13T11:46:14","modified_gmt":"2012-09-13T09:46:14","slug":"sofia-cavalletti-%e2%80%9cper-chi-partecipa-ai-miei-funerali%e2%80%9d","status":"publish","type":"page","link":"http:\/\/www.luigiaccattoli.it\/blog\/cerco-fatti-di-vangelo\/8-celebrazione-ecclesiale-della-propria-morte\/sofia-cavalletti-%e2%80%9cper-chi-partecipa-ai-miei-funerali%e2%80%9d\/","title":{"rendered":"Sofia Cavalletti: \u201cPer chi partecipa ai miei funerali\u201d"},"content":{"rendered":"<p>\u201c<em>Per chi partecipa ai miei funerali. Roma 14 marzo 1993 \u2013 Vorrei ricordare a chi parteciper\u00e0 ai miei funerali, che un funerale \u00e8 una celebrazione della risurrezione, una professione di fede nella vita \u2013 nella forza della vita, nel suo essere pi\u00f9 forte della morte. La fede cristiana \u00e8 \u2013 si potrebbe dire \u2013 una fede ostinata, che ogni volta che s\u2019imbatte con la morte proclama che la morte non ha l\u2019ultima parola. E questo lo crediamo, lo affermiamo e vorremmo annunziarlo al mondo, perch\u00e9 sappiamo che c\u2019\u00e8 gi\u00e0 stata una prima vittoria della vita sulla morte: nella risurrezione di Ges\u00f9 Cristo. Sofia<\/em>\u201d<\/p>\n<p>Questo testamento ecclesiale di Sofia Cavalletti \u2013 degno di quella madre nella fede qual era per tanti \u2013 \u00e8 stato letto a Roma nella Chiesa di San Giovanni dei Fiorentini il 24 agosto 2011. Sofia se ne era andata a 94 anni nella notte tra il 22 e il 23 agosto. Gi\u00e0 segretaria dell\u2019ex rabbino Eugenio Zolli, animatrice dell\u2019avvicinamento tra cristiani ed ebrei, fondatrice di un Centro di Catechesi per bambini secondo il metodo Montessori: in quel Centro uno dei miei figli si prepar\u00f2 alla Prima Comunione. Il testo letto alla messa di addio mi \u00e8 stato trasmesso da Francesca Cocchini, discepola di Sofia e sua sorella stretta nell\u2019impegno ecclesiale.<\/p>\n<p>Sofia stessa \u2013 mi ha detto Francesca \u2013 \u201cgi\u00e0 quasi un anno prima\u201d aveva scelto le letture per la sua messa di addio: Luca 10-21 per l\u2019introito [\u201chai nascoste queste cose ai saggi e agli intelligenti e le hai rivelate ai piccoli\u201d], Isaia 10, 33-11, 10 [\u201cSpunter\u00e0 un ramoscello dal ceppo di Jesse\u201d], Giovanni 15,1-11 [\u201cIo sono la vite vera, il Padre mio \u00e8 il vignaiolo\u201d]. Il Salmo 23 [\u201cIl Signore \u00e8 il mio pastore\u201d: al Buon Pastore era intitolato il metodo catechetico di Sofia], scelto come \u201cresponsoriale\u201d, \u00e8 stato pregato in ebraico da don Tonino Ammassari, amico di Sofia.<\/p>\n<p><strong>Con il titolo <em>Catechesi del Buon Pastore<\/em> sono rintracciabili in internet un sito e un profilo facebook con notizie e materiali riguardanti Sofia Cavalletti. Vedi anche Sofia Cavalletti, <em>Il potenziale religioso del bambino<\/em>, Citt\u00e0 Nuova, 4a edizione 1993. <\/strong><\/p>\n<p><strong>[Settembre 2011]<\/strong><\/p>\n","protected":false},"excerpt":{"rendered":"<p>\u201cPer chi partecipa ai miei funerali. Roma 14 marzo 1993 \u2013 Vorrei ricordare a chi parteciper\u00e0 ai miei funerali, che un funerale \u00e8 una celebrazione della risurrezione, una professione di&#8230;<\/p>\n<div class=\"more-link-wrapper\"><a class=\"more-link\" href=\"http:\/\/www.luigiaccattoli.it\/blog\/cerco-fatti-di-vangelo\/8-celebrazione-ecclesiale-della-propria-morte\/sofia-cavalletti-%e2%80%9cper-chi-partecipa-ai-miei-funerali%e2%80%9d\/\">Read More<span class=\"screen-reader-text\">Sofia Cavalletti: \u201cPer chi partecipa ai miei funerali\u201d<\/span><\/a><\/div>\n","protected":false},"author":1,"featured_media":0,"parent":2106,"menu_order":0,"comment_status":"open","ping_status":"closed","template":"","meta":{"_monsterinsights_skip_tracking":false,"_monsterinsights_sitenote_active":false,"_monsterinsights_sitenote_note":"","_monsterinsights_sitenote_category":0,"footnotes":""},"class_list":["post-9639","page","type-page","status-publish","hentry","excerpt"],"_links":{"self":[{"href":"http:\/\/www.luigiaccattoli.it\/blog\/wp-json\/wp\/v2\/pages\/9639","targetHints":{"allow":["GET"]}}],"collection":[{"href":"http:\/\/www.luigiaccattoli.it\/blog\/wp-json\/wp\/v2\/pages"}],"about":[{"href":"http:\/\/www.luigiaccattoli.it\/blog\/wp-json\/wp\/v2\/types\/page"}],"author":[{"embeddable":true,"href":"http:\/\/www.luigiaccattoli.it\/blog\/wp-json\/wp\/v2\/users\/1"}],"replies":[{"embeddable":true,"href":"http:\/\/www.luigiaccattoli.it\/blog\/wp-json\/wp\/v2\/comments?post=9639"}],"version-history":[{"count":1,"href":"http:\/\/www.luigiaccattoli.it\/blog\/wp-json\/wp\/v2\/pages\/9639\/revisions"}],"predecessor-version":[{"id":9640,"href":"http:\/\/www.luigiaccattoli.it\/blog\/wp-json\/wp\/v2\/pages\/9639\/revisions\/9640"}],"up":[{"embeddable":true,"href":"http:\/\/www.luigiaccattoli.it\/blog\/wp-json\/wp\/v2\/pages\/2106"}],"wp:attachment":[{"href":"http:\/\/www.luigiaccattoli.it\/blog\/wp-json\/wp\/v2\/media?parent=9639"}],"curies":[{"name":"wp","href":"https:\/\/api.w.org\/{rel}","templated":true}]}}