{"id":9664,"date":"2012-09-15T11:05:27","date_gmt":"2012-09-15T09:05:27","guid":{"rendered":"http:\/\/www.luigiaccattoli.it\/blog\/?page_id=9664"},"modified":"2012-09-15T11:05:27","modified_gmt":"2012-09-15T09:05:27","slug":"rita-coruzzi-%e2%80%9crifiuterei-volentieri-la-guarigione%e2%80%9d","status":"publish","type":"page","link":"http:\/\/www.luigiaccattoli.it\/blog\/cerco-fatti-di-vangelo\/5-anche-in-ospedale-si-puo-essere-felici\/rita-coruzzi-%e2%80%9crifiuterei-volentieri-la-guarigione%e2%80%9d\/","title":{"rendered":"Rita Coruzzi: \u201cRifiuterei volentieri la guarigione\u201d"},"content":{"rendered":"<p>\u201c<em>So che sembra incomprensibile, ma con la mia vita cos\u00ec piena, in comunione con Dio, rifiuterei volentieri la guarigione per il semplice fatto che voglio rimanere sulla croce con lui<\/em>\u201d: parole di Rita Coruzzi di Reggio Emilia, 25 anni nel 2011, nata prematura e colpita da tetraparesi, costretta alla carrozzina dall\u2019et\u00e0 di 10 anni, a seguito di un intervento chirurgico non riuscito. Rita racconta che dapprima ebbe un moto di ribellione \u2013 \u201c<em>Perch\u00e9 mi hai fatto questo, Ges\u00f9, perch\u00e9?<\/em>\u201d \u2013 superato in occasione di un pellegrinaggio a Lourdes quando \u2013 pregando alla Grotta \u2013 sente \u201cla voce di Maria\u201d che le parla \u201cdentro\u201d e le affida un compito: \u201c<em>Devi utilizzare la tua sofferenza per portare la testimonianza dell\u2019amore di Dio<\/em>\u201d. Da allora ha trovato la sua vocazione nello \u201cscrivere e scuotere le coscienze per far capire quanto pu\u00f2 essere bello vivere anche nella disabilit\u00e0\u201d e cos\u00ec \u201coffrire conforto e speranza perch\u00e9 la mia condizione mi ha dato molto di pi\u00f9 di quanto mi \u00e8 stato tolto\u201d.<\/p>\n<p><strong>Rita Coruzzi, <em>Un volo di farfalla. Come la fede mi ha ridato il sorriso<\/em>, Piemme, Milano 2010. Cos\u00ec Rita spiega il titolo del volume: <\/strong><strong>\u201c<em>Uno dei miei sogni \u00e8 di volare sempre pi\u00f9 in alto, fino quasi a toccare il cielo, per questo mi piace immaginare di essere una farfalla un po\u2019 speciale, accompagnata dalla carrozzina con la quale so di poter volare, e voler\u00f2<\/em>\u201d. Nel 2011, sempre da Piemme, Rita pubblica una sua personalissima riflessione sul modo in cui Giovanni Paolo II ha affrontato la sofferenza: <em>Il mio amico Karol. Vita e santit\u00e0 di Giovanni Paolo II.<\/em><\/strong><\/p>\n<p><strong>[Settembre 2011]<\/strong><\/p>\n","protected":false},"excerpt":{"rendered":"<p>\u201cSo che sembra incomprensibile, ma con la mia vita cos\u00ec piena, in comunione con Dio, rifiuterei volentieri la guarigione per il semplice fatto che voglio rimanere sulla croce con lui\u201d:&#8230;<\/p>\n<div class=\"more-link-wrapper\"><a class=\"more-link\" href=\"http:\/\/www.luigiaccattoli.it\/blog\/cerco-fatti-di-vangelo\/5-anche-in-ospedale-si-puo-essere-felici\/rita-coruzzi-%e2%80%9crifiuterei-volentieri-la-guarigione%e2%80%9d\/\">Read More<span class=\"screen-reader-text\">Rita Coruzzi: \u201cRifiuterei volentieri la guarigione\u201d<\/span><\/a><\/div>\n","protected":false},"author":1,"featured_media":0,"parent":2096,"menu_order":0,"comment_status":"open","ping_status":"closed","template":"","meta":{"_monsterinsights_skip_tracking":false,"_monsterinsights_sitenote_active":false,"_monsterinsights_sitenote_note":"","_monsterinsights_sitenote_category":0,"footnotes":""},"class_list":["post-9664","page","type-page","status-publish","hentry","excerpt"],"_links":{"self":[{"href":"http:\/\/www.luigiaccattoli.it\/blog\/wp-json\/wp\/v2\/pages\/9664","targetHints":{"allow":["GET"]}}],"collection":[{"href":"http:\/\/www.luigiaccattoli.it\/blog\/wp-json\/wp\/v2\/pages"}],"about":[{"href":"http:\/\/www.luigiaccattoli.it\/blog\/wp-json\/wp\/v2\/types\/page"}],"author":[{"embeddable":true,"href":"http:\/\/www.luigiaccattoli.it\/blog\/wp-json\/wp\/v2\/users\/1"}],"replies":[{"embeddable":true,"href":"http:\/\/www.luigiaccattoli.it\/blog\/wp-json\/wp\/v2\/comments?post=9664"}],"version-history":[{"count":1,"href":"http:\/\/www.luigiaccattoli.it\/blog\/wp-json\/wp\/v2\/pages\/9664\/revisions"}],"predecessor-version":[{"id":9665,"href":"http:\/\/www.luigiaccattoli.it\/blog\/wp-json\/wp\/v2\/pages\/9664\/revisions\/9665"}],"up":[{"embeddable":true,"href":"http:\/\/www.luigiaccattoli.it\/blog\/wp-json\/wp\/v2\/pages\/2096"}],"wp:attachment":[{"href":"http:\/\/www.luigiaccattoli.it\/blog\/wp-json\/wp\/v2\/media?parent=9664"}],"curies":[{"name":"wp","href":"https:\/\/api.w.org\/{rel}","templated":true}]}}