{"id":9672,"date":"2012-09-15T11:15:10","date_gmt":"2012-09-15T09:15:10","guid":{"rendered":"http:\/\/www.luigiaccattoli.it\/blog\/?page_id=9672"},"modified":"2012-09-15T11:15:10","modified_gmt":"2012-09-15T09:15:10","slug":"emanuela-setti-carraro-%e2%80%9ce-io-lo-sposo-lo-stesso%e2%80%9d","status":"publish","type":"page","link":"http:\/\/www.luigiaccattoli.it\/blog\/cerco-fatti-di-vangelo\/9-la-voce-dello-sposo-e-la-voce-della-sposa\/emanuela-setti-carraro-%e2%80%9ce-io-lo-sposo-lo-stesso%e2%80%9d\/","title":{"rendered":"Emanuela Setti Carraro: \u201cE io lo sposo lo stesso\u201d"},"content":{"rendered":"<p>\u00abE io lo sposo lo stesso\u00bb: ci sono storie d&#8217;amore che possono essere riassunte in sei parole decise, come queste con le quali Emanuela Setti Carraro rispose ai genitori che si opponevano al suo matrimonio con il generale Carlo Alberto Dalla Chiesa. E\u2019 un bel passaggio della storia d\u2019amore di Emanuela e di Carlo Alberto com\u2019\u00e8 narrata da Edgarda Ferri alla pagina 174 del volume <em>Il perdono e la memoria <\/em>pubblicato da Rizzoli nel 1988. Emanuela viene uccisa dalla mafia insieme al marito Carlo Alberto il 3 settembre 1982 a Palermo, a 32 anni, meno di due mesi dopo il matrimonio che li aveva uniti nonostante i trent\u2019anni che li divideva. <strong><\/strong><\/p>\n<p>Antonia Setti Carraro, mamma di Emanuela, racconta cos\u00ec a Edgarda Ferri la reazione della figlia al parere \u201cassolutamente contrario\u201d dei genitori riguardo a quel matrimonio \u201csbilanciato\u201d, e la scena \u00e8 pi\u00f9 viva delle parole: \u201cNon era affatto d\u2019accordo Emanuela che, zitta fino a quel momento, di colpo si \u00e8 alzata, ha fatto il giro del severo salotto antico, \u00e8 passata dietro le spalle del padre sfiorandogli affettuosamente una guancia con le labbra, ed \u00e8 andata diritta a sedersi sulle ginocchia del generale esclamando: <em>E io lo sposo lo stesso<\/em>\u201d. Come sono belle le donne che amano. Segnalo quelle parole e quel gesto a quanti possono averne bisogno per affermare o ricordare la decisione con cui hanno \u201cpreso\u201d un giorno una persona e l\u2019hanno posta al centro della loro vita. <strong><\/strong><\/p>\n<p><strong>\u00a0<\/strong><\/p>\n<p><strong>[Settembre 2011]<\/strong><\/p>\n","protected":false},"excerpt":{"rendered":"<p>\u00abE io lo sposo lo stesso\u00bb: ci sono storie d&#8217;amore che possono essere riassunte in sei parole decise, come queste con le quali Emanuela Setti Carraro rispose ai genitori che&#8230;<\/p>\n<div class=\"more-link-wrapper\"><a class=\"more-link\" href=\"http:\/\/www.luigiaccattoli.it\/blog\/cerco-fatti-di-vangelo\/9-la-voce-dello-sposo-e-la-voce-della-sposa\/emanuela-setti-carraro-%e2%80%9ce-io-lo-sposo-lo-stesso%e2%80%9d\/\">Read More<span class=\"screen-reader-text\">Emanuela Setti Carraro: \u201cE io lo sposo lo stesso\u201d<\/span><\/a><\/div>\n","protected":false},"author":1,"featured_media":0,"parent":2110,"menu_order":0,"comment_status":"open","ping_status":"closed","template":"","meta":{"_monsterinsights_skip_tracking":false,"_monsterinsights_sitenote_active":false,"_monsterinsights_sitenote_note":"","_monsterinsights_sitenote_category":0,"footnotes":""},"class_list":["post-9672","page","type-page","status-publish","hentry","excerpt"],"_links":{"self":[{"href":"http:\/\/www.luigiaccattoli.it\/blog\/wp-json\/wp\/v2\/pages\/9672","targetHints":{"allow":["GET"]}}],"collection":[{"href":"http:\/\/www.luigiaccattoli.it\/blog\/wp-json\/wp\/v2\/pages"}],"about":[{"href":"http:\/\/www.luigiaccattoli.it\/blog\/wp-json\/wp\/v2\/types\/page"}],"author":[{"embeddable":true,"href":"http:\/\/www.luigiaccattoli.it\/blog\/wp-json\/wp\/v2\/users\/1"}],"replies":[{"embeddable":true,"href":"http:\/\/www.luigiaccattoli.it\/blog\/wp-json\/wp\/v2\/comments?post=9672"}],"version-history":[{"count":1,"href":"http:\/\/www.luigiaccattoli.it\/blog\/wp-json\/wp\/v2\/pages\/9672\/revisions"}],"predecessor-version":[{"id":9673,"href":"http:\/\/www.luigiaccattoli.it\/blog\/wp-json\/wp\/v2\/pages\/9672\/revisions\/9673"}],"up":[{"embeddable":true,"href":"http:\/\/www.luigiaccattoli.it\/blog\/wp-json\/wp\/v2\/pages\/2110"}],"wp:attachment":[{"href":"http:\/\/www.luigiaccattoli.it\/blog\/wp-json\/wp\/v2\/media?parent=9672"}],"curies":[{"name":"wp","href":"https:\/\/api.w.org\/{rel}","templated":true}]}}