{"id":9694,"date":"2012-09-16T17:18:03","date_gmt":"2012-09-16T15:18:03","guid":{"rendered":"http:\/\/www.luigiaccattoli.it\/blog\/?page_id=9694"},"modified":"2012-09-16T17:18:34","modified_gmt":"2012-09-16T15:18:34","slug":"carla-baraldi-%e2%80%9cuno-scandalo-se-una-donna-rimprovera-un-uomo%e2%80%9d","status":"publish","type":"page","link":"http:\/\/www.luigiaccattoli.it\/blog\/cerco-fatti-di-vangelo\/11-il-genio-della-carita\/carla-baraldi-%e2%80%9cuno-scandalo-se-una-donna-rimprovera-un-uomo%e2%80%9d\/","title":{"rendered":"Carla Baraldi: \u201cUno scandalo se una donna rimprovera un uomo\u201d"},"content":{"rendered":"<p>\u201c<span style=\"font-family: Times New Roman,serif;\"><span style=\"font-size: medium;\"><em>Noi cerchiamo di aiutare le donne del Benin a difendere la loro dignit\u00e0 e perch\u00e9 mandino a scuola le ragazze. Sono sensibili a questo ma \u00e8 per loro inconcepibile che una donna possa rimproverare un uomo, perch\u00e9 qui le donne sono sottomesse e cos\u00ec devono restare. E\u2019 dunque per loro un grande scandalo quando io mi faccio sentire e certi pap\u00e0 li scuoto un po\u2019, anche prendendo spunto dal loro Corano, se trascurano la famiglia e non si prendono cura dei figli<\/em><\/span><\/span><span style=\"font-family: Times New Roman,serif;\"><span style=\"font-size: medium;\">\u201d: parla cos\u00ec Carla Baraldi di Carpi, missionaria laica in Benin, durante la trasmissione \u201cMentre\u201d di TV2000 andata in onda il 21 aprile 2011, Gioved\u00ec Santo, con la guida del collega Maurizio Di Schino che si collegava con missionari e volontari di ogni parte del mondo come fosse un gioco. <\/span><\/span><\/p>\n<p><span style=\"font-family: Times New Roman,serif;\"><span style=\"font-size: medium;\">La puntata aveva come motto le parole di Ges\u00f9 nella \u201cLavanda dei Piedi\u201d: \u201cQuello che ho fatto a voi\u201d e mirava a cogliere alcuni dei modi di \u201clavare i piedi\u201d che si possono realizzare oggi nel mondo. Carla Baraldi in Benin assiste 35 bambini disabili e denutriti. Raccontava in quella trasmissione delle ragazze musulmane che le dicono, quando la vedono andare in chiesa: \u201cPrega il tuo Dio anche per me\u201d. E lei che risponde: \u201cFai tu lo stesso con il tuo Corano\u201d. <\/span><\/span><\/p>\n<p>&nbsp;<\/p>\n<p><span style=\"font-family: Times New Roman,serif;\"><span style=\"font-size: small;\"><strong>[Settembre 2011]<\/strong><\/span><\/span><\/p>\n","protected":false},"excerpt":{"rendered":"<p>\u201cNoi cerchiamo di aiutare le donne del Benin a difendere la loro dignit\u00e0 e perch\u00e9 mandino a scuola le ragazze. Sono sensibili a questo ma \u00e8 per loro inconcepibile che&#8230;<\/p>\n<div class=\"more-link-wrapper\"><a class=\"more-link\" href=\"http:\/\/www.luigiaccattoli.it\/blog\/cerco-fatti-di-vangelo\/11-il-genio-della-carita\/carla-baraldi-%e2%80%9cuno-scandalo-se-una-donna-rimprovera-un-uomo%e2%80%9d\/\">Read More<span class=\"screen-reader-text\">Carla Baraldi: \u201cUno scandalo se una donna rimprovera un uomo\u201d<\/span><\/a><\/div>\n","protected":false},"author":1,"featured_media":0,"parent":2117,"menu_order":0,"comment_status":"open","ping_status":"closed","template":"","meta":{"_monsterinsights_skip_tracking":false,"_monsterinsights_sitenote_active":false,"_monsterinsights_sitenote_note":"","_monsterinsights_sitenote_category":0,"footnotes":""},"class_list":["post-9694","page","type-page","status-publish","hentry","excerpt"],"_links":{"self":[{"href":"http:\/\/www.luigiaccattoli.it\/blog\/wp-json\/wp\/v2\/pages\/9694","targetHints":{"allow":["GET"]}}],"collection":[{"href":"http:\/\/www.luigiaccattoli.it\/blog\/wp-json\/wp\/v2\/pages"}],"about":[{"href":"http:\/\/www.luigiaccattoli.it\/blog\/wp-json\/wp\/v2\/types\/page"}],"author":[{"embeddable":true,"href":"http:\/\/www.luigiaccattoli.it\/blog\/wp-json\/wp\/v2\/users\/1"}],"replies":[{"embeddable":true,"href":"http:\/\/www.luigiaccattoli.it\/blog\/wp-json\/wp\/v2\/comments?post=9694"}],"version-history":[{"count":2,"href":"http:\/\/www.luigiaccattoli.it\/blog\/wp-json\/wp\/v2\/pages\/9694\/revisions"}],"predecessor-version":[{"id":9696,"href":"http:\/\/www.luigiaccattoli.it\/blog\/wp-json\/wp\/v2\/pages\/9694\/revisions\/9696"}],"up":[{"embeddable":true,"href":"http:\/\/www.luigiaccattoli.it\/blog\/wp-json\/wp\/v2\/pages\/2117"}],"wp:attachment":[{"href":"http:\/\/www.luigiaccattoli.it\/blog\/wp-json\/wp\/v2\/media?parent=9694"}],"curies":[{"name":"wp","href":"https:\/\/api.w.org\/{rel}","templated":true}]}}