{"id":9707,"date":"2012-09-16T17:33:12","date_gmt":"2012-09-16T15:33:12","guid":{"rendered":"http:\/\/www.luigiaccattoli.it\/blog\/?page_id=9707"},"modified":"2012-09-16T17:33:12","modified_gmt":"2012-09-16T15:33:12","slug":"giancarlo-bertagnolli-%e2%80%9cho-tentato-di-amare%e2%80%9d","status":"publish","type":"page","link":"http:\/\/www.luigiaccattoli.it\/blog\/cerco-fatti-di-vangelo\/11-il-genio-della-carita\/giancarlo-bertagnolli-%e2%80%9cho-tentato-di-amare%e2%80%9d\/","title":{"rendered":"Giancarlo Bertagnolli: \u201cHo tentato di amare\u201d"},"content":{"rendered":"<p><span style=\"font-family: Times New Roman,serif;\"><span style=\"font-size: medium;\">\u00ab<\/span><\/span><span style=\"font-family: Times New Roman,serif;\"><span style=\"font-size: medium;\"><em>La mia parrocchia \u00e8 la strada. Avevo 44 anni quando il vescovo mi mand\u00f2 a rendere visibile Ges\u00f9 per i sofferenti. Se mi guardo indietro, sento che ho tentato di seminare e di amare<\/em><\/span><\/span><span style=\"font-family: Times New Roman,serif;\"><span style=\"font-size: medium;\">\u00bb: cos\u00ec parla Giancarlo Bertagnolli, prete di Bolzano, fondatore dell\u2019associazione \u00abLa Strada\u2013Der Weg\u00bb. Sono parole che prendo da tre battute di don Giancarlo \u2013 77 anni, da trenta corre dietro ai drogati \u2013 che leggo nel libro intervista di Paolo Valente pubblicato nel 2010 dall\u2019editrice <\/span><\/span><span style=\"font-family: Times New Roman,serif;\"><span style=\"font-size: medium;\"><em>Il Margine<\/em><\/span><\/span><span style=\"font-family: Times New Roman,serif;\"><span style=\"font-size: medium;\">, intitolato <\/span><\/span><span style=\"font-family: Times New Roman,serif;\"><span style=\"font-size: medium;\"><em>Camminar la strada. L\u2019avventura cristiana di don Giancarlo Bertagnolli<\/em><\/span><\/span><span style=\"font-family: Times New Roman,serif;\"><span style=\"font-size: medium;\">. La prima battuta \u00e8 presa dalla pagina 10: \u00ab<\/span><\/span><span style=\"font-family: Times New Roman,serif;\"><span style=\"font-size: medium;\"><em>A chi gli chiede quale sia la sua parrocchia, don Giancarlo risponde sicuro: la mia piccola parrocchia \u00e8 la strada<\/em><\/span><\/span><span style=\"font-family: Times New Roman,serif;\"><span style=\"font-size: medium;\">\u00bb. La seconda viene dalla pagina 59, dopo che alla pagina precedente Giancarlo aveva riferito il mandato ricevuto dal vescovo Gargitter: \u00ab<\/span><\/span><span style=\"font-family: Times New Roman,serif;\"><span style=\"font-size: medium;\"><em>Va con la mia benedizione e la mia vicinanza. Rischia quest\u2019avventura<\/em><\/span><\/span><span style=\"font-family: Times New Roman,serif;\"><span style=\"font-size: medium;\">\u00bb. La terza \u00e8 a pagina 100 ed \u00e8 posta a sintesi dell\u2019intervista: \u00ab<\/span><\/span><span style=\"font-family: Times New Roman,serif;\"><span style=\"font-size: medium;\"><em>Io, dal canto mio, se mi guardo indietro, se ripenso a tutto quanto ci siamo raccontati, sento che ho tentato di seminare e di amare. Lo dico con grande umilt\u00e0<\/em><\/span><\/span><span style=\"font-family: Times New Roman,serif;\"><span style=\"font-size: medium;\">\u00bb. <\/span><\/span><\/p>\n<p><span style=\"font-family: Times New Roman,serif;\"><span style=\"font-size: medium;\">Quest\u2019ultima battuta me ne ha richiamata una equivalente del cardinale Joseph Ratzinger a pagina 170 del libro intervista con Peter Seewald,<\/span><\/span><span style=\"font-family: Times New Roman,serif;\"><span style=\"font-size: medium;\"><em> Dio e l\u2019uomo<\/em><\/span><\/span><span style=\"font-family: Times New Roman,serif;\"><span style=\"font-size: medium;\"> (<\/span><\/span><span style=\"font-family: Times New Roman,serif;\"><span style=\"font-size: medium;\">San Paolo<\/span><\/span><span style=\"font-family: Times New Roman,serif;\"><span style=\"font-size: medium;\"> 2000), in risposta alla domanda se fosse riuscito ad \u201capprendere\u201d l\u2019arte dell\u2019amore: \u00ab<\/span><\/span><span style=\"font-family: Times New Roman,serif;\"><span style=\"font-size: medium;\"><em>Non voglio ora giudicarmi; ho tentato, in ogni caso, di apprendere l\u2019amore<\/em><\/span><\/span><span style=\"font-family: Times New Roman,serif;\"><span style=\"font-size: medium;\">\u00bb.<\/span><\/span><\/p>\n<p><span style=\"font-family: Times New Roman,serif;\"><span style=\"font-size: small;\"><strong>[Settembre 2011]<\/strong><\/span><\/span><\/p>\n","protected":false},"excerpt":{"rendered":"<p>\u00abLa mia parrocchia \u00e8 la strada. Avevo 44 anni quando il vescovo mi mand\u00f2 a rendere visibile Ges\u00f9 per i sofferenti. Se mi guardo indietro, sento che ho tentato di&#8230;<\/p>\n<div class=\"more-link-wrapper\"><a class=\"more-link\" href=\"http:\/\/www.luigiaccattoli.it\/blog\/cerco-fatti-di-vangelo\/11-il-genio-della-carita\/giancarlo-bertagnolli-%e2%80%9cho-tentato-di-amare%e2%80%9d\/\">Read More<span class=\"screen-reader-text\">Giancarlo Bertagnolli: \u201cHo tentato di amare\u201d<\/span><\/a><\/div>\n","protected":false},"author":1,"featured_media":0,"parent":2117,"menu_order":0,"comment_status":"open","ping_status":"closed","template":"","meta":{"_monsterinsights_skip_tracking":false,"_monsterinsights_sitenote_active":false,"_monsterinsights_sitenote_note":"","_monsterinsights_sitenote_category":0,"footnotes":""},"class_list":["post-9707","page","type-page","status-publish","hentry","excerpt"],"_links":{"self":[{"href":"http:\/\/www.luigiaccattoli.it\/blog\/wp-json\/wp\/v2\/pages\/9707","targetHints":{"allow":["GET"]}}],"collection":[{"href":"http:\/\/www.luigiaccattoli.it\/blog\/wp-json\/wp\/v2\/pages"}],"about":[{"href":"http:\/\/www.luigiaccattoli.it\/blog\/wp-json\/wp\/v2\/types\/page"}],"author":[{"embeddable":true,"href":"http:\/\/www.luigiaccattoli.it\/blog\/wp-json\/wp\/v2\/users\/1"}],"replies":[{"embeddable":true,"href":"http:\/\/www.luigiaccattoli.it\/blog\/wp-json\/wp\/v2\/comments?post=9707"}],"version-history":[{"count":1,"href":"http:\/\/www.luigiaccattoli.it\/blog\/wp-json\/wp\/v2\/pages\/9707\/revisions"}],"predecessor-version":[{"id":9708,"href":"http:\/\/www.luigiaccattoli.it\/blog\/wp-json\/wp\/v2\/pages\/9707\/revisions\/9708"}],"up":[{"embeddable":true,"href":"http:\/\/www.luigiaccattoli.it\/blog\/wp-json\/wp\/v2\/pages\/2117"}],"wp:attachment":[{"href":"http:\/\/www.luigiaccattoli.it\/blog\/wp-json\/wp\/v2\/media?parent=9707"}],"curies":[{"name":"wp","href":"https:\/\/api.w.org\/{rel}","templated":true}]}}