{"id":9712,"date":"2012-09-16T17:54:16","date_gmt":"2012-09-16T15:54:16","guid":{"rendered":"http:\/\/www.luigiaccattoli.it\/blog\/?page_id=9712"},"modified":"2021-03-01T17:51:51","modified_gmt":"2021-03-01T16:51:51","slug":"leonardo-vitale-pentito-di-mafia-ucciso-alluscita-dalla-messa","status":"publish","type":"page","link":"http:\/\/www.luigiaccattoli.it\/blog\/cerco-fatti-di-vangelo\/14-dalla-droga-dall%e2%80%99aids-dalla-strada-e-da-ogni-male\/leonardo-vitale-pentito-di-mafia-ucciso-alluscita-dalla-messa\/","title":{"rendered":"Leonardo Vitale: pentito di mafia ucciso all\u2019uscita dalla messa"},"content":{"rendered":"<p>\u201cChi siamo noi, miserabili uomini, che ci arroghiamo il diritto di giustiziare dei nostri simili, nostri fratelli, di sostituirci a Dio onnipotente nel dare la morte? Pazzi, solo dei pazzi (&#8230;). Mamma, ho sentito che hanno arrestato molte persone di cui io avevo fatto il nome, indicandole come appartenenti alla mafia, fra questi c\u2019\u00e8 anche lo zio Titta. L\u2019ho fatto e intendo andare fino in fondo. Tutti gli uomini che agiscono nel bene mi comprenderanno, io intendo aiutare la legge e la giustizia a stroncare questo cancro che infesta la nostra terra e cos\u00ec nello stesso tempo dare la possibilit\u00e0 a tutte queste anime di entrare nella grazia di Dio col pentimento dei nostri peccati (\u2026). Mamma, Maria, ma capite cosa fa la mafia, avete idea di tutti i crimini che commette solo per raggiungere lo scopo di guadagnare soldi, il vile denaro&#8230; Perch\u00e9 non le ho capite prima tutte queste cose, perch\u00e9 mai mi sono allontanato da Dio, da questo Dio buono e giusto che \u00e8 ancora disposto a perdonarci e metterci sotto la sua protezione, purch\u00e9 sinceramente pentiti dei nostri peccati (\u2026). Sento ogni giorno di pi\u00f9 di andare acquisendo la mia libert\u00e0, quella libert\u00e0 interiore che non ho mai conosciuta&#8230; Mamma io posso dire di essere rinato\u201d.<br \/>\nCos\u00ec Leonardo Vitale (1941-1984) scrive alla mamma e alla sorella motivando il proprio \u201cpentimento\u201d che ha motivazioni religiose e che lo porter\u00e0 alla morte per mano della mafia. Leonardo Vitale \u00e8 il primo pentito di mafia dopo Melchiorre Allegra: si autoaccusa di alcuni delitti e per primo parla ai magistrati della struttura dell\u2019organizzazione mafiosa, affermando di aver preso la decisione di dissociarsi per motivi religiosi. Il fenomeno \u00e8 cos\u00ec nuovo che i magistrati non credono alle sue rivelazioni e lo condannano per le autoaccuse. Passa dieci anni nei manicomi\u00a0 criminali e al confino, infine \u2013 scontata la pena \u2013 rientra a Palermo dove \u00e8 lasciato senza alcuna protezione e dove la mafia l\u2019uccide il 2 dicembre 1984. Viene colpito di domenica, mentre torna a casa dalla messa.<br \/>\nGiovanni Falcone nella sentenza di rinvio a giudizio per il Maxiprocesso di Palermo 1986 rende omaggio al coraggio e alla conversione di Leonardo Vitale: \u201cScarcerato nel giugno 1984, fu ucciso dopo pochi mesi, il 2 dicembre, mentre tornava dalla Messa domenicale. A differenza della Giustizia dello Stato, la mafia percep\u00ec l\u2019importanza delle sue rivelazioni e lo pun\u00ec inesorabilmente per aver violato la legge dell\u2019omert\u00e0. E\u2019 augurabile che, almeno dopo morto, Vitale trovi il credito che meritava e che merita\u201d.<\/p>\n<p>I testi citati \u2013 sia le lettere di Vitale, sia la valutazione di Falcone \u2013 sono leggibili qui: www.leonardovitale.it. Vedi anche Umberto Santino, <em>Sicilia 102. Caduti nella lotta contro la mafia e per la democrazia dal 1893 al 1994<\/em>, Palermo 1995, p. 55. Nel 2006 Stefano Incerti ha girato un film sulla vita di Leonardo Vitale, intitolato <em>L\u2019uomo di vetro<\/em>, dal titolo dell\u2019omonimo romanzo di Salvatore Parlagreco.\u00a0 &#8211; <em>Leonardo Vitale. La mia battaglia l&#8217;ho vinta<\/em> di Salvatore Agueci &#8211; Editore: QUICK &#8211; marzo 2021 &#8211; euro 12.00<\/p>\n<p>[Settembre 2011 &#8211; aggiornato al marzo 2021]<\/p>\n","protected":false},"excerpt":{"rendered":"<p>\u201cChi siamo noi, miserabili uomini, che ci arroghiamo il diritto di giustiziare dei nostri simili, nostri fratelli, di sostituirci a Dio onnipotente nel dare la morte? Pazzi, solo dei pazzi&#8230;<\/p>\n<div class=\"more-link-wrapper\"><a class=\"more-link\" href=\"http:\/\/www.luigiaccattoli.it\/blog\/cerco-fatti-di-vangelo\/14-dalla-droga-dall%e2%80%99aids-dalla-strada-e-da-ogni-male\/leonardo-vitale-pentito-di-mafia-ucciso-alluscita-dalla-messa\/\">Read More<span class=\"screen-reader-text\">Leonardo Vitale: pentito di mafia ucciso all\u2019uscita dalla messa<\/span><\/a><\/div>\n","protected":false},"author":1,"featured_media":0,"parent":2126,"menu_order":0,"comment_status":"open","ping_status":"closed","template":"","meta":{"_monsterinsights_skip_tracking":false,"_monsterinsights_sitenote_active":false,"_monsterinsights_sitenote_note":"","_monsterinsights_sitenote_category":0,"footnotes":""},"class_list":["post-9712","page","type-page","status-publish","hentry","excerpt"],"_links":{"self":[{"href":"http:\/\/www.luigiaccattoli.it\/blog\/wp-json\/wp\/v2\/pages\/9712","targetHints":{"allow":["GET"]}}],"collection":[{"href":"http:\/\/www.luigiaccattoli.it\/blog\/wp-json\/wp\/v2\/pages"}],"about":[{"href":"http:\/\/www.luigiaccattoli.it\/blog\/wp-json\/wp\/v2\/types\/page"}],"author":[{"embeddable":true,"href":"http:\/\/www.luigiaccattoli.it\/blog\/wp-json\/wp\/v2\/users\/1"}],"replies":[{"embeddable":true,"href":"http:\/\/www.luigiaccattoli.it\/blog\/wp-json\/wp\/v2\/comments?post=9712"}],"version-history":[{"count":2,"href":"http:\/\/www.luigiaccattoli.it\/blog\/wp-json\/wp\/v2\/pages\/9712\/revisions"}],"predecessor-version":[{"id":26270,"href":"http:\/\/www.luigiaccattoli.it\/blog\/wp-json\/wp\/v2\/pages\/9712\/revisions\/26270"}],"up":[{"embeddable":true,"href":"http:\/\/www.luigiaccattoli.it\/blog\/wp-json\/wp\/v2\/pages\/2126"}],"wp:attachment":[{"href":"http:\/\/www.luigiaccattoli.it\/blog\/wp-json\/wp\/v2\/media?parent=9712"}],"curies":[{"name":"wp","href":"https:\/\/api.w.org\/{rel}","templated":true}]}}