{"id":9781,"date":"2012-09-25T19:06:04","date_gmt":"2012-09-25T17:06:04","guid":{"rendered":"http:\/\/www.luigiaccattoli.it\/blog\/?page_id=9781"},"modified":"2012-09-25T19:06:04","modified_gmt":"2012-09-25T17:06:04","slug":"quattordici-martiri-in-terra-d%e2%80%99islam","status":"publish","type":"page","link":"http:\/\/www.luigiaccattoli.it\/blog\/cerco-fatti-di-vangelo\/nuovi-martiri\/a-martiri-della-missione\/quattordici-martiri-in-terra-d%e2%80%99islam\/","title":{"rendered":"Quattordici martiri in terra d\u2019Islam"},"content":{"rendered":"<p>Ad ascoltare i nomi dei nuovi martiri in terra d\u2019Islam il pensiero e il cuore vanno a Charles de Foucauld, ucciso a Tamrasset, nel Sahara algerino, nel 1914 durante una scorreria di Tuareg. Charles \u00e8 stato proclamato beato nel 2005 e la sua santit\u00e0 pare porsi come una calamita per la testimonianza cristiana in questa nostra epoca. Di certo il suo esempio \u00e8 stato decisivo nell\u2019alimentare l\u2019intensit\u00e0 e la frequenza, lungo l\u2019ultimo secolo, del martirio cristiano nel mondo musulmano che non \u00e8 certo una novit\u00e0 degli ultimi decenni. Il primo posto, in questa memoria, tocca alla piccola Chiesa d\u2019Algeria, quasi dispersa in quel mare musulmano: tra il 1994 e il 1996 essa ha avuto ben 19 martiri: religiosi, religiose, i 7 monaci di Tibhirine e un vescovo, quello di Orano, Pierre Claverie.<\/p>\n<p>Un altro teatro di martirio \u00e8 stata in anni recenti l\u2019isola di Timor, nella fase (alla fine degli anni \u201990) di distacco dall\u2019Indonesia musulmana. Laggi\u00f9 la Chiesa italiana ha avuto una martire nella suora canossiana Erminia Cazzaniga, originaria di Lecco, uccisa con altre persone nel massacro di Los Palos il 25 settembre del 1999. In quell&#8217;occasione le milizie anti-indipendentiste uccisero anche tre sacerdoti, un&#8217;altra suora missionaria canossiana e tre volontari della locale parrocchia.<\/p>\n<p>Forse il pi\u00f9 gran numero di martiri cristiani in terra d\u2019Islam lo scopriremo un giorno tra i fratelli del Sudan e della Nigeria: si sta facendo via via pi\u00f9 violento il confronto tra Islam e Cristianesimo nei paesi africani dove il mondo arabo, a dominante musulmana, confina e si mescola con quello tradizionale africano in gran parte convertito al cristianesimo. A essi vanno aggiunti i paesi incendiati dal terrorismo islamista: il Pakistan e l\u2019Afghanistan, l\u2019Iraq e la Somalia.<\/p>\n<p>I martiri italiani in terra musulmana che hanno versato il sangue lungo il secolo XX secondo una mia indagine (che considera solo gli uccisi da musulmani o presunti tali e non tiene conto di quanti furono colpiti \u201cda sconosciuti\u201d) sono almeno nove, morti tra il 1908 e il 1995, in sei paesi diversi: dalla Libia alla Turchia, dalla Siria alla Palestina, dalla Somalia alle Filippine. Sei di loro sono francescani.<\/p>\n<p>Il primo di questi martiri in ordine di tempo \u00e8 Giustino Pacini, sacerdote francescano, superiore della missione di Derna, in Tripolitania (oggi Libia), ucciso a pugnalate \u2013 da sconosciuti \u2013 il 21 marzo 1908. Era in conflitto con le autorit\u00e0 della comunit\u00e0 musulmana locale, avendo fatto ricorso alle autorit\u00e0 consolari per la difesa della sua attivit\u00e0 missionaria e avendo provocato un contro-ricorso a Costantinopoli da parte del governatore di Derna.<\/p>\n<p>Altri due sacerdoti francescani dell\u2019Ordine dei Frati Minori vengono uccisi a Muginkderesi, Turchia, il 23 gennaio 1920: sono Francesco De Vittorio, nato a Rutigliano (Bari), 37 anni e Salvatore Sabatini, nato a Pizzoli (L\u2019Aquila), 25 anni. Vengono aggrediti in casa di un musulmano dal quale erano stati invitati a pranzo insieme a un gruppo di \u201corfanelli\u201d. L&#8217;uccisione \u00e8 seguita dal massacro dei bambini e di altri cristiani.<\/p>\n<p>Alberto Nazzareno Amarisse, anche lui sacerdote dei Frati Minori, nato a Cave (Roma), viene ucciso in chiesa con un gruppo di fedeli da nazionalisti musulmani, a Jenigekal\u00e8, in Turchia, probabilmente il 23 gennaio 1920.<\/p>\n<p>Leopardo Bellocci sacerdote dei Frati Minori, nato a Osimo (Ancona), 38 anni, missionario in Terrasanta, il 20 agosto 1920 prende il treno ad Aleppo per Gerusalemme e viene aggredito e ucciso \u2013 insieme ad altri viaggiatori cristiani \u2013 da manifestanti musulmani alla stazione di Khirbert Ghazale.<\/p>\n<p>Mario Rosin sacerdote salesiano, ucciso da banditi a Beitgemal (Palestina), il 23 giugno 1938. Passa quasi tutta la sua vita (46 anni) in Palestina, dove arriva a 23 anni, ancora chierico e dove gestisce scuole, orfanatrofi e dispensari a Nazareth, Betlemme e Beitgemal.<\/p>\n<p>Pietro Colombo vescovo francescano, milanese di Carate Brianza, 67 anni, ucciso a Mogadiscio, Somalia, il 9 luglio 1989: viene colpito di notte, nel cortile tra l\u2019abitazione e la cattedrale, con un colpo d\u2019arma da fuoco, non si sa da chi n\u00e8 perch\u00e9. La polizia somala attribuisce il delitto agli ambienti del fondamentalismo islamico.<\/p>\n<p>Salvatore Carzedda sacerdote del Pime, ucciso a Zamboanga (Mindanao), Filippine, il 20 maggio 1992: \u00e8 una splendida figura di martire del dialogo con l\u2019Islam.<em> Il Ges\u00f9 del Corano alla luce del Vangelo<\/em> \u00e8 il titolo di una sua pubblicazione a sostegno di quel dialogo. Viene ucciso con colpi d\u2019arma da fuoco mentre rientra a casa, avendo appena inaugurato un corso estivo di dialogo islamico-cristiano.<\/p>\n<p>Graziella Fumagalli volontaria laica e medico, uccisa con tre revolverate alla testa di domenica a Merca, in Somalia, il 22 ottobre 1995, all\u2019interno dell\u2019ospedale di cui \u00e8 responsabile, da un commando che si qualifica come \u201cfondamentalista islamico\u201d.<\/p>\n<p>Sommando questi nove ai quattro di cui tratto nel resto del capitolo e a Erminia Cazzaniga nominata sopra a proposito di Timor, abbiamo un totale di 14 martiri italiani in terra musulmana.<\/p>\n<p><strong>[Settembre 2010]<\/strong><\/p>\n","protected":false},"excerpt":{"rendered":"<p>Ad ascoltare i nomi dei nuovi martiri in terra d\u2019Islam il pensiero e il cuore vanno a Charles de Foucauld, ucciso a Tamrasset, nel Sahara algerino, nel 1914 durante una&#8230;<\/p>\n<div class=\"more-link-wrapper\"><a class=\"more-link\" href=\"http:\/\/www.luigiaccattoli.it\/blog\/cerco-fatti-di-vangelo\/nuovi-martiri\/a-martiri-della-missione\/quattordici-martiri-in-terra-d%e2%80%99islam\/\">Read More<span class=\"screen-reader-text\">Quattordici martiri in terra d\u2019Islam<\/span><\/a><\/div>\n","protected":false},"author":1,"featured_media":0,"parent":2206,"menu_order":0,"comment_status":"open","ping_status":"closed","template":"","meta":{"_monsterinsights_skip_tracking":false,"_monsterinsights_sitenote_active":false,"_monsterinsights_sitenote_note":"","_monsterinsights_sitenote_category":0,"footnotes":""},"class_list":["post-9781","page","type-page","status-publish","hentry","excerpt"],"_links":{"self":[{"href":"http:\/\/www.luigiaccattoli.it\/blog\/wp-json\/wp\/v2\/pages\/9781","targetHints":{"allow":["GET"]}}],"collection":[{"href":"http:\/\/www.luigiaccattoli.it\/blog\/wp-json\/wp\/v2\/pages"}],"about":[{"href":"http:\/\/www.luigiaccattoli.it\/blog\/wp-json\/wp\/v2\/types\/page"}],"author":[{"embeddable":true,"href":"http:\/\/www.luigiaccattoli.it\/blog\/wp-json\/wp\/v2\/users\/1"}],"replies":[{"embeddable":true,"href":"http:\/\/www.luigiaccattoli.it\/blog\/wp-json\/wp\/v2\/comments?post=9781"}],"version-history":[{"count":1,"href":"http:\/\/www.luigiaccattoli.it\/blog\/wp-json\/wp\/v2\/pages\/9781\/revisions"}],"predecessor-version":[{"id":9782,"href":"http:\/\/www.luigiaccattoli.it\/blog\/wp-json\/wp\/v2\/pages\/9781\/revisions\/9782"}],"up":[{"embeddable":true,"href":"http:\/\/www.luigiaccattoli.it\/blog\/wp-json\/wp\/v2\/pages\/2206"}],"wp:attachment":[{"href":"http:\/\/www.luigiaccattoli.it\/blog\/wp-json\/wp\/v2\/media?parent=9781"}],"curies":[{"name":"wp","href":"https:\/\/api.w.org\/{rel}","templated":true}]}}