{"id":9785,"date":"2012-09-25T19:18:16","date_gmt":"2012-09-25T17:18:16","guid":{"rendered":"http:\/\/www.luigiaccattoli.it\/blog\/?page_id=9785"},"modified":"2012-09-25T19:18:16","modified_gmt":"2012-09-25T17:18:16","slug":"giovanni-ruggiero-%e2%80%9cpoggio-la-mano-dov%e2%80%99e-il-fegato-donato%e2%80%9d","status":"publish","type":"page","link":"http:\/\/www.luigiaccattoli.it\/blog\/cerco-fatti-di-vangelo\/15-il-corpo-in-dono-donazioni-e-trapianti\/giovanni-ruggiero-%e2%80%9cpoggio-la-mano-dov%e2%80%99e-il-fegato-donato%e2%80%9d\/","title":{"rendered":"Giovanni Ruggiero: \u201cPoggio la mano dov\u2019\u00e8 il fegato donato\u201d"},"content":{"rendered":"<p>\u201c<em>Per giorni non sono stato capace di poggiare la mano dove sta il fegato che mi \u00e8 stato donato. Poi sono riuscito a farlo e ho detto grazie cos\u00ec al donatore. Non so chi sia. Non lo sapr\u00f2 mai. I familiari (di lui o di lei?) non verranno mai a dirmi che ho dentro di me una parte del loro figlio, del padre o marito, o forse moglie, mamma o figlia. Ma saranno orgogliosi e felici di sapere che grazie alla generosit\u00e0 estrema del loro congiunto c\u2019\u00e8 su questa terra un altro uomo che vive. L\u2019incontrer\u00f2. Non adesso e non qui. Sar\u00e0 lui o lei, anima sconosciuta, a riconoscere in me una parte di s\u00e9. E potr\u00f2 allora dire davvero grazie. Non adesso. Non qui. E nella lingua che parlano lass\u00f9<\/em>\u201d: cos\u00ec Giovanni Ruggiero, giornalista di <em>Avvenire<\/em>, conclude il racconto sul fegato che gli fu impiantato il 25 gennaio del 2004 \u2013 racconto che \u00e8 apparso in due puntate su <em>Avvenire <\/em>il 7 e il 10 marzo 2004.<\/p>\n<p><strong>\u00a0<\/strong><\/p>\n<p><strong>Giovanni Ruggiero, padre di famiglia, con due figli, ha poi narrato la vicenda del trapianto con l\u2019aiuto del medico-epatologo Antonio Ascione \u2013 che l\u2019ha operato \u2013 nel volume <em>Abbiamo vinto insieme<\/em>, Edizioni Messaggero, Padova 2009.<\/strong><\/p>\n<p><strong>[Settembre 2010]<\/strong><\/p>\n","protected":false},"excerpt":{"rendered":"<p>\u201cPer giorni non sono stato capace di poggiare la mano dove sta il fegato che mi \u00e8 stato donato. Poi sono riuscito a farlo e ho detto grazie cos\u00ec al&#8230;<\/p>\n<div class=\"more-link-wrapper\"><a class=\"more-link\" href=\"http:\/\/www.luigiaccattoli.it\/blog\/cerco-fatti-di-vangelo\/15-il-corpo-in-dono-donazioni-e-trapianti\/giovanni-ruggiero-%e2%80%9cpoggio-la-mano-dov%e2%80%99e-il-fegato-donato%e2%80%9d\/\">Read More<span class=\"screen-reader-text\">Giovanni Ruggiero: \u201cPoggio la mano dov\u2019\u00e8 il fegato donato\u201d<\/span><\/a><\/div>\n","protected":false},"author":1,"featured_media":0,"parent":2129,"menu_order":0,"comment_status":"open","ping_status":"closed","template":"","meta":{"_monsterinsights_skip_tracking":false,"_monsterinsights_sitenote_active":false,"_monsterinsights_sitenote_note":"","_monsterinsights_sitenote_category":0,"footnotes":""},"class_list":["post-9785","page","type-page","status-publish","hentry","excerpt"],"_links":{"self":[{"href":"http:\/\/www.luigiaccattoli.it\/blog\/wp-json\/wp\/v2\/pages\/9785","targetHints":{"allow":["GET"]}}],"collection":[{"href":"http:\/\/www.luigiaccattoli.it\/blog\/wp-json\/wp\/v2\/pages"}],"about":[{"href":"http:\/\/www.luigiaccattoli.it\/blog\/wp-json\/wp\/v2\/types\/page"}],"author":[{"embeddable":true,"href":"http:\/\/www.luigiaccattoli.it\/blog\/wp-json\/wp\/v2\/users\/1"}],"replies":[{"embeddable":true,"href":"http:\/\/www.luigiaccattoli.it\/blog\/wp-json\/wp\/v2\/comments?post=9785"}],"version-history":[{"count":1,"href":"http:\/\/www.luigiaccattoli.it\/blog\/wp-json\/wp\/v2\/pages\/9785\/revisions"}],"predecessor-version":[{"id":9786,"href":"http:\/\/www.luigiaccattoli.it\/blog\/wp-json\/wp\/v2\/pages\/9785\/revisions\/9786"}],"up":[{"embeddable":true,"href":"http:\/\/www.luigiaccattoli.it\/blog\/wp-json\/wp\/v2\/pages\/2129"}],"wp:attachment":[{"href":"http:\/\/www.luigiaccattoli.it\/blog\/wp-json\/wp\/v2\/media?parent=9785"}],"curies":[{"name":"wp","href":"https:\/\/api.w.org\/{rel}","templated":true}]}}