{"id":9858,"date":"2012-10-02T19:07:40","date_gmt":"2012-10-02T17:07:40","guid":{"rendered":"http:\/\/www.luigiaccattoli.it\/blog\/?page_id=9858"},"modified":"2012-10-02T19:07:40","modified_gmt":"2012-10-02T17:07:40","slug":"tarcisio-bonati-%e2%80%9cla-me-eta-l%e2%80%99e-stacia-bela%e2%80%9d","status":"publish","type":"page","link":"http:\/\/www.luigiaccattoli.it\/blog\/cerco-fatti-di-vangelo\/8-celebrazione-ecclesiale-della-propria-morte\/tarcisio-bonati-%e2%80%9cla-me-eta-l%e2%80%99e-stacia-bela%e2%80%9d\/","title":{"rendered":"Tarcisio Bonati: \u201cLa m\u00e9 \u00e9ta l\u2019\u00e8 stacia b\u00e9la\u201d"},"content":{"rendered":"<p><span style=\"font-family: Times New Roman,serif;\"><span style=\"font-size: medium;\">Il parroco di Verdello, Bergamo, legge il mio libro Cerco fatti di Vangelo e mi scrive segnalando alcune storie e una \u00e8 questa, preziosa nella sua semplicit\u00e0: \u201c<\/span><\/span><span style=\"color: #222222;\"><span style=\"font-family: Times New Roman,serif;\"><span style=\"font-size: medium;\">Qualche tempo fa, ho partecipato al funerale di un nonno di quasi novant\u2019anni. Il figlio mi ha raccontato che il padre sentiva che la sua vita, raccolta nel palmo di una mano, \u00e8 stata una vita cristiana bella. Lo esprimeva in dialetto che ha un accento ancor pi\u00f9 persuasivo:<\/span><\/span><\/span><span style=\"color: #222222;\"><span style=\"font-family: Times New Roman,serif;\"><span style=\"font-size: medium;\">\u00a0<\/span><\/span><\/span><span style=\"color: #222222;\"><span style=\"font-family: Times New Roman,serif;\"><span style=\"font-size: medium;\"><em>La m\u00e9 \u00e9ta l\u2019\u00e8 stacia b\u00e9la.<\/em><\/span><\/span><\/span><span style=\"color: #222222;\"><span style=\"font-family: Times New Roman,serif;\"><span style=\"font-size: medium;\">\u00a0<\/span><\/span><\/span><span style=\"color: #222222;\"><span style=\"font-family: Times New Roman,serif;\"><span style=\"font-size: medium;\">Eppure non gli sono mancate difficolt\u00e0, come \u00e8 accaduto alle generazioni dei primi decenni del Novecento. \u2018La mia \u00e8 stata una vita bella\u2019, ripeteva: bella perch\u00e9, rimasto orfano, ha sperimentato la solidariet\u00e0 di chi si \u00e8 preso cura di lui; bella perch\u00e9 ha conosciuto l\u2019amore della moglie per lui, l\u2019amore per i figli e i nipoti; bella perch\u00e9 illuminata dalla fede e dall\u2019amore all\u2019Eucaristia; bella perch\u00e9 vissuta con lo spirito proprio di chi si mette il grembiule del servizio e prende il catino per essere utile alla Chiesa e ai fratelli. Il suo nome \u00e8 Tarcisio, come il santo martire dell\u2019Eucaristia\u201d. <\/span><\/span><\/span><\/p>\n<p><span style=\"color: #222222;\"><span style=\"font-family: Times New Roman,serif;\"><span style=\"font-size: medium;\">Ho chiesto al parroco il nome intero e qualche notizia su questo Tarcisio: conviene conoscere chi muore cos\u00ec. <\/span><\/span><\/span><span style=\"font-family: Times New Roman,serif;\"><span style=\"font-size: medium;\">Tarcisio Bonati nasce a Mozzo l&#8217;11 novembre\u00a01921. A\u00a07 anni il pap\u00e0 Giuseppe muore e\u00a0la mamma Ancilla\u00a0rimane inferma. Le sorelle gli trovano un posto a Milano presso la casa per orfani delle Ancelle della Provvidenza dove rimane fino a 18 anni imparando il lavoro di linotipista che gli permetter\u00e0 dopo la guerra di essere assunto presso le arti Grafiche di Bergamo. Nel 1947 sposa Locatelli Luigina, dalla quale avr\u00e0 4 figli e trova lavoro al reparto di filatura dello stabilimento Legler di Ponte San Pietro. Va in pensione nel 1980 e segue con la moglie il figlio don Vittorio come custode dell&#8217;Oratorio di Zogno dal 1981 al 1985 e poi di quello della parrocchia di Monterosso in Bergamo, fino al 1992. Successivamente svolge il servizio di sacrista (per 17 anni fino a quando la salute ha retto) presso la Chiesa della Madonna del Bosco in Bergamo, dove muore in parrocchia il 28 marzo 2011. Negli ultimi mesi amava in carrozzella scendere alla Messa tutti i giorni e poi fare ogni giorno\u00a0la Comunione. Quando\u00a0gli fu impossibile deglutire l&#8217;Ostia consacrata per due giorni fece la Comunione con il Sangue di Cristo, ricevendo alla sera l\u2019Olio degli infermi. I funerali si sono svolti il 31 marzo\u00a02011 a\u00a0Ponte San Pietro. E\u2019 sepolto nel Cimitero di Ponte San Pietro.<\/span><\/span><\/p>\n<p>&nbsp;<\/p>\n<p><span style=\"font-family: Times New Roman,serif;\"><span style=\"font-size: small;\"><strong>Arturo Bellini \u00e8 il parroco che mi ha segnalato e documentato la storia di Tarcisio Bonati. Il 2 ottobre 2012 sono stato a Verdello ed \u00e8 stato come un ringraziamento per storia ricevuta.<\/strong><\/span><\/span><\/p>\n<p><span style=\"font-family: Times New Roman,serif;\"><span style=\"font-size: small;\"><strong>[Ottobre 2012]<\/strong><\/span><\/span><\/p>\n","protected":false},"excerpt":{"rendered":"<p>Il parroco di Verdello, Bergamo, legge il mio libro Cerco fatti di Vangelo e mi scrive segnalando alcune storie e una \u00e8 questa, preziosa nella sua semplicit\u00e0: \u201cQualche tempo fa,&#8230;<\/p>\n<div class=\"more-link-wrapper\"><a class=\"more-link\" href=\"http:\/\/www.luigiaccattoli.it\/blog\/cerco-fatti-di-vangelo\/8-celebrazione-ecclesiale-della-propria-morte\/tarcisio-bonati-%e2%80%9cla-me-eta-l%e2%80%99e-stacia-bela%e2%80%9d\/\">Read More<span class=\"screen-reader-text\">Tarcisio Bonati: \u201cLa m\u00e9 \u00e9ta l\u2019\u00e8 stacia b\u00e9la\u201d<\/span><\/a><\/div>\n","protected":false},"author":1,"featured_media":0,"parent":2106,"menu_order":0,"comment_status":"open","ping_status":"closed","template":"","meta":{"_monsterinsights_skip_tracking":false,"_monsterinsights_sitenote_active":false,"_monsterinsights_sitenote_note":"","_monsterinsights_sitenote_category":0,"footnotes":""},"class_list":["post-9858","page","type-page","status-publish","hentry","excerpt"],"_links":{"self":[{"href":"http:\/\/www.luigiaccattoli.it\/blog\/wp-json\/wp\/v2\/pages\/9858","targetHints":{"allow":["GET"]}}],"collection":[{"href":"http:\/\/www.luigiaccattoli.it\/blog\/wp-json\/wp\/v2\/pages"}],"about":[{"href":"http:\/\/www.luigiaccattoli.it\/blog\/wp-json\/wp\/v2\/types\/page"}],"author":[{"embeddable":true,"href":"http:\/\/www.luigiaccattoli.it\/blog\/wp-json\/wp\/v2\/users\/1"}],"replies":[{"embeddable":true,"href":"http:\/\/www.luigiaccattoli.it\/blog\/wp-json\/wp\/v2\/comments?post=9858"}],"version-history":[{"count":1,"href":"http:\/\/www.luigiaccattoli.it\/blog\/wp-json\/wp\/v2\/pages\/9858\/revisions"}],"predecessor-version":[{"id":9859,"href":"http:\/\/www.luigiaccattoli.it\/blog\/wp-json\/wp\/v2\/pages\/9858\/revisions\/9859"}],"up":[{"embeddable":true,"href":"http:\/\/www.luigiaccattoli.it\/blog\/wp-json\/wp\/v2\/pages\/2106"}],"wp:attachment":[{"href":"http:\/\/www.luigiaccattoli.it\/blog\/wp-json\/wp\/v2\/media?parent=9858"}],"curies":[{"name":"wp","href":"https:\/\/api.w.org\/{rel}","templated":true}]}}