{"id":9875,"date":"2012-10-05T20:24:52","date_gmt":"2012-10-05T18:24:52","guid":{"rendered":"http:\/\/www.luigiaccattoli.it\/blog\/?page_id=9875"},"modified":"2012-10-08T07:57:14","modified_gmt":"2012-10-08T05:57:14","slug":"ero-a-loreto-con-papa-giovanni-mezzo-secolo-fa","status":"publish","type":"page","link":"http:\/\/www.luigiaccattoli.it\/blog\/articoli-di-liberal\/ero-a-loreto-con-papa-giovanni-mezzo-secolo-fa\/","title":{"rendered":"Ero a Loreto con Papa Giovanni mezzo secolo fa"},"content":{"rendered":"<p><span style=\"font-family: Consolas,serif;\"><span style=\"font-size: x-small;\"><span style=\"font-family: Times New Roman,serif;\"><span style=\"font-size: medium;\"><em>Pubblicato da LIBRAL il 5 ottobre 2012 alle pagine 14 e 15 <\/em><\/span><\/span><\/span><\/span><\/p>\n<p><span style=\"font-family: Consolas,serif;\"><span style=\"font-size: x-small;\"><span style=\"font-family: Times New Roman,serif;\"><span style=\"font-size: medium;\"><em>con il titolo \u201cSfida sul Concilio\u201d <\/em><\/span><\/span><\/span><\/span><\/p>\n<p>&nbsp;<\/p>\n<p><span style=\"font-family: Consolas,serif;\"><span style=\"font-size: x-small;\"><span style=\"font-family: Times New Roman,serif;\"><span style=\"font-size: medium;\">Ero nella piazza del Santuario di Loreto quando vi and\u00f2 Papa Giovanni mezzo secolo fa e ieri ho seguito con ripetuti soprassalti di memoria la diretta di Rai1 per la visita di Papa Benedetto: allora si apriva il Concilio e tutti guardavano in avanti, ora si guarda \u2013 un poco avanti e molto indietro \u2013 all\u2019eredit\u00e0 del Vaticano II e c\u2019\u00e8 forte disputa su di essa. Non manca chi \u00e8 tentato di tornare a prima del Concilio e chi afferma che le cose sono andate storte perch\u00e9 il Concilio \u00e8 stato tradito. <\/span><\/span><\/span><\/span><\/p>\n<p><span style=\"font-family: Consolas,serif;\"><span style=\"font-size: x-small;\"><span style=\"font-family: Times New Roman,serif;\"><span style=\"font-size: medium;\">La grande maggioranza dei cattolici praticanti ha ovviamente sentimenti pi\u00f9 equanimi e sa \u2013 o intuisce \u2013 che Papa Benedetto \u00e8 stato eletto anche a motivo della disputa sul Vaticano II: per ricondurla a unit\u00e0, come gi\u00e0 Paolo VI era stato eletto per condurre nell\u2019unit\u00e0 i lavori del Concilio. Si tratta dunque di aiutarlo nell\u2019impresa e i primi che ne intralciano l\u2019opera sono i militanti delle due ali che tendono ad accentuare la polarizzazione interna alla Chiesa.<\/span><\/span><\/span><\/span><\/p>\n<p><span style=\"font-family: Consolas,serif;\"><span style=\"font-size: x-small;\"><span style=\"font-family: Times New Roman,serif;\"><span style=\"font-size: medium;\">Ieri il Papa teologo non \u00e8 entrato nella disputa e forse si riserva di farlo in uno dei prossimi appuntamenti: poniamo quando aprir\u00e0 in San Pietro l\u201911 prossimo \u2013 giorno anniversario dell\u2019avvio del Vaticano II \u2013 l\u2019<\/span><\/span><span style=\"font-family: Times New Roman,serif;\"><span style=\"font-size: medium;\"><em>Anno della Fede <\/em><\/span><\/span><span style=\"font-family: Times New Roman,serif;\"><span style=\"font-size: medium;\">e il <\/span><\/span><span style=\"font-family: Times New Roman,serif;\"><span style=\"font-size: medium;\"><em>Sinodo sulla Nuova Evangelizzazione<\/em><\/span><\/span><span style=\"font-family: Times New Roman,serif;\"><span style=\"font-size: medium;\">, da lui indetti nel cinquantenario del Concilio e mirati a un fattivo recupero della sua eredit\u00e0.<\/span><\/span><\/span><\/span><\/p>\n<p><span style=\"font-family: Consolas,serif;\"><span style=\"font-size: x-small;\"><span style=\"font-family: Times New Roman,serif;\"><span style=\"font-size: medium;\">Benedetto a Loreto non ha detto nulla dell\u2019eredit\u00e0 del Vaticano II ma ha fatto sua e ripetuto per intero la preghiera che in quel santuario aveva proposto Papa Giovanni \u2013 il \u201cbeato\u201d Papa Giovanni \u2013 e che termina con queste parole piene di slancio, com\u2019era tipico del suo animo: \u201c<\/span><\/span><span style=\"font-family: Times New Roman,serif;\"><span style=\"font-size: medium;\"><em>P<\/em><\/span><\/span><span style=\"color: #333333;\"><span style=\"font-family: Times New Roman,serif;\"><span style=\"font-size: medium;\"><em>er la vostra materna intercessione, negli anni e nei secoli futuri si possa dire che la grazia di Dio ha prevenuto, accompagnato e coronato il ventunesimo Concilio Ecumenico, infondendo nei figli tutti della Santa Chiesa nuovo fervore, slancio di generosit\u00e0, fermezza di propositi<\/em><\/span><\/span><\/span><span style=\"color: #333333;\"><span style=\"font-family: Times New Roman,serif;\"><span style=\"font-size: medium;\">\u201d.<\/span><\/span><\/span><\/span><\/span><\/p>\n<p><span style=\"font-family: Consolas,serif;\"><span style=\"font-size: x-small;\"><span style=\"color: #333333;\"><span style=\"font-family: Times New Roman,serif;\"><span style=\"font-size: medium;\">Questa riproposizione della preghiera del \u201cPapa buono\u201d da parte del Papa teologo \u00e8 dettata da una trepida intenzione: Roncalli con quelle parole invocava l\u2019aiuto della Vergine per il Concilio che si doveva fare e invitava a guardare lontano nel tempo, verso \u201cgli anni e i secoli venturi\u201d, perch\u00e8 in essi potesse essere riconosciuto il buon esito dei lavori conciliari; Ratzinger torna a invocare quell\u2019aiuto, a mezzo secolo di distanza, perch\u00e9 nuovamente i \u201cfigli tutti della Santa Chiesa\u201d abbiano la possibilit\u00e0 di ritrovarsi nelle grandi intenzioni dell\u2019impresa conciliare e sappiano trarne \u201cnuovo fervore\u201d.<\/span><\/span><\/span><\/span><\/span><\/p>\n<p><span style=\"font-family: Consolas,serif;\"><span style=\"font-size: x-small;\"><span style=\"font-family: Times New Roman,serif;\"><span style=\"font-size: medium;\">Non conviene ormai a nessuno \u2013 io credo \u2013 fare finta che l\u2019accoglienza e messa in opera delle delibere conciliari non abbiano incontrato ostacoli interni ed esterni alla Chiesa. All\u2019esterno vi \u00e8 stata una rapida disaffezione rispetto a quell\u2019avvio di \u201cdialogo\u201d nel quale i padri conciliari avevano riposto tanta fiducia. L\u2019ostilit\u00e0 e l\u2019irrisione sono presto tornate a prendere il posto del primo moto di interesse durato lo spazio di un mattino: neanche un decennio, se vogliamo stabilire dei tempi. Dall\u2019annuncio del Concilio, che \u00e8 del gennaio del 1959, alla primavera del 1968. <\/span><\/span><\/span><\/span><\/p>\n<p><span style=\"font-family: Consolas,serif;\"><span style=\"font-size: x-small;\"><span style=\"font-family: Times New Roman,serif;\"><span style=\"font-size: medium;\">All\u2019intero della Chiesa la gelata fu ancora pi\u00f9 rapida: la contestazione delle avanguardie e quella dei tradizionalisti sono arrivate prima delle grandinate secolari. I Padri erano appena tornati da Roma alle proprie cattedrali che gi\u00e0 si stilavano gli opposti elenchi delle doglianze: si \u00e8 fatto questo che non si doveva, non si \u00e8 fatto quest\u2019altro che si sarebbe dovuto.<\/span><\/span><\/span><\/span><\/p>\n<p><span style=\"font-family: Consolas,serif;\"><span style=\"font-size: x-small;\"><span style=\"font-family: Times New Roman,serif;\"><span style=\"font-size: medium;\">Papa Benedetto che porta \u2013 \u201cmite e fermo\u201d, come ha invocato pi\u00f9 volte di voler essere e restare \u2013 il peso della ricomposizione di questo conflitto, una volta, il 22 dicembre del 2005, l\u2019ha delineato cos\u00ec, in un testo chiave del suo governo pontificale: \u201c<\/span><\/span><span style=\"color: #000000;\"><span style=\"font-family: Times New Roman,serif;\"><span style=\"font-size: medium;\"><em>I problemi della recezione [del Vaticano II] sono nati dal fatto che due ermeneutiche contrarie si sono trovate a confronto e hanno litigato tra loro (\u2026). Da una parte esiste un\u2019interpretazione che vorrei chiamare \u2018ermeneutica della discontinuit\u00e0 e della rottura\u2019 (\u2026). Dall\u2019altra parte c\u2019\u00e8 l\u2019 \u2018ermeneutica della riforma\u2019, del rinnovamento nella continuit\u00e0 dell\u2019unico soggetto-Chiesa, che il Signore ci ha donato; \u00e8 un soggetto che cresce nel tempo e si sviluppa, rimanendo per\u00f2 sempre lo stesso, unico soggetto del Popolo di Dio in cammino<\/em><\/span><\/span><\/span><span style=\"color: #000000;\"><span style=\"font-family: Times New Roman,serif;\"><span style=\"font-size: medium;\">\u201d.<\/span><\/span><\/span><\/span><\/span><\/p>\n<p><span style=\"font-family: Consolas,serif;\"><span style=\"font-size: x-small;\"><span style=\"color: #000000;\"><span style=\"font-family: Times New Roman,serif;\"><span style=\"font-size: medium;\">Questo discorso del Papa tedesco \u00e8 uno dei pi\u00f9 citati ma raramente viene messo in risalto l\u2019uso che in esso \u00e8 fatto della parola riforma: \u201cermeneutica della riforma\u201d. In bocca a un Papa tedesco la parola RIFORMA non pu\u00f2 non avere un significato pieno, e anche simbolico, perch\u00e9 per un tedesco la \u201criforma\u201d \u00e8 per antonomasia quella di Lutero e Calvino. In nessun modo dunque egli sminuisce la portata del Concilio se lo considera portatore di un \u201crinnovamento\u201d che merita il nome di \u201criforma\u201d.<\/span><\/span><\/span><\/span><\/span><\/p>\n<p><span style=\"font-family: Consolas,serif;\"><span style=\"font-size: x-small;\"><span style=\"color: #000000;\"><span style=\"font-family: Times New Roman,serif;\"><span style=\"font-size: medium;\">Il punto chiave del Concilio come \u201criforma senza rottura\u201d \u00e8 stato discusso ieri sera in un programma di Rai3 dedicato ai \u201c50 anni dal Concilio\u201d, elaborato dall\u2019\u00e9quipe della Grande Storia. Molti gli ospiti del programma, tra i quali in posizione principe il padre Federico Lombardi, portavoce di Papa Benedetto. Ma si pu\u00f2 immaginare che ad attirare l\u2019attenzione degli spettatori siano stati due spezzoni di interviste di archivio, totalmente inedite, sia in video sia per trascrizione, una del 1977 all\u2019arcivescovo Ratzinger appena nominato a Monaco e un\u2019altra del 2009 al cardinale Martini.<\/span><\/span><\/span><\/span><\/span><\/p>\n<p><span style=\"color: #000000;\">\u201c<span style=\"font-family: Consolas,serif;\"><span style=\"font-size: x-small;\"><span style=\"font-family: Times New Roman,serif;\"><span style=\"font-size: medium;\"><em>Ogni concilio \u2013 <\/em><\/span><\/span><\/span><span style=\"color: #000000;\"><span style=\"font-family: Times New Roman,serif;\"><span style=\"font-size: medium;\">dice in quel colloquio il cardinale Joseph Ratzinger \u2013 <\/span><\/span><\/span><span style=\"color: #000000;\"><span style=\"font-family: Times New Roman,serif;\"><span style=\"font-size: medium;\"><em>\u00e8 quasi come un intervento chirurgico, in quanto si manifesta innanzitutto come una scossa dell\u2019organismo e come un pericolo. \u00c8 incontestabile che dopo il Concilio si siano verificate situazioni di crisi, da cui derivano difficolt\u00e0 e impegni, che solo cos\u00ec possono essere affrontati. Proprio tramite il venire a galla della crisi, si risvegliano forze salutari che possono condurre al rinnovamento<\/em><\/span><\/span><\/span><span style=\"color: #000000;\"><span style=\"font-family: Times New Roman,serif;\"><span style=\"font-size: medium;\">\u201d.<\/span><\/span><\/span><\/span><\/span><\/p>\n<p><span style=\"font-family: Consolas,serif;\"><span style=\"font-size: x-small;\"><span style=\"color: #000000;\"><span style=\"font-family: Times New Roman,serif;\"><span style=\"font-size: medium;\">Una visione dunque drammatica dell\u2019evento conciliare e della stagione che l\u2019ha seguito, tale certamente da sconsigliare \u2013 per oggi e per il prevedibile futuro \u2013 altre imprese conciliari. Ben diverso il sentimento del cardinale Carlo Maria\u00a0<\/span><\/span><\/span><span style=\"color: #000000;\"><span style=\"font-family: Times New Roman,serif;\"><span style=\"font-size: medium;\">Martini, pieno di fiducia <\/span><\/span><\/span><span style=\"color: #000000;\"><span style=\"font-family: Times New Roman,serif;\"><span style=\"font-size: medium;\">nelle risorse dell\u2019evento Concilio: \u201c<\/span><\/span><\/span><span style=\"color: #000000;\"><span style=\"font-family: Times New Roman,serif;\"><span style=\"font-size: medium;\"><em>Auspicherei che vi fosse, ogni venti anni diciamo, un Concilio e questo lo vedo tanto pi\u00f9 necessario oggi perch\u00e9 i pastori della Chiesa possano confrontare i loro linguaggi e quindi ascoltarsi, conoscersi, fare amicizia, questo avviene in un Concilio. E bisognerebbe fare in modo che questo Concilio avesse un tema solo. Perch\u00e9 se ha tutti i temi come il Vaticano II allora non si andr\u00e0 molto avanti. Ma prendere un tema per volta e trattarlo nel Concilio, uno o due, potrebbe portare frutto nella Chiesa<\/em><\/span><\/span><\/span><span style=\"color: #000000;\"><span style=\"font-family: Times New Roman,serif;\"><span style=\"font-size: medium;\">\u201d.<\/span><\/span><\/span><\/span><\/span><\/p>\n<p><span style=\"font-family: Consolas,serif;\"><span style=\"font-size: x-small;\"><span style=\"color: #000000;\"><span style=\"font-family: Times New Roman,serif;\"><span style=\"font-size: medium;\">In attesa che maturino le circostanze che rendano praticabile il \u201csogno\u201d martiniano, conviene affidarsi alla paziente opera di ricucitura che \u00e8 stata affidata a Papa Benedetto, molto simile a quella che a suo tempo era stata posta nella mani di Papa Paolo. <\/span><\/span><\/span><\/span><\/span><\/p>\n<p><span style=\"font-family: Consolas,serif;\"><span style=\"font-size: x-small;\"><span style=\"font-family: Times New Roman,serif;\"><span style=\"font-size: medium;\">Dicevo sopra che ero nella piazza del Santuario di Loreto il 4 ottobre 1962 quando ci and\u00f2 Papa Giovanni: avevo 18 anni ed ero l\u00ec non per la smania di fare il giornalista ma perch\u00e9 abitavo a sette chilometri, essendo nato a Recanati. Fu la mia prima \u201cfolla papale\u201d e in due momenti ebbi paura di restarne schiacciato: quando arriv\u00f2 nella piazza la Mercedes 300 con il Papa a bordo e quando Giovanni entr\u00f2 in Basilica e tutti si figurarono di seguirlo. <\/span><\/span><\/span><\/span><\/p>\n<p><span style=\"font-family: Consolas,serif;\"><span style=\"font-size: x-small;\"><span style=\"font-family: Times New Roman,serif;\"><span style=\"font-size: medium;\">Era la prima volta da oltre un secolo che un Papa usciva dal Lazio e lo Stato italiano si adoper\u00f2 ad accoglierlo in pompa magna. Giovanni fece il viaggio in treno, con un convoglio messo a disposizione dal Quirinale: Amintore Fanfani, che era a capo del primo governo di Centrosinistra (quello con l\u2019appoggio esterno dei socialisti), viaggi\u00f2 con il Papa; il Presidente della Repubblica Antonio Segni lo accolse a Loreto; ad Assisi lo aspettava Aldo Moro, segretario della Dc. <\/span><\/span><\/span><\/span><\/p>\n<p><span style=\"font-family: Consolas,serif;\"><span style=\"font-size: x-small;\"><span style=\"font-family: Times New Roman,serif;\"><span style=\"font-size: medium;\">Allora i treni erano lenti, niente Alta Velocit\u00e0 e quando si viaggiava si facevano alzatacce: il treno del Papa \u2013 con la motrice a vapore e il bel pennacchio di fumo che si buttava alle spalle, un po\u2019 come le comete dei presepi \u2013 si era mosso alle 6,30 dalla Stazione Vaticana ed era arrivato alla stazione di Loreto poco prima di mezzogiorno. <\/span><\/span><\/span><\/span><\/p>\n<p><span style=\"font-family: Consolas,serif;\"><span style=\"font-size: x-small;\"><span style=\"font-family: Times New Roman,serif;\"><span style=\"font-size: medium;\">Felice come un ragazzo in gita, il Papa ottantenne non si stancava di affacciarsi alla finestra del treno, ridente e benedicente. Egli era gi\u00e0 malato di tumore allo stomaco ma quel sorriso, quella festa di un uomo che risponde alla festa di un popolo non la dimenticheremo. Resta come l\u2019immagine simbolo della primavera del Concilio. <\/span><\/span><\/span><\/span><\/p>\n<p><span style=\"font-family: Consolas,serif;\"><span style=\"font-size: x-small;\"><span style=\"font-family: Times New Roman,serif;\"><span style=\"font-size: medium;\"><strong>Luigi Accattoli<\/strong><\/span><\/span><\/span><\/span><\/p>\n<p><span style=\"font-family: Consolas,serif;\"><span style=\"font-size: x-small;\"><span style=\"font-family: Times New Roman,serif;\"><span style=\"font-size: medium;\">www.luigiaccattoli.it <\/span><\/span><\/span><\/span><\/p>\n","protected":false},"excerpt":{"rendered":"<p>Pubblicato da LIBRAL il 5 ottobre 2012 alle pagine 14 e 15 con il titolo \u201cSfida sul Concilio\u201d &nbsp; Ero nella piazza del Santuario di Loreto quando vi and\u00f2 Papa&#8230;<\/p>\n<div class=\"more-link-wrapper\"><a class=\"more-link\" href=\"http:\/\/www.luigiaccattoli.it\/blog\/articoli-di-liberal\/ero-a-loreto-con-papa-giovanni-mezzo-secolo-fa\/\">Read More<span class=\"screen-reader-text\">Ero a Loreto con Papa Giovanni mezzo secolo fa<\/span><\/a><\/div>\n","protected":false},"author":1,"featured_media":0,"parent":7659,"menu_order":0,"comment_status":"open","ping_status":"closed","template":"","meta":{"_monsterinsights_skip_tracking":false,"_monsterinsights_sitenote_active":false,"_monsterinsights_sitenote_note":"","_monsterinsights_sitenote_category":0,"footnotes":""},"class_list":["post-9875","page","type-page","status-publish","hentry","excerpt"],"_links":{"self":[{"href":"http:\/\/www.luigiaccattoli.it\/blog\/wp-json\/wp\/v2\/pages\/9875","targetHints":{"allow":["GET"]}}],"collection":[{"href":"http:\/\/www.luigiaccattoli.it\/blog\/wp-json\/wp\/v2\/pages"}],"about":[{"href":"http:\/\/www.luigiaccattoli.it\/blog\/wp-json\/wp\/v2\/types\/page"}],"author":[{"embeddable":true,"href":"http:\/\/www.luigiaccattoli.it\/blog\/wp-json\/wp\/v2\/users\/1"}],"replies":[{"embeddable":true,"href":"http:\/\/www.luigiaccattoli.it\/blog\/wp-json\/wp\/v2\/comments?post=9875"}],"version-history":[{"count":2,"href":"http:\/\/www.luigiaccattoli.it\/blog\/wp-json\/wp\/v2\/pages\/9875\/revisions"}],"predecessor-version":[{"id":9896,"href":"http:\/\/www.luigiaccattoli.it\/blog\/wp-json\/wp\/v2\/pages\/9875\/revisions\/9896"}],"up":[{"embeddable":true,"href":"http:\/\/www.luigiaccattoli.it\/blog\/wp-json\/wp\/v2\/pages\/7659"}],"wp:attachment":[{"href":"http:\/\/www.luigiaccattoli.it\/blog\/wp-json\/wp\/v2\/media?parent=9875"}],"curies":[{"name":"wp","href":"https:\/\/api.w.org\/{rel}","templated":true}]}}