{"id":9908,"date":"2012-10-09T18:18:37","date_gmt":"2012-10-09T16:18:37","guid":{"rendered":"http:\/\/www.luigiaccattoli.it\/blog\/?page_id=9908"},"modified":"2012-10-09T18:18:37","modified_gmt":"2012-10-09T16:18:37","slug":"spennato-il-%e2%80%9ccorvo%e2%80%9d-il-buio-e-piu-fitto-di-prima","status":"publish","type":"page","link":"http:\/\/www.luigiaccattoli.it\/blog\/articoli-di-liberal\/spennato-il-%e2%80%9ccorvo%e2%80%9d-il-buio-e-piu-fitto-di-prima\/","title":{"rendered":"Spennato il \u201ccorvo\u201d il buio \u00e8 pi\u00f9 fitto di prima"},"content":{"rendered":"<p><span style=\"font-family: Times New Roman,serif;\"><span style=\"font-size: medium;\"><em>Pubblicato da LIBERAL il 9 ottobre 2012 <\/em><\/span><\/span><\/p>\n<p><span style=\"font-family: Times New Roman,serif;\"><span style=\"font-size: medium;\">Spennato il corvo, con tanto di condanna a tre anni dimezzati dalle attenuanti, il buio \u00e8 pi\u00f9 fitto di prima. Sar\u00e0 per l\u2019effetto oscurit\u00e0 che le tante penne e piume, tutte di colore nero, hanno proiettato, in immagine, intorno alla papamobile con sopra Paolo Gabriele accanto a Benedetto XVI che viene continuamente riproposta dai telegiornali. O sar\u00e0 perch\u00e8 si \u00e8 indagato sul furto senza approfondire il perch\u00e9 e il percome. Ma davvero abbiamo saputo poco e nulla, io direi, di ci\u00f2 che conta. <\/span><\/span><\/p>\n<p><span style=\"font-family: Times New Roman,serif;\"><span style=\"font-size: medium;\">E\u2019 bene che il processo sia stato fatto, con sostanziale pubblicit\u00e0 degli atti istruttori e del dibattimento, ma forse non \u00e8 un bene che sia stato cos\u00ec rapido. E sar\u00e0 sicuramente un male se tutto finir\u00e0 qui, come purtroppo al momento siamo indotti a immaginare. Magari con il sigillo rituale del perdono del Papa all\u2019infedele \u201caiutante\u201d. <\/span><\/span><\/p>\n<p><span style=\"font-family: Times New Roman,serif;\"><span style=\"font-size: medium;\">Positivo \u00e8 il fatto che siano stati pubblicati per intero \u2013 il 13 agosto \u2013 il <\/span><\/span><span style=\"font-family: Times New Roman,serif;\"><span style=\"font-size: medium;\"><em>Rapporto del promotore di giustizia<\/em><\/span><\/span><span style=\"font-family: Times New Roman,serif;\"><span style=\"font-size: medium;\"> e la <\/span><\/span><span style=\"font-family: Times New Roman,serif;\"><span style=\"font-size: medium;\"><em>Sentenza di rinvio a giudizio<\/em><\/span><\/span><span style=\"font-family: Times New Roman,serif;\"><span style=\"font-size: medium;\"> del giudice istruttore. Positiva la presenza a ognuna delle cinque udienze di dieci giornalisti. Ma \u00e8 stato un bene che il tutto sia stato fatto con tanta fretta? C\u2019erano buone ragioni per andare celeri, facilmente intuibili. Si era deciso di procedere per la sola accusa di \u201cfurto aggravato\u201d delle carte e dunque era ragionevole che venissero evitati sconfinamenti verso altre questioni; l\u2019accusato inoltre non negava il fatto. <\/span><\/span><\/p>\n<p><span style=\"font-family: Times New Roman,serif;\"><span style=\"font-size: medium;\">C\u2019era poi l\u2019opportunit\u00e0 di arrivare alla sentenza prima dell\u2019inizio del Sinodo dei vescovi sulla Nuova Evangelizzazione: la celebrazione di apertura \u00e8 avvenuta domenica 7, la sentenza su Paolo Gabriele \u00e8 arrivata sabato 6. Un\u2019opportunit\u00e0 riconoscibile da ognuno, ma che forse ha contribuito a impedire l\u2019approfondimento del contesto e delle motivazioni del fatto che era sotto giudizio. <\/span><\/span><\/p>\n<p><span style=\"font-family: Times New Roman,serif;\"><span style=\"font-size: medium;\">Paolo Gabriele ha ammesso di aver \u201ctradito la fiducia del Papa\u201d: ma \u00e8 stato giusto evitare di approfondire le sue ragioni? \u201cSi attenga al fatto\u201d gli ha detto secco il presidente del tribunale, il puntualissimo Giuseppe Dalla Torre, quando l\u2019imputato ha nominato le persone con le quali aveva \u201cragionato\u201d della sua percezione di un\u2019esposizione del Papa alla \u201cmanipolazione\u201d da parte dei collaboratori. <\/span><\/span><\/p>\n<p><span style=\"font-family: Times New Roman,serif;\"><span style=\"font-size: medium;\">Terremo scomodissimo, \u00e8 pi\u00f9 che evidente, ma si pu\u00f2 evitare di affrontarlo se si mira alla \u201ccomprensione\u201d del fatto? Tanto pi\u00f9 che tra le attenuanti concesse a Gabriele il dispositivo della sentenza ne segnala una che a quelle sue conversazioni \u00e8 strettamente connessa: \u201cIl convincimento soggettivo \u2013 sia pure erroneo \u2013 indicato dall\u2019imputato quale movente della sua condotta\u201d. <\/span><\/span><\/p>\n<p><span style=\"font-family: Times New Roman,serif;\"><span style=\"font-size: medium;\">Il Tribunale dunque ha creduto all\u2019affermazione dell\u2019imputato di aver agito da solo e per amore della Chiesa dopo aver constatato quanto succedeva\u00a0 al suo interno. \u201cSono stato suggestionato \u2013 aveva dichiarato Gabriele nella fase istruttoria e ha confermato nel dibattimento \u2013 da circostanze ambientali (\u2026). Ho avuto molti contatti, confidenze ricevute anche dai cardinali Sardi e Comastri\u201d. <\/span><\/span><\/p>\n<p><span style=\"font-family: Times New Roman,serif;\"><span style=\"font-size: medium;\">Che possono aver detto a Paolo Gabriele i due cardinali e le altre persone da lui nominate? L\u2019imputato ha chiarito che non li indicava come corresponsabili del trafugamento delle carte, o comunque come suoi complici e dunque non c\u2019era motivo di sottoporli a indagine, ma non sarebbe stato utile ascoltarli? E ascoltare innanzitutto quanto l\u2019imputato aveva intenzione di dire?<\/span><\/span><\/p>\n<p><span style=\"font-family: Times New Roman,serif;\"><span style=\"font-size: medium;\">Tra le \u201ccarte\u201d pubblicate da Nuzzi, a lui trasmesse dal \u201ccorvo\u201d Gabriele, c\u2019\u00e8 una lettera del cardinale Paolo Sardi al Papa \u2013 in data 5 febbraio 2009: \u00e8 riportata alle pagine 160s \u2013 che descrive le \u201cvoci critiche che da qualche tempo si levano in varie parti della Chiesa\u201d circa \u201clo scoordinamento e la confusione che regnano al suo centro\u201d e di ci\u00f2 esplicitamente accusa il cardinale Bertone Segretario di Stato. Personalmente avrei trovato interessante ascoltare Gabriele che ricostruisce le sue \u201cconversazioni\u201d con Sardi e \u2013 se possibile \u2013 Sardi che dice la sua in materia. <\/span><\/span><\/p>\n<p><span style=\"font-family: Times New Roman,serif;\"><span style=\"font-size: medium;\">Perch\u00e9 gli scontri nella Curia Romana ci sono stati e questi scontri hanno \u201csuggestionato\u201d Gabriele e lo stesso Tribunale riconosce che quella suggestione \u201criduce\u201d la sua responsabilit\u00e0 penale: perch\u00e9 non chiarirla dunque? Lo stesso interrogativo lo pongo per il \u201cdirettore spirituale\u201d di Paolo Gabriele, del quale abbiamo saputo il nome, ma che il tribunale ha ritenuto di non dover ascoltare: si chiama Giovanni Luzi, ricevette in copia da Gabriele le carte \u201cpassate\u201d al giornalista Nuzzi ed ebbe a suggerirgli di continuare a negare d\u2019essere il \u201ctrafugatore\u201d a meno che non fosse interrogato dal Papa.<\/span><\/span><\/p>\n<p><span style=\"font-family: Times New Roman,serif;\"><span style=\"font-size: medium;\">Seguo da quarant\u2019anni il mondo vaticano e credo di intuire che possa significare questa dinamica: uno va da un prete e gli dice pi\u00f9 o meno che sta passando documenti riservati a un giornalista e che per questo \u00e8 \u201csotto inchiesta\u201d, gli fornisce copia dei documenti, gli chiede che debba fare. Il prete in sostanza gli risponde che pu\u00f2 anche \u201cnegare\u201d il fatto. E noi concludiamo che non ci interessa interrogarlo? N\u00e9 ci interessa avere una pi\u00f9 dettagliata referenza delle sue parole dall\u2019imputato? <\/span><\/span><\/p>\n<p><span style=\"font-family: Times New Roman,serif;\"><span style=\"font-size: medium;\">Lascio al lettore la risposta e vengo all\u2019ultima questione che riguarda il rapporto della commissione cardinalizia voluta dal Papa per indagare sulla vicenda. I tre cardinali Herranz, De Giorgi e Tomko hanno interrogato una trentina di persone, con un lavoro che si protrasse per dense settimane la scorsa primavera e infine consegnarono un rapporto al Papa. A suo tempo fu detto che quel rapporto non poteva essere pubblicato prima del processo all\u2019aiutante di camera per non influenzarne l\u2019esito: ed era una motivazione ragionevole. Ma ora che il processo \u00e8 concluso, non sarebbe opportuno pubblicarlo? <\/span><\/span><\/p>\n<p><span style=\"font-family: Times New Roman,serif;\"><span style=\"font-size: medium;\">Per novembre \u00e8 previsto il processo per \u201cfavoreggiamento\u201d contro l\u2019informatico Claudio Sciarpelletti, ma possiamo stare certi che da l\u00ec verr\u00e0 ancor meno che dal processo a Gabrile. All\u2019orizzonte c\u2019\u00e8 poi un prosieguo delle indagini su Gabriele ed eventuali altri a riguardo dei reati pi\u00f9 gravi che non sono stati esaminati in questo processo: <\/span><\/span><span style=\"font-family: Times New Roman,serif;\"><span style=\"font-size: medium;\">delitti contro i poteri dello Stato,<\/span><\/span><span style=\"font-family: Times New Roman,serif;\"><span style=\"font-size: medium;\">vilipendio delle istituzioni, diffamazione,<\/span><\/span><span style=\"font-family: Times New Roman,serif;\"><span style=\"font-size: medium;\">concorso di pi\u00f9 persone in reato,<\/span><\/span><span style=\"font-family: Times New Roman,serif;\"><span style=\"font-size: medium;\">inviolabilit\u00e0 dei segreti<\/span><\/span><span style=\"font-family: Times New Roman,serif;\"><span style=\"font-size: medium;\">. Nulla \u00e8 stato detto sullo stato di quell\u2019istruttoria. Su di essa abbiamo solo le affermazioni allontananti contenute nella <\/span><\/span><span style=\"font-family: Times New Roman,serif;\"><span style=\"font-size: medium;\"><em>Sentenza di rinvio a giudizio <\/em><\/span><\/span><span style=\"font-family: Times New Roman,serif;\"><span style=\"font-size: medium;\">che disponendo lo stralcio dell\u2019accusa di \u201cfurto aggravato\u201d argomentava sul \u201cmolteplice e complesso contesto istruttorio\u201d relativo alle altre imputazioni \u201csuscettibile di durare molto tempo\u201d.<\/span><\/span><\/p>\n<p><span style=\"font-family: Times New Roman,serif;\"><span style=\"font-size: medium;\">Sembrano parole mandate avanti per aprire la strada a un\u2019archiviazione generale, una volta che Paolo Gabriele sia graziato, o abbia scontato la pena e non sia emersa \u2013 nel frattempo \u2013 una conclamata corresponsabilit\u00e0 altrui, che al momento l\u2019accusato esclude, esclusione che i giudici prendono \u2013 provvisoriamente \u2013 per buona. <\/span><\/span><\/p>\n<p>\u201c<span style=\"font-family: Times New Roman,serif;\"><span style=\"font-size: medium;\">Credo alla sincerit\u00e0 di Gabriele e persino alla sua straordinaria ingenuit\u00e0\u201d ha detto al \u201cCorriere della Sera\u201d il perito Tonino Cantelmi responsabile della perizia psichiatrica della difesa. Anch\u2019io, da lontano, credo che Gabriele vada preso sul serio quando dice che ha fatto tutto da solo, ma credo che vada preso sul serio anche quando dice che \u00e8 stato \u201csuggestionato da circostanze ambientali, in particolare dalla situazione di uno Stato nel quale c\u2019erano delle condizioni che determinavano scandalo per la fede, che alimentavano una serie di misteri non risolti e che destavano diffusi malumori\u201d. E\u2019 qui che si dovrebbe indagare. <\/span><\/span><\/p>\n<p><span style=\"font-family: Times New Roman,serif;\"><span style=\"font-size: medium;\">Ci sono state o no lotte tra gruppi curiali che hanno cercato di ottenere la sostituzione del cardinale Segretario di Stato Bertone e che hanno portato al trasferimento dell\u2019arcivescovo Vigan\u00f2 dal Governatorato alla Nunziatura a Washington e alla \u201csfiducia\u201d di Gotti Tedeschi presidente dell\u2019Ior? Nella sua ingenuit\u00e0 e influenzabilit\u00e0, Paolo Gabriele era \u201csuggestionato\u201d dalle referenze riguardo a tali lotte e pensava di aiutare il Papa divulgandole. <\/span><\/span><\/p>\n<p><span style=\"font-family: Times New Roman,serif;\"><span style=\"font-size: medium;\">Quella divulgazione \u00e8 stata definita \u201cun atto di gravit\u00e0 inaudita\u201d dal Segretario di Stato cardinale Bertone il 18 giugno e non credo che la sua conoscenza e la sua sanzione possano ritenersi complete con la condanna a un anno e mezzo del povero \u201ccorvo\u201d. Credo che qualcosa di quella \u201csuggestione ambientale\u201d vada ricostruita perch\u00e9 non si abbia l\u2019impressione, planetaria, che la vicenda \u00e8 stata ridimensionata ad arte. Credo che nessuno degli osservatori si faccia illusioni sulla continuazione delle indagini, ma credo che tutti auspichino quantomeno la pubblicazione del rapporto dei cardinali. <\/span><\/span><\/p>\n<p><span style=\"font-family: Times New Roman,serif;\"><span style=\"font-size: medium;\"><strong>Luigi Accattoli<\/strong><\/span><\/span><\/p>\n<p><span style=\"font-family: Times New Roman,serif;\"><span style=\"font-size: medium;\">www.luigiaccattoli.it<\/span><\/span><\/p>\n","protected":false},"excerpt":{"rendered":"<p>Pubblicato da LIBERAL il 9 ottobre 2012 Spennato il corvo, con tanto di condanna a tre anni dimezzati dalle attenuanti, il buio \u00e8 pi\u00f9 fitto di prima. Sar\u00e0 per l\u2019effetto&#8230;<\/p>\n<div class=\"more-link-wrapper\"><a class=\"more-link\" href=\"http:\/\/www.luigiaccattoli.it\/blog\/articoli-di-liberal\/spennato-il-%e2%80%9ccorvo%e2%80%9d-il-buio-e-piu-fitto-di-prima\/\">Read More<span class=\"screen-reader-text\">Spennato il \u201ccorvo\u201d il buio \u00e8 pi\u00f9 fitto di prima<\/span><\/a><\/div>\n","protected":false},"author":1,"featured_media":0,"parent":7659,"menu_order":0,"comment_status":"open","ping_status":"closed","template":"","meta":{"_monsterinsights_skip_tracking":false,"_monsterinsights_sitenote_active":false,"_monsterinsights_sitenote_note":"","_monsterinsights_sitenote_category":0,"footnotes":""},"class_list":["post-9908","page","type-page","status-publish","hentry","excerpt"],"_links":{"self":[{"href":"http:\/\/www.luigiaccattoli.it\/blog\/wp-json\/wp\/v2\/pages\/9908","targetHints":{"allow":["GET"]}}],"collection":[{"href":"http:\/\/www.luigiaccattoli.it\/blog\/wp-json\/wp\/v2\/pages"}],"about":[{"href":"http:\/\/www.luigiaccattoli.it\/blog\/wp-json\/wp\/v2\/types\/page"}],"author":[{"embeddable":true,"href":"http:\/\/www.luigiaccattoli.it\/blog\/wp-json\/wp\/v2\/users\/1"}],"replies":[{"embeddable":true,"href":"http:\/\/www.luigiaccattoli.it\/blog\/wp-json\/wp\/v2\/comments?post=9908"}],"version-history":[{"count":1,"href":"http:\/\/www.luigiaccattoli.it\/blog\/wp-json\/wp\/v2\/pages\/9908\/revisions"}],"predecessor-version":[{"id":9909,"href":"http:\/\/www.luigiaccattoli.it\/blog\/wp-json\/wp\/v2\/pages\/9908\/revisions\/9909"}],"up":[{"embeddable":true,"href":"http:\/\/www.luigiaccattoli.it\/blog\/wp-json\/wp\/v2\/pages\/7659"}],"wp:attachment":[{"href":"http:\/\/www.luigiaccattoli.it\/blog\/wp-json\/wp\/v2\/media?parent=9908"}],"curies":[{"name":"wp","href":"https:\/\/api.w.org\/{rel}","templated":true}]}}